{"id":10720,"date":"2017-01-30T12:09:06","date_gmt":"2017-01-30T12:09:06","guid":{"rendered":"https:\/\/twsites.com.br\/novomigcenter\/?product=carro-self-service-cheff-ibet"},"modified":"2017-01-30T12:09:06","modified_gmt":"2017-01-30T12:09:06","slug":"carro-self-service-cheff-ibet","status":"publish","type":"product","link":"https:\/\/twsites.com.br\/novomigcenter\/?product=carro-self-service-cheff-ibet","title":{"rendered":"Self Service Cheff IBET"},"content":{"rendered":"<p><span style=\"font-weight: bold;\"><font face=\"Arial\">Descri\u00e7\u00e3o do Produtos<\/font><\/span><\/p>\n<p><font face=\"Arial\">Constru\u00eddo em a\u00e7o inox escovado AISI430, cubas gastron\u00f4micas (GNs) em a\u00e7o inox AISI304, estrutura em chapa de a\u00e7o carbono com pintura eletrost\u00e1tica, rod\u00edzios com travas, protetor salivar em a\u00e7o inox escovado AISI430 e ilumina\u00e7\u00e3o fluorescente.&nbsp;<br \/><\/font><\/p>\n<p><font face=\"Arial\">Voltagem 110V ou 220V.<\/font><\/p>\n<p><font face=\"Arial\"><span style=\"font-weight: bold;\">Modelo T\u00e9rmico<\/span><br \/><\/font><\/p>\n<p><font face=\"Arial\">Resist\u00eancia 2.000W a 2.500W<\/font><\/p>\n<p><font face=\"Arial\">L\u00e2mpada piloto<\/font><\/p>\n<p><font face=\"Arial\">Termostato do tipo capilar de bulbo (20\u00b0C a 120\u00b0C)<\/font><\/p>\n<p><font face=\"Arial\"><span style=\"font-weight: bold;\">Modelo Salada<\/span><br \/><\/font><\/p>\n<p><font face=\"Arial\">Gelo-x.<\/font><\/p>\n<p><font face=\"Arial\"><span style=\"font-weight: bold;\">Modelo Refrigerado<\/span><br \/><\/font><\/p>\n<p><font face=\"Arial\">Compressor herm\u00e9tico 1\/6.<\/font><\/p>\n<p><font face=\"Arial\">(Pot\u00eancia 1.6HP e Consumo 0,73Kcal\/Wh)<\/font><\/p>\n<p><font face=\"Arial\"><span style=\"font-weight: bold;\">Opcionais&nbsp;<\/span><br \/><\/font><\/p>\n<p><font face=\"Arial\">Protetor salivar em vidro 8mm&nbsp;<\/font><\/p>\n<p><font face=\"Arial\">Corre prato em a\u00e7o inox escovado AISI430<\/font><\/p>\n<p><font face=\"Arial\"><br \/><\/font><\/p>\n<p><span style=\"font-weight: bold;\"><font face=\"Arial\">Especifica\u00e7\u00f5es do produto<\/font><\/span><\/p>\n<p><font face=\"Arial\"><br \/><\/font><\/p>\n<table class=\"table table-bordered\">\n<tbody>\n<tr>\n<td><font face=\"Arial\"><br \/><\/font><\/td>\n<td><font face=\"Arial\">C x P x A<\/font><\/td>\n<td><font face=\"Arial\">Pot\u00eancia<\/font><\/td>\n<td><font face=\"Arial\">Pot\u00eancia<br \/><\/font><\/td>\n<td><font face=\"Arial\">Consumo<\/font><\/td>\n<td><font face=\"Arial\">Consumo<\/font><\/td>\n<\/tr>\n<tr>\n<td><font face=\"Arial\"><br \/><\/font><\/td>\n<td><font face=\"Arial\"><br \/><\/font><\/td>\n<td><font face=\"Arial\">110V<\/font><\/td>\n<td><font face=\"Arial\">220V<\/font><\/td>\n<td><font face=\"Arial\">110V<\/font><\/td>\n<td><font face=\"Arial\">220V<\/font><\/td>\n<\/tr>\n<tr>\n<td><font face=\"Arial\">SC 06GNs<br \/><\/font><\/td>\n<td><font face=\"Arial\">1.120 x 595 x 1.255<br \/><\/font><\/td>\n<td><font face=\"Arial\">2.000W<br \/><\/font><\/td>\n<td><font face=\"Arial\">2.500W<br \/><\/font><\/td>\n<td><font face=\"Arial\">2,0kW\/h<br \/><\/font><\/td>\n<td><font face=\"Arial\">2,5kW\/h<br \/><\/font><\/td>\n<\/tr>\n<tr>\n<td><font face=\"Arial\">SC 08GNs<br \/><\/font><\/td>\n<td><font face=\"Arial\">1.445 x 595 x 1.255<br \/><\/font><\/td>\n<td><font face=\"Arial\">2.000W<br \/><\/font><\/td>\n<td><font face=\"Arial\">2.500W<br \/><\/font><\/td>\n<td><font face=\"Arial\">2,0kW\/h<br \/><\/font><\/td>\n<td><font face=\"Arial\">2,5kW\/h<br \/><\/font><\/td>\n<\/tr>\n<tr>\n<td><font face=\"Arial\">SC 10GNs<br \/><\/font><\/td>\n<td><font face=\"Arial\">1.770 x 595 x 1.255<br \/><\/font><\/td>\n<td><font face=\"Arial\">2.000W<br \/><\/font><\/td>\n<td><font face=\"Arial\">2.500W<br \/><\/font><\/td>\n<td><font face=\"Arial\">2,0kW\/h<br \/><\/font><\/td>\n<td><font face=\"Arial\">2,5kW\/h<br \/><\/font><\/td>\n<\/tr>\n<tr>\n<td><font face=\"Arial\">SC 12GNs<br \/><\/font><\/td>\n<td style=\"text-align: left;\"><font face=\"Arial\">2098 x 595 x 1255<\/font><\/td>\n<td><font face=\"Arial\">2.000W<br \/><\/font><\/td>\n<td><font face=\"Arial\">2.500W<br \/><\/font><\/td>\n<td><font face=\"Arial\">2,0kW\/h<br \/><\/font><\/td>\n<td><font face=\"Arial\">2,5kW\/h<\/font><\/td>\n<\/tr>\n<\/tbody>\n<\/table>\n<p><\/p>\n","protected":false},"excerpt":{"rendered":"<p>Descri\u00e7\u00e3o do Produtos Constru\u00eddo em a\u00e7o inox escovado AISI430, cubas gastron\u00f4micas (GNs) em a\u00e7o inox AISI304, estrutura em chapa de a\u00e7o carbono com pintura eletrost\u00e1tica, rod\u00edzios com travas, protetor salivar em a\u00e7o inox escovado AISI430 e ilumina\u00e7\u00e3o fluorescente.&nbsp; Voltagem 110V ou 220V. Modelo T\u00e9rmico Resist\u00eancia 2.000W a 2.500W L\u00e2mpada piloto Termostato do tipo capilar de [&hellip;]<\/p>\n","protected":false},"featured_media":10719,"comment_status":"open","ping_status":"closed","template":"","meta":[],"product_brand":[],"product_cat":[350],"product_tag":[],"class_list":{"0":"post-10720","1":"product","2":"type-product","3":"status-publish","4":"has-post-thumbnail","6":"product_cat-buffet-termico","8":"first","9":"instock","10":"shipping-taxable","11":"purchasable","12":"product-type-simple"},"_links":{"self":[{"href":"https:\/\/twsites.com.br\/novomigcenter\/index.php?rest_route=\/wp\/v2\/product\/10720","targetHints":{"allow":["GET"]}}],"collection":[{"href":"https:\/\/twsites.com.br\/novomigcenter\/index.php?rest_route=\/wp\/v2\/product"}],"about":[{"href":"https:\/\/twsites.com.br\/novomigcenter\/index.php?rest_route=\/wp\/v2\/types\/product"}],"replies":[{"embeddable":true,"href":"https:\/\/twsites.com.br\/novomigcenter\/index.php?rest_route=%2Fwp%2Fv2%2Fcomments&post=10720"}],"wp:featuredmedia":[{"embeddable":true,"href":"https:\/\/twsites.com.br\/novomigcenter\/index.php?rest_route=\/wp\/v2\/media\/10719"}],"wp:attachment":[{"href":"https:\/\/twsites.com.br\/novomigcenter\/index.php?rest_route=%2Fwp%2Fv2%2Fmedia&parent=10720"}],"wp:term":[{"taxonomy":"product_brand","embeddable":true,"href":"https:\/\/twsites.com.br\/novomigcenter\/index.php?rest_route=%2Fwp%2Fv2%2Fproduct_brand&post=10720"},{"taxonomy":"product_cat","embeddable":true,"href":"https:\/\/twsites.com.br\/novomigcenter\/index.php?rest_route=%2Fwp%2Fv2%2Fproduct_cat&post=10720"},{"taxonomy":"product_tag","embeddable":true,"href":"https:\/\/twsites.com.br\/novomigcenter\/index.php?rest_route=%2Fwp%2Fv2%2Fproduct_tag&post=10720"}],"curies":[{"name":"wp","href":"https:\/\/api.w.org\/{rel}","templated":true}]}}