{"id":10728,"date":"2017-01-30T14:30:59","date_gmt":"2017-01-30T14:30:59","guid":{"rendered":"https:\/\/twsites.com.br\/novomigcenter\/?product=estante-lisa-promaq"},"modified":"2017-01-30T14:30:59","modified_gmt":"2017-01-30T14:30:59","slug":"estante-lisa-promaq","status":"publish","type":"product","link":"https:\/\/twsites.com.br\/novomigcenter\/?product=estante-lisa-promaq","title":{"rendered":"Estante Lisa PROMAQ"},"content":{"rendered":"<p><font face=\"Arial\"><span style=\"font-weight: bold;\">Descri\u00e7\u00e3o do Produto<\/span><br \/><\/font><\/p>\n<table class=\"table table-bordered\" style=\"background-color: rgb(255, 255, 255); width: 1440px;\">\n<tbody>\n<tr>\n<td><span style=\"font-weight: bold;\"><font face=\"Arial\">Modelos Estantes<br \/><\/font><\/span><\/td>\n<td><span style=\"font-weight: bold;\"><font face=\"Arial\"><br \/><\/font><\/span><\/td>\n<td><span style=\"font-weight: bold;\"><font face=\"Arial\"><br \/><\/font><\/span><\/td>\n<\/tr>\n<tr>\n<td><span style=\"font-weight: bold;\"><font face=\"Arial\">Dimens\u00f5es em mm<br \/><\/font><\/span><\/td>\n<td><span style=\"font-weight: bold;\"><font face=\"Arial\"><br \/><\/font><\/span><\/td>\n<td><span style=\"font-weight: bold;\"><font face=\"Arial\"><br \/><\/font><\/span><\/td>\n<\/tr>\n<tr>\n<td><font face=\"Arial\"><span style=\"font-weight: bold;\">Externas<\/span><br \/><\/font><\/td>\n<td><font face=\"Arial\"><br \/><\/font><\/td>\n<td><font face=\"Arial\"><br \/><\/font><\/td>\n<\/tr>\n<tr>\n<td><font face=\"Arial\">Largura<\/font><\/td>\n<td><font face=\"Arial\">Profundidade<\/font><\/td>\n<td><font face=\"Arial\">Altura<\/font><\/td>\n<\/tr>\n<tr>\n<td><font face=\"Arial\">1000<\/font><\/td>\n<td><font face=\"Arial\">400<\/font><\/td>\n<td><font face=\"Arial\">1650<\/font><\/td>\n<\/tr>\n<tr>\n<td><font face=\"Arial\">1200<\/font><\/td>\n<td><font face=\"Arial\">400<\/font><\/td>\n<td><font face=\"Arial\">1650<\/font><\/td>\n<\/tr>\n<tr>\n<td><font face=\"Arial\">1500<\/font><\/td>\n<td><font face=\"Arial\">400<\/font><\/td>\n<td><font face=\"Arial\">1650<\/font><\/td>\n<\/tr>\n<tr>\n<td><font face=\"Arial\">2000<\/font><\/td>\n<td><font face=\"Arial\">400<\/font><\/td>\n<td>1650<\/td>\n<\/tr>\n<\/tbody>\n<\/table>\n","protected":false},"excerpt":{"rendered":"<p>Descri\u00e7\u00e3o do Produto Modelos Estantes Dimens\u00f5es em mm Externas Largura Profundidade Altura 1000 400 1650 1200 400 1650 1500 400 1650 2000 400 1650<\/p>\n","protected":false},"featured_media":10727,"comment_status":"open","ping_status":"closed","template":"","meta":[],"product_brand":[],"product_cat":[352],"product_tag":[],"class_list":{"0":"post-10728","1":"product","2":"type-product","3":"status-publish","4":"has-post-thumbnail","6":"product_cat-estante","8":"first","9":"instock","10":"shipping-taxable","11":"purchasable","12":"product-type-simple"},"_links":{"self":[{"href":"https:\/\/twsites.com.br\/novomigcenter\/index.php?rest_route=\/wp\/v2\/product\/10728","targetHints":{"allow":["GET"]}}],"collection":[{"href":"https:\/\/twsites.com.br\/novomigcenter\/index.php?rest_route=\/wp\/v2\/product"}],"about":[{"href":"https:\/\/twsites.com.br\/novomigcenter\/index.php?rest_route=\/wp\/v2\/types\/product"}],"replies":[{"embeddable":true,"href":"https:\/\/twsites.com.br\/novomigcenter\/index.php?rest_route=%2Fwp%2Fv2%2Fcomments&post=10728"}],"wp:featuredmedia":[{"embeddable":true,"href":"https:\/\/twsites.com.br\/novomigcenter\/index.php?rest_route=\/wp\/v2\/media\/10727"}],"wp:attachment":[{"href":"https:\/\/twsites.com.br\/novomigcenter\/index.php?rest_route=%2Fwp%2Fv2%2Fmedia&parent=10728"}],"wp:term":[{"taxonomy":"product_brand","embeddable":true,"href":"https:\/\/twsites.com.br\/novomigcenter\/index.php?rest_route=%2Fwp%2Fv2%2Fproduct_brand&post=10728"},{"taxonomy":"product_cat","embeddable":true,"href":"https:\/\/twsites.com.br\/novomigcenter\/index.php?rest_route=%2Fwp%2Fv2%2Fproduct_cat&post=10728"},{"taxonomy":"product_tag","embeddable":true,"href":"https:\/\/twsites.com.br\/novomigcenter\/index.php?rest_route=%2Fwp%2Fv2%2Fproduct_tag&post=10728"}],"curies":[{"name":"wp","href":"https:\/\/api.w.org\/{rel}","templated":true}]}}