{"id":10734,"date":"2017-01-31T11:42:18","date_gmt":"2017-01-31T11:42:18","guid":{"rendered":"https:\/\/twsites.com.br\/novomigcenter\/?product=forno-combinado-cgmax-11-pratica"},"modified":"2017-01-31T11:42:18","modified_gmt":"2017-01-31T11:42:18","slug":"forno-combinado-cgmax-11-pratica","status":"publish","type":"product","link":"https:\/\/twsites.com.br\/novomigcenter\/?product=forno-combinado-cgmax-11-pratica","title":{"rendered":"Forno Combinado \u00e0 G\u00e1s 11 GN&#8217;s 1\/1 Modelo CG-Max11 &#8211; Pr\u00e1tica Fornos"},"content":{"rendered":"<p>Forno Combinado a g\u00e1s<br \/> <strong>Capacidade:<\/strong> 11GN\u2019s 1\/1 \u2013 espa\u00e7o entre as guias de 70mm.<br \/> <strong>Tens\u00e3o: <\/strong>220V monof\u00e1sico<br \/> Dimens\u00f5es (alt. \u00d7 larg. \u00d7 prof.): 1200mm x 1061mm x 1068mm<\/p>\n<p><\/p>\n<h2 class=\"text-center text-lg-left mb-4 black h2\">CARACTER\u00cdSTICAS<\/h2>\n<p><\/p>\n<div class=\"row\">\n<div class=\"col-lg\">\n<p>\u2192 Constru\u00eddo em a\u00e7o inoxid\u00e1vel.<\/p>\n<p>\u2192 Isolamento em fibra cer\u00e2mica de alta performance e durabilidade.<\/p>\n<p>\u2192 Cantos arredondados e dreno que facilitam a higieniza\u00e7\u00e3o.<\/p>\n<p>\u2192 Sistema coletor de gordura na porta com drenagem cont\u00ednua dentro da calha.<\/p>\n<p>\u2192 Invers\u00e3o de rota\u00e7\u00e3o da turbina (trabalho em sentido hor\u00e1rio e anti-hor\u00e1rio)<\/p>\n<\/p><\/div>\n<div class=\"col-lg\">\n<p>\u2192 Gera\u00e7\u00e3o de vapor com exclusivo sistema Steam Power.<\/p>\n<p>\u2192 Sistema Ecopower para economia de energia.<\/p>\n<p>\u2192 Sonda espeto multiponto para monitoramento da temperatura interna do alimento.<\/p>\n<p>&nbsp;<\/p>\n<\/p><\/div>\n<\/p><\/div>\n<p><\/p>\n<h2 class=\"text-center text-lg-left mb-4 black h2\">FUN\u00c7\u00d5ES<\/h2>\n<p><\/p>\n<div class=\"row\">\n<div class=\"col-lg\">\n<p>\u2192 <strong>Ar Quente:<\/strong> calor seco de 30\u00b0C a 260\u00b0C<\/p>\n<p>\u2192 <strong>Cozinhar no Vapor:<\/strong> temperatura 98\u00b0C e vapor 100%.<\/p>\n<p>\u2192 <strong>Vapor Combinado:<\/strong> ar quente de 30\u00b0C a 260\u00b0C, vapor de 0 a 100%, controle de tempo ou sonda de n\u00facleo.<\/p>\n<p>\u2192 <strong>Regenera\u00e7\u00e3o:<\/strong> modo manual, por sonda ou por tempo.<\/p>\n<p>\u2192 <strong>Vapor Manual:<\/strong> Aplica um jato de vapor na c\u00e2mara, utilizado para prepara\u00e7\u00e3o de p\u00e3es.<\/p>\n<\/p><\/div>\n<div class=\"col-lg\">\n<p>\u2192 <strong>Dumper:<\/strong> para extra\u00e7\u00e3o de umidade da c\u00e2mara.<\/p>\n<p>\u2192 <strong>Minhas Receitas:<\/strong> programa\u00e7\u00e3o de at\u00e9 500 receitas,  com at\u00e9 04 passos independentes com ajuste de par\u00e2metros: temperatura,  vapor, abertura de dumper.<\/p>\n<p>\u2192 <strong>Esfriar forno:<\/strong> esfria o forno at\u00e9 40\u00b0C.<\/p>\n<p>\u2192 Fun\u00e7\u00e3o Higieniza\u00e7\u00e3o.<\/p>\n<p>\u2192 1 ano de garantia para pe\u00e7as e m\u00e3o de obra.<\/p>\n<\/p><\/div>\n<\/p><\/div>\n<p><\/p>\n<h2 class=\"text-center text-lg-left mb-4 black h2\">ACESS\u00d3RIOS OPCIONAIS<\/h2>\n<p><\/p>\n<p>\u2192 Base de apoio.<\/p>\n<p><\/p>\n<p>\u2192 Filtro de \u00e1gua.<\/p>\n<p><\/p>\n<p>\u2192 GN\u2019s<\/p>\n<p><\/p>\n","protected":false},"excerpt":{"rendered":"<p>Forno Combinado a g\u00e1s Capacidade: 11GN\u2019s 1\/1 \u2013 espa\u00e7o entre as guias de 70mm. Tens\u00e3o: 220V monof\u00e1sico Dimens\u00f5es (alt. \u00d7 larg. \u00d7 prof.): 1200mm x 1061mm x 1068mm CARACTER\u00cdSTICAS \u2192 Constru\u00eddo em a\u00e7o inoxid\u00e1vel. \u2192 Isolamento em fibra cer\u00e2mica de alta performance e durabilidade. \u2192 Cantos arredondados e dreno que facilitam a higieniza\u00e7\u00e3o. \u2192 Sistema [&hellip;]<\/p>\n","protected":false},"featured_media":10733,"comment_status":"open","ping_status":"closed","template":"","meta":[],"product_brand":[],"product_cat":[391],"product_tag":[],"class_list":{"0":"post-10734","1":"product","2":"type-product","3":"status-publish","4":"has-post-thumbnail","6":"product_cat-forno-combinado-a-gas","8":"first","9":"instock","10":"shipping-taxable","11":"purchasable","12":"product-type-simple"},"_links":{"self":[{"href":"https:\/\/twsites.com.br\/novomigcenter\/index.php?rest_route=\/wp\/v2\/product\/10734","targetHints":{"allow":["GET"]}}],"collection":[{"href":"https:\/\/twsites.com.br\/novomigcenter\/index.php?rest_route=\/wp\/v2\/product"}],"about":[{"href":"https:\/\/twsites.com.br\/novomigcenter\/index.php?rest_route=\/wp\/v2\/types\/product"}],"replies":[{"embeddable":true,"href":"https:\/\/twsites.com.br\/novomigcenter\/index.php?rest_route=%2Fwp%2Fv2%2Fcomments&post=10734"}],"wp:featuredmedia":[{"embeddable":true,"href":"https:\/\/twsites.com.br\/novomigcenter\/index.php?rest_route=\/wp\/v2\/media\/10733"}],"wp:attachment":[{"href":"https:\/\/twsites.com.br\/novomigcenter\/index.php?rest_route=%2Fwp%2Fv2%2Fmedia&parent=10734"}],"wp:term":[{"taxonomy":"product_brand","embeddable":true,"href":"https:\/\/twsites.com.br\/novomigcenter\/index.php?rest_route=%2Fwp%2Fv2%2Fproduct_brand&post=10734"},{"taxonomy":"product_cat","embeddable":true,"href":"https:\/\/twsites.com.br\/novomigcenter\/index.php?rest_route=%2Fwp%2Fv2%2Fproduct_cat&post=10734"},{"taxonomy":"product_tag","embeddable":true,"href":"https:\/\/twsites.com.br\/novomigcenter\/index.php?rest_route=%2Fwp%2Fv2%2Fproduct_tag&post=10734"}],"curies":[{"name":"wp","href":"https:\/\/api.w.org\/{rel}","templated":true}]}}