{"id":10762,"date":"2017-02-01T12:01:16","date_gmt":"2017-02-01T12:01:16","guid":{"rendered":"https:\/\/twsites.com.br\/novomigcenter\/?product=forno-eletrico-500-esfiha-pizza-promaq"},"modified":"2017-02-01T12:01:16","modified_gmt":"2017-02-01T12:01:16","slug":"forno-eletrico-500-esfiha-pizza-promaq","status":"publish","type":"product","link":"https:\/\/twsites.com.br\/novomigcenter\/?product=forno-eletrico-500-esfiha-pizza-promaq","title":{"rendered":"Forno El\u00e9trico 500 p\/ Pizza e Esfiha &#8211; PROMAQ"},"content":{"rendered":"<p><span style=\"font-weight: bold;\">Descri\u00e7\u00e3o do Produto<\/span><\/p>\n<table class=\"table table-bordered\" style=\"background-color: rgb(255, 255, 255); width: 1440px;\">\n<tbody>\n<tr>\n<td><span style=\"font-weight: bold;\">Modelo 1 C\u00e2mara<\/span><\/td>\n<td><span style=\"font-weight: bold;\">Dimens\u00f5es em mm<\/span><\/td>\n<td><span style=\"font-weight: bold;\">Dimens\u00f5es em mm<br \/><\/span><\/td>\n<td><span style=\"font-weight: bold;\">Dimens\u00f5es em mm<br \/><\/span><\/td>\n<td><span style=\"font-weight: bold;\">Dimens\u00f5es em mm<br \/><\/span><\/td>\n<td><span style=\"font-weight: bold;\">Dimens\u00f5es em mm<br \/><\/span><\/td>\n<td><span style=\"font-weight: bold;\">Dimens\u00f5es em mm<br \/><\/span><\/td>\n<td><span style=\"font-weight: bold;\">Consumo GLP g\/h M\u00e1ximo<\/span><\/td>\n<td><span style=\"font-weight: bold;\">Temp. M\u00e1xima<\/span><\/td>\n<\/tr>\n<tr>\n<td><span style=\"font-weight: bold;\"><br \/><\/span><\/td>\n<td><span style=\"font-weight: bold;\">Internas<\/span><\/td>\n<td><span style=\"font-weight: bold;\">Internas<br \/><\/span><\/td>\n<td><span style=\"font-weight: bold;\">Internas<br \/><\/span><\/td>\n<td><span style=\"font-weight: bold;\">Externas<\/span><\/td>\n<td><span style=\"font-weight: bold;\">Externas<br \/><\/span><\/td>\n<td><span style=\"font-weight: bold;\">Externas<br \/><\/span><\/td>\n<td><span style=\"font-weight: bold;\"><br \/><\/span><\/td>\n<td><span style=\"font-weight: bold;\"><br \/><\/span><\/td>\n<\/tr>\n<tr>\n<td><span style=\"font-weight: bold;\"><br \/><\/span><\/td>\n<td><span style=\"font-weight: bold;\">Largura<\/span><\/td>\n<td><span style=\"font-weight: bold;\">Profundidade<\/span><\/td>\n<td><span style=\"font-weight: bold;\">Altura<\/span><\/td>\n<td><span style=\"font-weight: bold;\">Largura<\/span><\/td>\n<td><span style=\"font-weight: bold;\">Profundidade<\/span><\/td>\n<td><span style=\"font-weight: bold;\">Altura<\/span><\/td>\n<td><span style=\"font-weight: bold;\"><br \/><\/span><\/td>\n<td><\/td>\n<\/tr>\n<tr>\n<td>PROELS-1<\/td>\n<td>450<\/td>\n<td>450<\/td>\n<td>250<\/td>\n<td>660<\/td>\n<td>520<\/td>\n<td>500<\/td>\n<td>3000<\/td>\n<td>500<\/td>\n<\/tr>\n<tr>\n<td>PROELS-2<\/td>\n<td>450<\/td>\n<td>600<\/td>\n<td>250<\/td>\n<td>660<\/td>\n<td>670<\/td>\n<td>500<\/td>\n<td>3000<\/td>\n<td>500<\/td>\n<\/tr>\n<tr>\n<td>PROELS-3<\/td>\n<td>700<\/td>\n<td>600<\/td>\n<td>250<\/td>\n<td>900<\/td>\n<td>670<\/td>\n<td>500<\/td>\n<td>4000<\/td>\n<td>500<\/td>\n<\/tr>\n<tr>\n<td>PROELS-4<\/td>\n<td>900<\/td>\n<td>900<\/td>\n<td>250<\/td>\n<td>1100<\/td>\n<td>970<\/td>\n<td>500<\/td>\n<td>7500<\/td>\n<td>500<\/td>\n<\/tr>\n<\/tbody>\n<\/table>\n","protected":false},"excerpt":{"rendered":"<p>Descri\u00e7\u00e3o do Produto Modelo 1 C\u00e2mara Dimens\u00f5es em mm Dimens\u00f5es em mm Dimens\u00f5es em mm Dimens\u00f5es em mm Dimens\u00f5es em mm Dimens\u00f5es em mm Consumo GLP g\/h M\u00e1ximo Temp. M\u00e1xima Internas Internas Internas Externas Externas Externas Largura Profundidade Altura Largura Profundidade Altura PROELS-1 450 450 250 660 520 500 3000 500 PROELS-2 450 600 250 [&hellip;]<\/p>\n","protected":false},"featured_media":10761,"comment_status":"open","ping_status":"closed","template":"","meta":[],"product_brand":[],"product_cat":[393],"product_tag":[],"class_list":{"0":"post-10762","1":"product","2":"type-product","3":"status-publish","4":"has-post-thumbnail","6":"product_cat-forno-industrial-salamandra","8":"first","9":"instock","10":"shipping-taxable","11":"purchasable","12":"product-type-simple"},"_links":{"self":[{"href":"https:\/\/twsites.com.br\/novomigcenter\/index.php?rest_route=\/wp\/v2\/product\/10762","targetHints":{"allow":["GET"]}}],"collection":[{"href":"https:\/\/twsites.com.br\/novomigcenter\/index.php?rest_route=\/wp\/v2\/product"}],"about":[{"href":"https:\/\/twsites.com.br\/novomigcenter\/index.php?rest_route=\/wp\/v2\/types\/product"}],"replies":[{"embeddable":true,"href":"https:\/\/twsites.com.br\/novomigcenter\/index.php?rest_route=%2Fwp%2Fv2%2Fcomments&post=10762"}],"wp:featuredmedia":[{"embeddable":true,"href":"https:\/\/twsites.com.br\/novomigcenter\/index.php?rest_route=\/wp\/v2\/media\/10761"}],"wp:attachment":[{"href":"https:\/\/twsites.com.br\/novomigcenter\/index.php?rest_route=%2Fwp%2Fv2%2Fmedia&parent=10762"}],"wp:term":[{"taxonomy":"product_brand","embeddable":true,"href":"https:\/\/twsites.com.br\/novomigcenter\/index.php?rest_route=%2Fwp%2Fv2%2Fproduct_brand&post=10762"},{"taxonomy":"product_cat","embeddable":true,"href":"https:\/\/twsites.com.br\/novomigcenter\/index.php?rest_route=%2Fwp%2Fv2%2Fproduct_cat&post=10762"},{"taxonomy":"product_tag","embeddable":true,"href":"https:\/\/twsites.com.br\/novomigcenter\/index.php?rest_route=%2Fwp%2Fv2%2Fproduct_tag&post=10762"}],"curies":[{"name":"wp","href":"https:\/\/api.w.org\/{rel}","templated":true}]}}