{"id":10770,"date":"2017-02-01T14:15:36","date_gmt":"2017-02-01T14:15:36","guid":{"rendered":"https:\/\/twsites.com.br\/novomigcenter\/?product=forno-salamandra-eletrico-fire"},"modified":"2017-02-01T14:15:36","modified_gmt":"2017-02-01T14:15:36","slug":"forno-salamandra-eletrico-fire","status":"publish","type":"product","link":"https:\/\/twsites.com.br\/novomigcenter\/?product=forno-salamandra-eletrico-fire","title":{"rendered":"Forno Salamandra El\u00e9trico &#8211; FOS\/1C  FOS\/2C &#8211; FIRE"},"content":{"rendered":"<div><span style=\"font-weight: bold;\">Descri\u00e7\u00e3o do Produto<\/span><\/div>\n<div><\/div>\n<div>Forno de r\u00e1pido aquecimento e alta temperatura, utilizado para \u201c GRATINAR \u201c e aquecer massas, carnes em geral e pratos quentes, tipo: feijoada, strogonofe, escondidinho, etc.<\/div>\n<div><\/div>\n<div>Fabricado em a\u00e7o inox escovado<\/div>\n<div><\/div>\n<div>Sistema exclusivo de resist\u00eancias espirais e porcelana na parte superior<\/div>\n<div><\/div>\n<div>Controle autom\u00e1tico de temperatura \u2013 Termostato 50\u00ba C &#8211; 300\u00ba C \/ 30A<\/div>\n<div><\/div>\n<div>Piloto indicador liga-desliga<\/div>\n<div><\/div>\n<div>Fundo em a\u00e7o inox<\/div>\n<div><\/div>\n<div>P\u00e9s regul\u00e1veis<\/div>\n<div><\/div>\n<table class=\"table table-bordered\" style=\"background-color: rgb(255, 255, 255); width: 1440px;\">\n<tbody>\n<tr>\n<td>MODELOS<\/td>\n<td>Tens\u00e3o (V)<\/td>\n<td>Pot\u00eancia (W)<\/td>\n<td>Corrente (A)<\/td>\n<td>Dim. LxAxP (cm)<\/td>\n<td>C\u00e2mara (cm)<\/td>\n<td>Peso (Kg)<\/td>\n<\/tr>\n<tr>\n<td>FOS\/1C<\/td>\n<td>220<\/td>\n<td>3500<\/td>\n<td>16<\/td>\n<td>65x43x36<\/td>\n<td>45&#215;35<\/td>\n<td>17<\/td>\n<\/tr>\n<tr>\n<td>FOS\/2C<\/td>\n<td>220<\/td>\n<td>7000<\/td>\n<td>31,8<\/td>\n<td>65x43x36<\/td>\n<td>45&#215;35<\/td>\n<td>29<\/td>\n<\/tr>\n<\/tbody>\n<\/table>\n","protected":false},"excerpt":{"rendered":"<p>Descri\u00e7\u00e3o do Produto Forno de r\u00e1pido aquecimento e alta temperatura, utilizado para \u201c GRATINAR \u201c e aquecer massas, carnes em geral e pratos quentes, tipo: feijoada, strogonofe, escondidinho, etc. Fabricado em a\u00e7o inox escovado Sistema exclusivo de resist\u00eancias espirais e porcelana na parte superior Controle autom\u00e1tico de temperatura \u2013 Termostato 50\u00ba C &#8211; 300\u00ba C [&hellip;]<\/p>\n","protected":false},"featured_media":10768,"comment_status":"open","ping_status":"closed","template":"","meta":[],"product_brand":[],"product_cat":[393],"product_tag":[],"class_list":{"0":"post-10770","1":"product","2":"type-product","3":"status-publish","4":"has-post-thumbnail","6":"product_cat-forno-industrial-salamandra","8":"first","9":"instock","10":"shipping-taxable","11":"purchasable","12":"product-type-simple"},"_links":{"self":[{"href":"https:\/\/twsites.com.br\/novomigcenter\/index.php?rest_route=\/wp\/v2\/product\/10770","targetHints":{"allow":["GET"]}}],"collection":[{"href":"https:\/\/twsites.com.br\/novomigcenter\/index.php?rest_route=\/wp\/v2\/product"}],"about":[{"href":"https:\/\/twsites.com.br\/novomigcenter\/index.php?rest_route=\/wp\/v2\/types\/product"}],"replies":[{"embeddable":true,"href":"https:\/\/twsites.com.br\/novomigcenter\/index.php?rest_route=%2Fwp%2Fv2%2Fcomments&post=10770"}],"wp:featuredmedia":[{"embeddable":true,"href":"https:\/\/twsites.com.br\/novomigcenter\/index.php?rest_route=\/wp\/v2\/media\/10768"}],"wp:attachment":[{"href":"https:\/\/twsites.com.br\/novomigcenter\/index.php?rest_route=%2Fwp%2Fv2%2Fmedia&parent=10770"}],"wp:term":[{"taxonomy":"product_brand","embeddable":true,"href":"https:\/\/twsites.com.br\/novomigcenter\/index.php?rest_route=%2Fwp%2Fv2%2Fproduct_brand&post=10770"},{"taxonomy":"product_cat","embeddable":true,"href":"https:\/\/twsites.com.br\/novomigcenter\/index.php?rest_route=%2Fwp%2Fv2%2Fproduct_cat&post=10770"},{"taxonomy":"product_tag","embeddable":true,"href":"https:\/\/twsites.com.br\/novomigcenter\/index.php?rest_route=%2Fwp%2Fv2%2Fproduct_tag&post=10770"}],"curies":[{"name":"wp","href":"https:\/\/api.w.org\/{rel}","templated":true}]}}