{"id":10772,"date":"2017-02-01T14:34:14","date_gmt":"2017-02-01T14:34:14","guid":{"rendered":"https:\/\/twsites.com.br\/novomigcenter\/?product=forno-salamandra-a-gas-fire"},"modified":"2017-02-01T14:34:14","modified_gmt":"2017-02-01T14:34:14","slug":"forno-salamandra-a-gas-fire","status":"publish","type":"product","link":"https:\/\/twsites.com.br\/novomigcenter\/?product=forno-salamandra-a-gas-fire","title":{"rendered":"Forno Salandra a G\u00e1s &#8211; FOSG\/1C &#8211; FIRE"},"content":{"rendered":"<p><span style=\"font-weight: bold;\">Descri\u00e7\u00e3o do Produto<\/span><\/p>\n<p>Forno de r\u00e1pido aquecimento e alta temperatura, utilizado para \u201c GRATINAR \u201c e aquecer massas, carnes em geral e pratos quentes, tipo: feijoada, strogonofe, escondidinho, etc.<\/p>\n<p><\/p>\n<p>Fabricado em a\u00e7o inox escovado<\/p>\n<p><\/p>\n<p>Aquecimento por 2 queimadores de infra-vermelho na parte superior<\/p>\n<p><\/p>\n<p>Registro em lat\u00e3o para controle de chama: m\u00e1ximo\/m\u00ednimo<\/p>\n<p><\/p>\n<p>Alimenta\u00e7\u00e3o de g\u00e1s: GLP ou NATURAL (g\u00e1s de rua)<\/p>\n<p><\/p>\n<p>Fundo em a\u00e7o inox<\/p>\n<p><\/p>\n<p>P\u00e9s regul\u00e1veis<\/p>\n","protected":false},"excerpt":{"rendered":"<p>Descri\u00e7\u00e3o do Produto Forno de r\u00e1pido aquecimento e alta temperatura, utilizado para \u201c GRATINAR \u201c e aquecer massas, carnes em geral e pratos quentes, tipo: feijoada, strogonofe, escondidinho, etc. Fabricado em a\u00e7o inox escovado Aquecimento por 2 queimadores de infra-vermelho na parte superior Registro em lat\u00e3o para controle de chama: m\u00e1ximo\/m\u00ednimo Alimenta\u00e7\u00e3o de g\u00e1s: GLP [&hellip;]<\/p>\n","protected":false},"featured_media":10771,"comment_status":"open","ping_status":"closed","template":"","meta":[],"product_brand":[],"product_cat":[393],"product_tag":[],"class_list":{"0":"post-10772","1":"product","2":"type-product","3":"status-publish","4":"has-post-thumbnail","6":"product_cat-forno-industrial-salamandra","8":"first","9":"instock","10":"shipping-taxable","11":"purchasable","12":"product-type-simple"},"_links":{"self":[{"href":"https:\/\/twsites.com.br\/novomigcenter\/index.php?rest_route=\/wp\/v2\/product\/10772","targetHints":{"allow":["GET"]}}],"collection":[{"href":"https:\/\/twsites.com.br\/novomigcenter\/index.php?rest_route=\/wp\/v2\/product"}],"about":[{"href":"https:\/\/twsites.com.br\/novomigcenter\/index.php?rest_route=\/wp\/v2\/types\/product"}],"replies":[{"embeddable":true,"href":"https:\/\/twsites.com.br\/novomigcenter\/index.php?rest_route=%2Fwp%2Fv2%2Fcomments&post=10772"}],"wp:featuredmedia":[{"embeddable":true,"href":"https:\/\/twsites.com.br\/novomigcenter\/index.php?rest_route=\/wp\/v2\/media\/10771"}],"wp:attachment":[{"href":"https:\/\/twsites.com.br\/novomigcenter\/index.php?rest_route=%2Fwp%2Fv2%2Fmedia&parent=10772"}],"wp:term":[{"taxonomy":"product_brand","embeddable":true,"href":"https:\/\/twsites.com.br\/novomigcenter\/index.php?rest_route=%2Fwp%2Fv2%2Fproduct_brand&post=10772"},{"taxonomy":"product_cat","embeddable":true,"href":"https:\/\/twsites.com.br\/novomigcenter\/index.php?rest_route=%2Fwp%2Fv2%2Fproduct_cat&post=10772"},{"taxonomy":"product_tag","embeddable":true,"href":"https:\/\/twsites.com.br\/novomigcenter\/index.php?rest_route=%2Fwp%2Fv2%2Fproduct_tag&post=10772"}],"curies":[{"name":"wp","href":"https:\/\/api.w.org\/{rel}","templated":true}]}}