{"id":10787,"date":"2017-02-01T16:14:04","date_gmt":"2017-02-01T16:14:04","guid":{"rendered":"https:\/\/twsites.com.br\/novomigcenter\/?product=bancada-com-cubas-fritomaq"},"modified":"2017-02-01T16:14:04","modified_gmt":"2017-02-01T16:14:04","slug":"bancada-com-cubas-fritomaq","status":"publish","type":"product","link":"https:\/\/twsites.com.br\/novomigcenter\/?product=bancada-com-cubas-fritomaq","title":{"rendered":"Bancada com Cubas &#8211;  Fritomaq"},"content":{"rendered":"<p><span style=\"font-weight: bold; text-decoration: underline;\"><font face=\"Arial\">Descri\u00e7\u00e3o do Produto<\/font><\/span><\/p>\n<p><font face=\"Arial\">Mesa com estrutura, p\u00e9s, tampo e prateleira em inox.<\/font><\/p>\n<p><font face=\"Arial\"><br \/><\/font><\/p>\n<table class=\"table table-bordered\" style=\"background-color: rgb(255, 255, 255); width: 1440px;\">\n<tbody>\n<tr>\n<td><font face=\"Arial\">Medida<\/font><\/td>\n<\/tr>\n<tr>\n<td><font face=\"Arial\">120 x 65 x 90 cm<br \/><\/font><\/td>\n<\/tr>\n<tr>\n<td><font face=\"Arial\">150 x 65 x 90 cm<br \/><\/font><\/td>\n<\/tr>\n<tr>\n<td><font face=\"Arial\">180 x 65 x 90 cm<br \/><\/font><\/td>\n<\/tr>\n<tr>\n<td><font face=\"Arial\">200 x 65 x 90 cm<\/font><\/td>\n<\/tr>\n<\/tbody>\n<\/table>\n","protected":false},"excerpt":{"rendered":"<p>Descri\u00e7\u00e3o do Produto Mesa com estrutura, p\u00e9s, tampo e prateleira em inox. Medida 120 x 65 x 90 cm 150 x 65 x 90 cm 180 x 65 x 90 cm 200 x 65 x 90 cm<\/p>\n","protected":false},"featured_media":10786,"comment_status":"open","ping_status":"closed","template":"","meta":[],"product_brand":[],"product_cat":[354],"product_tag":[],"class_list":{"0":"post-10787","1":"product","2":"type-product","3":"status-publish","4":"has-post-thumbnail","6":"product_cat-mesa-aco-inox","8":"first","9":"instock","10":"shipping-taxable","11":"purchasable","12":"product-type-simple"},"_links":{"self":[{"href":"https:\/\/twsites.com.br\/novomigcenter\/index.php?rest_route=\/wp\/v2\/product\/10787","targetHints":{"allow":["GET"]}}],"collection":[{"href":"https:\/\/twsites.com.br\/novomigcenter\/index.php?rest_route=\/wp\/v2\/product"}],"about":[{"href":"https:\/\/twsites.com.br\/novomigcenter\/index.php?rest_route=\/wp\/v2\/types\/product"}],"replies":[{"embeddable":true,"href":"https:\/\/twsites.com.br\/novomigcenter\/index.php?rest_route=%2Fwp%2Fv2%2Fcomments&post=10787"}],"wp:featuredmedia":[{"embeddable":true,"href":"https:\/\/twsites.com.br\/novomigcenter\/index.php?rest_route=\/wp\/v2\/media\/10786"}],"wp:attachment":[{"href":"https:\/\/twsites.com.br\/novomigcenter\/index.php?rest_route=%2Fwp%2Fv2%2Fmedia&parent=10787"}],"wp:term":[{"taxonomy":"product_brand","embeddable":true,"href":"https:\/\/twsites.com.br\/novomigcenter\/index.php?rest_route=%2Fwp%2Fv2%2Fproduct_brand&post=10787"},{"taxonomy":"product_cat","embeddable":true,"href":"https:\/\/twsites.com.br\/novomigcenter\/index.php?rest_route=%2Fwp%2Fv2%2Fproduct_cat&post=10787"},{"taxonomy":"product_tag","embeddable":true,"href":"https:\/\/twsites.com.br\/novomigcenter\/index.php?rest_route=%2Fwp%2Fv2%2Fproduct_tag&post=10787"}],"curies":[{"name":"wp","href":"https:\/\/api.w.org\/{rel}","templated":true}]}}