{"id":10799,"date":"2017-02-01T16:56:07","date_gmt":"2017-02-01T16:56:07","guid":{"rendered":"https:\/\/twsites.com.br\/novomigcenter\/?product=pia-inox-promaq"},"modified":"2017-02-01T16:56:07","modified_gmt":"2017-02-01T16:56:07","slug":"pia-inox-promaq","status":"publish","type":"product","link":"https:\/\/twsites.com.br\/novomigcenter\/?product=pia-inox-promaq","title":{"rendered":"Pia Inox"},"content":{"rendered":"<p><span style=\"font-weight: bold;\">Descri\u00e7\u00e3o do Produto<\/span><\/p>\n<p><\/p>\n<table class=\"table table-bordered\">\n<tbody>\n<tr>\n<td><span style=\"font-weight: bold;\">Modelos<\/span><\/td>\n<td><span style=\"font-weight: bold;\">Dimens\u00e3o em mm<\/span><\/td>\n<td><span style=\"font-weight: bold;\"><br \/><\/span><\/td>\n<td><span style=\"font-weight: bold;\"><br \/><\/span><\/td>\n<\/tr>\n<tr>\n<td><span style=\"font-weight: bold;\"><br \/><\/span><\/td>\n<td><span style=\"font-weight: bold;\">Largura<\/span><\/td>\n<td><span style=\"font-weight: bold;\">Profundidade<\/span><\/td>\n<td><span style=\"font-weight: bold;\">Altura<\/span><\/td>\n<\/tr>\n<tr>\n<td>PROPI-1<\/td>\n<td>1200<\/td>\n<td>700<\/td>\n<td>850<\/td>\n<\/tr>\n<tr>\n<td>PROPI-2<\/td>\n<td>1500<\/td>\n<td>700<\/td>\n<td>850<\/td>\n<\/tr>\n<tr>\n<td>PROPI-3<\/td>\n<td>1800<\/td>\n<td>700<\/td>\n<td>850<\/td>\n<\/tr>\n<tr>\n<td>PROPI-4<\/td>\n<td>2000<\/td>\n<td>700<\/td>\n<td>850<\/td>\n<\/tr>\n<\/tbody>\n<\/table>\n<p><\/p>\n","protected":false},"excerpt":{"rendered":"<p>Descri\u00e7\u00e3o do Produto Modelos Dimens\u00e3o em mm Largura Profundidade Altura PROPI-1 1200 700 850 PROPI-2 1500 700 850 PROPI-3 1800 700 850 PROPI-4 2000 700 850<\/p>\n","protected":false},"featured_media":10798,"comment_status":"open","ping_status":"closed","template":"","meta":[],"product_brand":[],"product_cat":[354],"product_tag":[],"class_list":{"0":"post-10799","1":"product","2":"type-product","3":"status-publish","4":"has-post-thumbnail","6":"product_cat-mesa-aco-inox","8":"first","9":"instock","10":"shipping-taxable","11":"purchasable","12":"product-type-simple"},"_links":{"self":[{"href":"https:\/\/twsites.com.br\/novomigcenter\/index.php?rest_route=\/wp\/v2\/product\/10799","targetHints":{"allow":["GET"]}}],"collection":[{"href":"https:\/\/twsites.com.br\/novomigcenter\/index.php?rest_route=\/wp\/v2\/product"}],"about":[{"href":"https:\/\/twsites.com.br\/novomigcenter\/index.php?rest_route=\/wp\/v2\/types\/product"}],"replies":[{"embeddable":true,"href":"https:\/\/twsites.com.br\/novomigcenter\/index.php?rest_route=%2Fwp%2Fv2%2Fcomments&post=10799"}],"wp:featuredmedia":[{"embeddable":true,"href":"https:\/\/twsites.com.br\/novomigcenter\/index.php?rest_route=\/wp\/v2\/media\/10798"}],"wp:attachment":[{"href":"https:\/\/twsites.com.br\/novomigcenter\/index.php?rest_route=%2Fwp%2Fv2%2Fmedia&parent=10799"}],"wp:term":[{"taxonomy":"product_brand","embeddable":true,"href":"https:\/\/twsites.com.br\/novomigcenter\/index.php?rest_route=%2Fwp%2Fv2%2Fproduct_brand&post=10799"},{"taxonomy":"product_cat","embeddable":true,"href":"https:\/\/twsites.com.br\/novomigcenter\/index.php?rest_route=%2Fwp%2Fv2%2Fproduct_cat&post=10799"},{"taxonomy":"product_tag","embeddable":true,"href":"https:\/\/twsites.com.br\/novomigcenter\/index.php?rest_route=%2Fwp%2Fv2%2Fproduct_tag&post=10799"}],"curies":[{"name":"wp","href":"https:\/\/api.w.org\/{rel}","templated":true}]}}