{"id":10801,"date":"2017-02-01T17:01:04","date_gmt":"2017-02-01T17:01:04","guid":{"rendered":"https:\/\/twsites.com.br\/novomigcenter\/?product=pia-central-inox-promaq"},"modified":"2017-02-01T17:01:04","modified_gmt":"2017-02-01T17:01:04","slug":"pia-central-inox-promaq","status":"publish","type":"product","link":"https:\/\/twsites.com.br\/novomigcenter\/?product=pia-central-inox-promaq","title":{"rendered":"Pia Central Inox &#8211; PROMAQ"},"content":{"rendered":"<p><span style=\"font-weight: bold;\"><font face=\"Arial\">Descri\u00e7\u00e3o do Produto<\/font><\/span><\/p>\n<p><font face=\"Arial\"><br \/><\/font><\/p>\n<table class=\"table table-bordered\">\n<tbody>\n<tr>\n<td><span style=\"font-weight: bold;\"><font face=\"Arial\">Modelos<\/font><\/span><\/td>\n<td><span style=\"font-weight: bold;\"><font face=\"Arial\">Dimens\u00f5es em mm<\/font><\/span><\/td>\n<td><span style=\"font-weight: bold;\"><font face=\"Arial\"><br \/><\/font><\/span><\/td>\n<td><span style=\"font-weight: bold;\"><font face=\"Arial\"><br \/><\/font><\/span><\/td>\n<\/tr>\n<tr>\n<td><span style=\"font-weight: bold;\"><font face=\"Arial\"><br \/><\/font><\/span><\/td>\n<td><span style=\"font-weight: bold;\"><font face=\"Arial\">Largura<\/font><\/span><\/td>\n<td><span style=\"font-weight: bold;\"><font face=\"Arial\">Profundidade<\/font><\/span><\/td>\n<td><span style=\"font-weight: bold;\"><font face=\"Arial\">Altura<\/font><\/span><\/td>\n<\/tr>\n<tr>\n<td><font face=\"Arial\">PROPI-1<\/font><\/td>\n<td><font face=\"Arial\">1200<\/font><\/td>\n<td><font face=\"Arial\">700<\/font><\/td>\n<td><font face=\"Arial\">850<\/font><\/td>\n<\/tr>\n<tr>\n<td><font face=\"Arial\">PROPI-2<br \/><\/font><\/td>\n<td><font face=\"Arial\">1500<\/font><\/td>\n<td><font face=\"Arial\">700<\/font><\/td>\n<td><font face=\"Arial\">850<\/font><\/td>\n<\/tr>\n<tr>\n<td><font face=\"Arial\">PROPI-3<br \/><\/font><\/td>\n<td><font face=\"Arial\">1800<\/font><\/td>\n<td><font face=\"Arial\">700<\/font><\/td>\n<td><font face=\"Arial\">850<\/font><\/td>\n<\/tr>\n<tr>\n<td><font face=\"Arial\">PROPI-4<br \/><\/font><\/td>\n<td><font face=\"Arial\">2000<\/font><\/td>\n<td><font face=\"Arial\">700<\/font><\/td>\n<td><font face=\"Arial\">850<\/font><\/td>\n<\/tr>\n<\/tbody>\n<\/table>\n","protected":false},"excerpt":{"rendered":"<p>Descri\u00e7\u00e3o do Produto Modelos Dimens\u00f5es em mm Largura Profundidade Altura PROPI-1 1200 700 850 PROPI-2 1500 700 850 PROPI-3 1800 700 850 PROPI-4 2000 700 850<\/p>\n","protected":false},"featured_media":10800,"comment_status":"open","ping_status":"closed","template":"","meta":[],"product_brand":[],"product_cat":[354],"product_tag":[],"class_list":{"0":"post-10801","1":"product","2":"type-product","3":"status-publish","4":"has-post-thumbnail","6":"product_cat-mesa-aco-inox","8":"first","9":"instock","10":"shipping-taxable","11":"purchasable","12":"product-type-simple"},"_links":{"self":[{"href":"https:\/\/twsites.com.br\/novomigcenter\/index.php?rest_route=\/wp\/v2\/product\/10801","targetHints":{"allow":["GET"]}}],"collection":[{"href":"https:\/\/twsites.com.br\/novomigcenter\/index.php?rest_route=\/wp\/v2\/product"}],"about":[{"href":"https:\/\/twsites.com.br\/novomigcenter\/index.php?rest_route=\/wp\/v2\/types\/product"}],"replies":[{"embeddable":true,"href":"https:\/\/twsites.com.br\/novomigcenter\/index.php?rest_route=%2Fwp%2Fv2%2Fcomments&post=10801"}],"wp:featuredmedia":[{"embeddable":true,"href":"https:\/\/twsites.com.br\/novomigcenter\/index.php?rest_route=\/wp\/v2\/media\/10800"}],"wp:attachment":[{"href":"https:\/\/twsites.com.br\/novomigcenter\/index.php?rest_route=%2Fwp%2Fv2%2Fmedia&parent=10801"}],"wp:term":[{"taxonomy":"product_brand","embeddable":true,"href":"https:\/\/twsites.com.br\/novomigcenter\/index.php?rest_route=%2Fwp%2Fv2%2Fproduct_brand&post=10801"},{"taxonomy":"product_cat","embeddable":true,"href":"https:\/\/twsites.com.br\/novomigcenter\/index.php?rest_route=%2Fwp%2Fv2%2Fproduct_cat&post=10801"},{"taxonomy":"product_tag","embeddable":true,"href":"https:\/\/twsites.com.br\/novomigcenter\/index.php?rest_route=%2Fwp%2Fv2%2Fproduct_tag&post=10801"}],"curies":[{"name":"wp","href":"https:\/\/api.w.org\/{rel}","templated":true}]}}