{"id":10805,"date":"2017-02-01T17:19:13","date_gmt":"2017-02-01T17:19:13","guid":{"rendered":"https:\/\/twsites.com.br\/novomigcenter\/?product=mesa-em-polietileno-promaq"},"modified":"2017-02-01T17:19:13","modified_gmt":"2017-02-01T17:19:13","slug":"mesa-em-polietileno-promaq","status":"publish","type":"product","link":"https:\/\/twsites.com.br\/novomigcenter\/?product=mesa-em-polietileno-promaq","title":{"rendered":"Mesa em Polietileno &#8211; PROMAQ"},"content":{"rendered":"<p><span style=\"font-weight: bold;\"><font face=\"Arial\">Descri\u00e7\u00e3o do Produto<\/font><\/span><\/p>\n<table class=\"table table-bordered\" style=\"background-color: rgb(255, 255, 255); width: 1440px;\">\n<tbody>\n<tr>\n<td><span style=\"font-weight: bold;\"><font face=\"Arial\">Modelos Mesas<\/font><\/span><\/td>\n<td><span style=\"font-weight: bold;\"><font face=\"Arial\"><br \/><\/font><\/span><\/td>\n<td><span style=\"font-weight: bold;\"><font face=\"Arial\"><br \/><\/font><\/span><\/td>\n<\/tr>\n<tr>\n<td><span style=\"font-weight: bold;\"><font face=\"Arial\">Dimens\u00f5es em mm<\/font><\/span><\/td>\n<td><span style=\"font-weight: bold;\"><font face=\"Arial\"><br \/><\/font><\/span><\/td>\n<td><span style=\"font-weight: bold;\"><font face=\"Arial\"><br \/><\/font><\/span><\/td>\n<\/tr>\n<tr>\n<td><span style=\"font-weight: bold;\"><font face=\"Arial\">Esternas<\/font><\/span><\/td>\n<td><span style=\"font-weight: bold;\"><font face=\"Arial\"><br \/><\/font><\/span><\/td>\n<td><span style=\"font-weight: bold;\"><font face=\"Arial\"><br \/><\/font><\/span><\/td>\n<\/tr>\n<tr>\n<td><span style=\"font-weight: bold;\"><font face=\"Arial\">Largura<\/font><\/span><\/td>\n<td><span style=\"font-weight: bold;\"><font face=\"Arial\">Profundidade<\/font><\/span><\/td>\n<td><span style=\"font-weight: bold;\"><font face=\"Arial\">Altura<\/font><\/span><\/td>\n<\/tr>\n<tr>\n<td><font face=\"Arial\">700<\/font><\/td>\n<td><font face=\"Arial\">700<\/font><\/td>\n<td><font face=\"Arial\">850<\/font><\/td>\n<\/tr>\n<tr>\n<td><font face=\"Arial\">1000<\/font><\/td>\n<td><font face=\"Arial\">700<\/font><\/td>\n<td><font face=\"Arial\">850<\/font><\/td>\n<\/tr>\n<tr>\n<td><font face=\"Arial\">1200<\/font><\/td>\n<td><font face=\"Arial\">700<\/font><\/td>\n<td><font face=\"Arial\">850<\/font><\/td>\n<\/tr>\n<tr>\n<td><font face=\"Arial\">1500<\/font><\/td>\n<td><font face=\"Arial\">700<\/font><\/td>\n<td><font face=\"Arial\">850<\/font><\/td>\n<\/tr>\n<tr>\n<td><font face=\"Arial\">1900<\/font><\/td>\n<td><font face=\"Arial\">700<\/font><\/td>\n<td>850<\/td>\n<\/tr>\n<\/tbody>\n<\/table>\n","protected":false},"excerpt":{"rendered":"<p>Descri\u00e7\u00e3o do Produto Modelos Mesas Dimens\u00f5es em mm Esternas Largura Profundidade Altura 700 700 850 1000 700 850 1200 700 850 1500 700 850 1900 700 850<\/p>\n","protected":false},"featured_media":10804,"comment_status":"open","ping_status":"closed","template":"","meta":[],"product_brand":[],"product_cat":[390,354,436],"product_tag":[],"class_list":{"0":"post-10805","1":"product","2":"type-product","3":"status-publish","4":"has-post-thumbnail","6":"product_cat-acessorios-em-inox","7":"product_cat-mesa-aco-inox","8":"product_cat-cozinha","10":"first","11":"instock","12":"shipping-taxable","13":"purchasable","14":"product-type-simple"},"_links":{"self":[{"href":"https:\/\/twsites.com.br\/novomigcenter\/index.php?rest_route=\/wp\/v2\/product\/10805","targetHints":{"allow":["GET"]}}],"collection":[{"href":"https:\/\/twsites.com.br\/novomigcenter\/index.php?rest_route=\/wp\/v2\/product"}],"about":[{"href":"https:\/\/twsites.com.br\/novomigcenter\/index.php?rest_route=\/wp\/v2\/types\/product"}],"replies":[{"embeddable":true,"href":"https:\/\/twsites.com.br\/novomigcenter\/index.php?rest_route=%2Fwp%2Fv2%2Fcomments&post=10805"}],"wp:featuredmedia":[{"embeddable":true,"href":"https:\/\/twsites.com.br\/novomigcenter\/index.php?rest_route=\/wp\/v2\/media\/10804"}],"wp:attachment":[{"href":"https:\/\/twsites.com.br\/novomigcenter\/index.php?rest_route=%2Fwp%2Fv2%2Fmedia&parent=10805"}],"wp:term":[{"taxonomy":"product_brand","embeddable":true,"href":"https:\/\/twsites.com.br\/novomigcenter\/index.php?rest_route=%2Fwp%2Fv2%2Fproduct_brand&post=10805"},{"taxonomy":"product_cat","embeddable":true,"href":"https:\/\/twsites.com.br\/novomigcenter\/index.php?rest_route=%2Fwp%2Fv2%2Fproduct_cat&post=10805"},{"taxonomy":"product_tag","embeddable":true,"href":"https:\/\/twsites.com.br\/novomigcenter\/index.php?rest_route=%2Fwp%2Fv2%2Fproduct_tag&post=10805"}],"curies":[{"name":"wp","href":"https:\/\/api.w.org\/{rel}","templated":true}]}}