{"id":10812,"date":"2017-02-02T09:14:18","date_gmt":"2017-02-02T09:14:18","guid":{"rendered":"https:\/\/twsites.com.br\/novomigcenter\/?product=conservador-de-frituras-fritomaq"},"modified":"2017-02-02T09:14:18","modified_gmt":"2017-02-02T09:14:18","slug":"conservador-de-frituras-fritomaq","status":"publish","type":"product","link":"https:\/\/twsites.com.br\/novomigcenter\/?product=conservador-de-frituras-fritomaq","title":{"rendered":"Conservador de Frituras &#8211; Fritomaq"},"content":{"rendered":"<p><span style=\"text-decoration: underline; font-weight: bold;\"><font face=\"Arial\">Descri\u00e7\u00e3o do Produto<\/font><\/span><\/p>\n<p><font face=\"Arial\">Conservador de frituras em inox.<\/font><\/p>\n<\/p>\n<p><font face=\"Arial\">Com l\u00e2mpadas de aquecimento. 220v<\/font><\/p>\n<p><font face=\"Arial\"><br \/><\/font><\/p>\n<table class=\"table table-bordered\">\n<tbody>\n<tr>\n<td><span style=\"font-weight: bold;\"><font face=\"Arial\">Medidas<\/font><\/span><\/td>\n<\/tr>\n<tr>\n<td><font face=\"Arial\">A: uma gn1\/2 e uma l\u00e2mpada<br \/><\/font><\/td>\n<\/tr>\n<tr>\n<td><font face=\"Arial\">B: uma gn1\/1 e duas l\u00e2mpadas<br \/><\/font><\/td>\n<\/tr>\n<\/tbody>\n<\/table>\n<p><\/p>\n","protected":false},"excerpt":{"rendered":"<p>Descri\u00e7\u00e3o do Produto Conservador de frituras em inox. Com l\u00e2mpadas de aquecimento. 220v Medidas A: uma gn1\/2 e uma l\u00e2mpada B: uma gn1\/1 e duas l\u00e2mpadas<\/p>\n","protected":false},"featured_media":10811,"comment_status":"open","ping_status":"closed","template":"","meta":[],"product_brand":[],"product_cat":[390,436],"product_tag":[],"class_list":{"0":"post-10812","1":"product","2":"type-product","3":"status-publish","4":"has-post-thumbnail","6":"product_cat-acessorios-em-inox","7":"product_cat-cozinha","9":"first","10":"instock","11":"shipping-taxable","12":"purchasable","13":"product-type-simple"},"_links":{"self":[{"href":"https:\/\/twsites.com.br\/novomigcenter\/index.php?rest_route=\/wp\/v2\/product\/10812","targetHints":{"allow":["GET"]}}],"collection":[{"href":"https:\/\/twsites.com.br\/novomigcenter\/index.php?rest_route=\/wp\/v2\/product"}],"about":[{"href":"https:\/\/twsites.com.br\/novomigcenter\/index.php?rest_route=\/wp\/v2\/types\/product"}],"replies":[{"embeddable":true,"href":"https:\/\/twsites.com.br\/novomigcenter\/index.php?rest_route=%2Fwp%2Fv2%2Fcomments&post=10812"}],"wp:featuredmedia":[{"embeddable":true,"href":"https:\/\/twsites.com.br\/novomigcenter\/index.php?rest_route=\/wp\/v2\/media\/10811"}],"wp:attachment":[{"href":"https:\/\/twsites.com.br\/novomigcenter\/index.php?rest_route=%2Fwp%2Fv2%2Fmedia&parent=10812"}],"wp:term":[{"taxonomy":"product_brand","embeddable":true,"href":"https:\/\/twsites.com.br\/novomigcenter\/index.php?rest_route=%2Fwp%2Fv2%2Fproduct_brand&post=10812"},{"taxonomy":"product_cat","embeddable":true,"href":"https:\/\/twsites.com.br\/novomigcenter\/index.php?rest_route=%2Fwp%2Fv2%2Fproduct_cat&post=10812"},{"taxonomy":"product_tag","embeddable":true,"href":"https:\/\/twsites.com.br\/novomigcenter\/index.php?rest_route=%2Fwp%2Fv2%2Fproduct_tag&post=10812"}],"curies":[{"name":"wp","href":"https:\/\/api.w.org\/{rel}","templated":true}]}}