{"id":10814,"date":"2017-02-02T09:26:07","date_gmt":"2017-02-02T09:26:07","guid":{"rendered":"https:\/\/twsites.com.br\/novomigcenter\/?product=fruteira-fritomaq"},"modified":"2017-02-02T09:26:07","modified_gmt":"2017-02-02T09:26:07","slug":"fruteira-fritomaq","status":"publish","type":"product","link":"https:\/\/twsites.com.br\/novomigcenter\/?product=fruteira-fritomaq","title":{"rendered":"Fruteira &#8211; Fritomaq"},"content":{"rendered":"<p><span style=\"font-weight: bold; text-decoration: underline;\">Descri\u00e7\u00e3o de Produtos<\/span><\/p>\n<p>Fruteira em inox de parede<\/p>\n<p><\/p>\n<table class=\"table table-bordered\" style=\"background-color: rgb(255, 255, 255); width: 1457px;\">\n<tbody>\n<tr>\n<td><span style=\"font-weight: bold;\">Medidas<\/span><\/td>\n<\/tr>\n<tr>\n<td>2 divis\u00f5es: &nbsp; 80x30x28cm<\/td>\n<\/tr>\n<tr>\n<td>3 divis\u00f5es: 120x30x28cm<\/td>\n<\/tr>\n<tr>\n<td>4 divis\u00f5es: 160x30x28cm<\/td>\n<\/tr>\n<\/tbody>\n<\/table>\n","protected":false},"excerpt":{"rendered":"<p>Descri\u00e7\u00e3o de Produtos Fruteira em inox de parede Medidas 2 divis\u00f5es: &nbsp; 80x30x28cm 3 divis\u00f5es: 120x30x28cm 4 divis\u00f5es: 160x30x28cm<\/p>\n","protected":false},"featured_media":10813,"comment_status":"open","ping_status":"closed","template":"","meta":[],"product_brand":[],"product_cat":[390,436],"product_tag":[],"class_list":{"0":"post-10814","1":"product","2":"type-product","3":"status-publish","4":"has-post-thumbnail","6":"product_cat-acessorios-em-inox","7":"product_cat-cozinha","9":"first","10":"instock","11":"shipping-taxable","12":"purchasable","13":"product-type-simple"},"_links":{"self":[{"href":"https:\/\/twsites.com.br\/novomigcenter\/index.php?rest_route=\/wp\/v2\/product\/10814","targetHints":{"allow":["GET"]}}],"collection":[{"href":"https:\/\/twsites.com.br\/novomigcenter\/index.php?rest_route=\/wp\/v2\/product"}],"about":[{"href":"https:\/\/twsites.com.br\/novomigcenter\/index.php?rest_route=\/wp\/v2\/types\/product"}],"replies":[{"embeddable":true,"href":"https:\/\/twsites.com.br\/novomigcenter\/index.php?rest_route=%2Fwp%2Fv2%2Fcomments&post=10814"}],"wp:featuredmedia":[{"embeddable":true,"href":"https:\/\/twsites.com.br\/novomigcenter\/index.php?rest_route=\/wp\/v2\/media\/10813"}],"wp:attachment":[{"href":"https:\/\/twsites.com.br\/novomigcenter\/index.php?rest_route=%2Fwp%2Fv2%2Fmedia&parent=10814"}],"wp:term":[{"taxonomy":"product_brand","embeddable":true,"href":"https:\/\/twsites.com.br\/novomigcenter\/index.php?rest_route=%2Fwp%2Fv2%2Fproduct_brand&post=10814"},{"taxonomy":"product_cat","embeddable":true,"href":"https:\/\/twsites.com.br\/novomigcenter\/index.php?rest_route=%2Fwp%2Fv2%2Fproduct_cat&post=10814"},{"taxonomy":"product_tag","embeddable":true,"href":"https:\/\/twsites.com.br\/novomigcenter\/index.php?rest_route=%2Fwp%2Fv2%2Fproduct_tag&post=10814"}],"curies":[{"name":"wp","href":"https:\/\/api.w.org\/{rel}","templated":true}]}}