{"id":10868,"date":"2017-02-02T11:59:16","date_gmt":"2017-02-02T11:59:16","guid":{"rendered":"https:\/\/twsites.com.br\/novomigcenter\/?product=carro-plataforma-promaq"},"modified":"2017-02-02T11:59:16","modified_gmt":"2017-02-02T11:59:16","slug":"carro-plataforma-promaq","status":"publish","type":"product","link":"https:\/\/twsites.com.br\/novomigcenter\/?product=carro-plataforma-promaq","title":{"rendered":"Carro Plataforma &#8211; PROMAQ"},"content":{"rendered":"<p><span style=\"font-weight: bold; text-decoration: underline;\">Descri\u00e7\u00e3o do Produto<\/span><\/p>\n<p>Carro Plataforma<\/p>\n<table class=\"table table-bordered\" style=\"background-color: rgb(255, 255, 255); width: 1457px;\">\n<tbody>\n<tr>\n<td><span style=\"font-weight: bold;\">Modelos<\/span><\/td>\n<td><span style=\"font-weight: bold;\">Dimens\u00f5es em mm<\/span><\/td>\n<td><span style=\"font-weight: bold;\">Dimens\u00f5es em mm<br \/><\/span><\/td>\n<td><span style=\"font-weight: bold;\">Dimens\u00f5es em mm<br \/><\/span><\/td>\n<td><span style=\"font-weight: bold;\">Quantidade de Bandejas<\/span><\/td>\n<\/tr>\n<tr>\n<td><span style=\"font-weight: bold;\"><br \/><\/span><\/td>\n<td><span style=\"font-weight: bold;\">Largura<\/span><\/td>\n<td><span style=\"font-weight: bold;\">Profundidade<\/span><\/td>\n<td><span style=\"font-weight: bold;\">Altura<\/span><\/td>\n<td><\/td>\n<\/tr>\n<tr>\n<td>PROCAT-1<\/td>\n<td>450<\/td>\n<td>700<\/td>\n<td>830<\/td>\n<td>1<\/td>\n<\/tr>\n<tr>\n<td>PROCAT-2<\/td>\n<td>450<\/td>\n<td>700<\/td>\n<td>830<\/td>\n<td>2<\/td>\n<\/tr>\n<tr>\n<td>PROCAT-3<\/td>\n<td>450<\/td>\n<td>700<\/td>\n<td>830<\/td>\n<td>3<\/td>\n<\/tr>\n<\/tbody>\n<\/table>\n<p><\/p>\n","protected":false},"excerpt":{"rendered":"<p>Descri\u00e7\u00e3o do Produto Carro Plataforma Modelos Dimens\u00f5es em mm Dimens\u00f5es em mm Dimens\u00f5es em mm Quantidade de Bandejas Largura Profundidade Altura PROCAT-1 450 700 830 1 PROCAT-2 450 700 830 2 PROCAT-3 450 700 830 3<\/p>\n","protected":false},"featured_media":10867,"comment_status":"open","ping_status":"closed","template":"","meta":[],"product_brand":[],"product_cat":[390],"product_tag":[],"class_list":{"0":"post-10868","1":"product","2":"type-product","3":"status-publish","4":"has-post-thumbnail","6":"product_cat-acessorios-em-inox","8":"first","9":"instock","10":"shipping-taxable","11":"purchasable","12":"product-type-simple"},"_links":{"self":[{"href":"https:\/\/twsites.com.br\/novomigcenter\/index.php?rest_route=\/wp\/v2\/product\/10868","targetHints":{"allow":["GET"]}}],"collection":[{"href":"https:\/\/twsites.com.br\/novomigcenter\/index.php?rest_route=\/wp\/v2\/product"}],"about":[{"href":"https:\/\/twsites.com.br\/novomigcenter\/index.php?rest_route=\/wp\/v2\/types\/product"}],"replies":[{"embeddable":true,"href":"https:\/\/twsites.com.br\/novomigcenter\/index.php?rest_route=%2Fwp%2Fv2%2Fcomments&post=10868"}],"wp:featuredmedia":[{"embeddable":true,"href":"https:\/\/twsites.com.br\/novomigcenter\/index.php?rest_route=\/wp\/v2\/media\/10867"}],"wp:attachment":[{"href":"https:\/\/twsites.com.br\/novomigcenter\/index.php?rest_route=%2Fwp%2Fv2%2Fmedia&parent=10868"}],"wp:term":[{"taxonomy":"product_brand","embeddable":true,"href":"https:\/\/twsites.com.br\/novomigcenter\/index.php?rest_route=%2Fwp%2Fv2%2Fproduct_brand&post=10868"},{"taxonomy":"product_cat","embeddable":true,"href":"https:\/\/twsites.com.br\/novomigcenter\/index.php?rest_route=%2Fwp%2Fv2%2Fproduct_cat&post=10868"},{"taxonomy":"product_tag","embeddable":true,"href":"https:\/\/twsites.com.br\/novomigcenter\/index.php?rest_route=%2Fwp%2Fv2%2Fproduct_tag&post=10868"}],"curies":[{"name":"wp","href":"https:\/\/api.w.org\/{rel}","templated":true}]}}