{"id":10872,"date":"2017-02-02T14:04:24","date_gmt":"2017-02-02T14:04:24","guid":{"rendered":"https:\/\/twsites.com.br\/novomigcenter\/?product=gabinete-para-corte-de-frango-promaq"},"modified":"2017-02-02T14:04:24","modified_gmt":"2017-02-02T14:04:24","slug":"gabinete-para-corte-de-frango-promaq","status":"publish","type":"product","link":"https:\/\/twsites.com.br\/novomigcenter\/?product=gabinete-para-corte-de-frango-promaq","title":{"rendered":"Gabinete para Corte de Frango &#8211; PROMAQ"},"content":{"rendered":"<p><span style=\"font-weight: bold; text-decoration: underline;\">Descri\u00e7\u00e3o do Produto<\/span><\/p>\n<p><span style=\"font-weight: bold; text-decoration: underline;\"><br \/><\/span><\/p>\n<table class=\"table table-bordered\">\n<tbody>\n<tr>\n<td><span style=\"font-weight: bold;\">Modelos<\/span><\/td>\n<td><span style=\"font-weight: bold;\">Dimens\u00e3o em mm<\/span><\/td>\n<td><span style=\"font-weight: bold;\">Dimens\u00e3o em mm<br \/><\/span><\/td>\n<td><span style=\"font-weight: bold;\">Dimens\u00e3o em mm<br \/><\/span><\/td>\n<\/tr>\n<tr>\n<td><span style=\"font-weight: bold;\"><br \/><\/span><\/td>\n<td><span style=\"font-weight: bold;\">Largura<\/span><\/td>\n<td><span style=\"font-weight: bold;\">Profundidade<\/span><\/td>\n<td><span style=\"font-weight: bold;\">Altura<\/span><\/td>\n<\/tr>\n<tr>\n<td>PROFRANG-1<\/td>\n<td>800<\/td>\n<td>700<\/td>\n<td>850<\/td>\n<\/tr>\n<tr>\n<td>PROFRANG-2<\/td>\n<td>1000<\/td>\n<td>700<\/td>\n<td>850<\/td>\n<\/tr>\n<tr>\n<td>PROFRANG-3<\/td>\n<td>1200<\/td>\n<td>700<\/td>\n<td>850<\/td>\n<\/tr>\n<tr>\n<td>PROFRANG-4<\/td>\n<td>1500<\/td>\n<td>700<\/td>\n<td>850<\/td>\n<\/tr>\n<\/tbody>\n<\/table>\n<p><span style=\"font-weight: bold; text-decoration: underline;\"><br \/><\/span><\/p>\n","protected":false},"excerpt":{"rendered":"<p>Descri\u00e7\u00e3o do Produto Modelos Dimens\u00e3o em mm Dimens\u00e3o em mm Dimens\u00e3o em mm Largura Profundidade Altura PROFRANG-1 800 700 850 PROFRANG-2 1000 700 850 PROFRANG-3 1200 700 850 PROFRANG-4 1500 700 850<\/p>\n","protected":false},"featured_media":10871,"comment_status":"open","ping_status":"closed","template":"","meta":[],"product_brand":[],"product_cat":[390],"product_tag":[],"class_list":{"0":"post-10872","1":"product","2":"type-product","3":"status-publish","4":"has-post-thumbnail","6":"product_cat-acessorios-em-inox","8":"first","9":"instock","10":"shipping-taxable","11":"purchasable","12":"product-type-simple"},"_links":{"self":[{"href":"https:\/\/twsites.com.br\/novomigcenter\/index.php?rest_route=\/wp\/v2\/product\/10872","targetHints":{"allow":["GET"]}}],"collection":[{"href":"https:\/\/twsites.com.br\/novomigcenter\/index.php?rest_route=\/wp\/v2\/product"}],"about":[{"href":"https:\/\/twsites.com.br\/novomigcenter\/index.php?rest_route=\/wp\/v2\/types\/product"}],"replies":[{"embeddable":true,"href":"https:\/\/twsites.com.br\/novomigcenter\/index.php?rest_route=%2Fwp%2Fv2%2Fcomments&post=10872"}],"wp:featuredmedia":[{"embeddable":true,"href":"https:\/\/twsites.com.br\/novomigcenter\/index.php?rest_route=\/wp\/v2\/media\/10871"}],"wp:attachment":[{"href":"https:\/\/twsites.com.br\/novomigcenter\/index.php?rest_route=%2Fwp%2Fv2%2Fmedia&parent=10872"}],"wp:term":[{"taxonomy":"product_brand","embeddable":true,"href":"https:\/\/twsites.com.br\/novomigcenter\/index.php?rest_route=%2Fwp%2Fv2%2Fproduct_brand&post=10872"},{"taxonomy":"product_cat","embeddable":true,"href":"https:\/\/twsites.com.br\/novomigcenter\/index.php?rest_route=%2Fwp%2Fv2%2Fproduct_cat&post=10872"},{"taxonomy":"product_tag","embeddable":true,"href":"https:\/\/twsites.com.br\/novomigcenter\/index.php?rest_route=%2Fwp%2Fv2%2Fproduct_tag&post=10872"}],"curies":[{"name":"wp","href":"https:\/\/api.w.org\/{rel}","templated":true}]}}