{"id":10878,"date":"2017-02-02T14:29:44","date_gmt":"2017-02-02T14:29:44","guid":{"rendered":"https:\/\/twsites.com.br\/novomigcenter\/?product=prateleira-lisa-promaq"},"modified":"2017-02-02T14:29:44","modified_gmt":"2017-02-02T14:29:44","slug":"prateleira-lisa-promaq","status":"publish","type":"product","link":"https:\/\/twsites.com.br\/novomigcenter\/?product=prateleira-lisa-promaq","title":{"rendered":"Prateleira Lisa &#8211; PROMAQ"},"content":{"rendered":"<p><font face=\"Arial\"><b>Descri\u00e7\u00e3o do Produto<\/b><\/font><\/p>\n<p><font face=\"Arial\"><br \/><\/font><\/p>\n<table class=\"table table-bordered\">\n<tbody>\n<tr>\n<td><font face=\"Arial\">Modelos Prateleiras<\/font><\/td>\n<td><font face=\"Arial\"><br \/><\/font><\/td>\n<\/tr>\n<tr>\n<td><font face=\"Arial\">Dimens\u00f5es em mm<\/font><\/td>\n<td><font face=\"Arial\"><br \/><\/font><\/td>\n<\/tr>\n<tr>\n<td><font face=\"Arial\">Externas<\/font><\/td>\n<td><font face=\"Arial\"><br \/><\/font><\/td>\n<\/tr>\n<tr>\n<td><font face=\"Arial\">Largura<\/font><\/td>\n<td><font face=\"Arial\">Profundidade<\/font><\/td>\n<\/tr>\n<tr>\n<td><font face=\"Arial\">1200<\/font><\/td>\n<td><font face=\"Arial\">400<\/font><\/td>\n<\/tr>\n<tr>\n<td><font face=\"Arial\">1500<\/font><\/td>\n<td><font face=\"Arial\">400<\/font><\/td>\n<\/tr>\n<tr>\n<td><font face=\"Arial\">1800<\/font><\/td>\n<td><font face=\"Arial\">400<\/font><\/td>\n<\/tr>\n<tr>\n<td><font face=\"Arial\">2000<\/font><\/td>\n<td><font face=\"Arial\">400<\/font><\/td>\n<\/tr>\n<\/tbody>\n<\/table>\n<p><\/p>\n","protected":false},"excerpt":{"rendered":"<p>Descri\u00e7\u00e3o do Produto Modelos Prateleiras Dimens\u00f5es em mm Externas Largura Profundidade 1200 400 1500 400 1800 400 2000 400<\/p>\n","protected":false},"featured_media":10877,"comment_status":"open","ping_status":"closed","template":"","meta":[],"product_brand":[],"product_cat":[356],"product_tag":[],"class_list":{"0":"post-10878","1":"product","2":"type-product","3":"status-publish","4":"has-post-thumbnail","6":"product_cat-prateleira","8":"first","9":"instock","10":"shipping-taxable","11":"purchasable","12":"product-type-simple"},"_links":{"self":[{"href":"https:\/\/twsites.com.br\/novomigcenter\/index.php?rest_route=\/wp\/v2\/product\/10878","targetHints":{"allow":["GET"]}}],"collection":[{"href":"https:\/\/twsites.com.br\/novomigcenter\/index.php?rest_route=\/wp\/v2\/product"}],"about":[{"href":"https:\/\/twsites.com.br\/novomigcenter\/index.php?rest_route=\/wp\/v2\/types\/product"}],"replies":[{"embeddable":true,"href":"https:\/\/twsites.com.br\/novomigcenter\/index.php?rest_route=%2Fwp%2Fv2%2Fcomments&post=10878"}],"wp:featuredmedia":[{"embeddable":true,"href":"https:\/\/twsites.com.br\/novomigcenter\/index.php?rest_route=\/wp\/v2\/media\/10877"}],"wp:attachment":[{"href":"https:\/\/twsites.com.br\/novomigcenter\/index.php?rest_route=%2Fwp%2Fv2%2Fmedia&parent=10878"}],"wp:term":[{"taxonomy":"product_brand","embeddable":true,"href":"https:\/\/twsites.com.br\/novomigcenter\/index.php?rest_route=%2Fwp%2Fv2%2Fproduct_brand&post=10878"},{"taxonomy":"product_cat","embeddable":true,"href":"https:\/\/twsites.com.br\/novomigcenter\/index.php?rest_route=%2Fwp%2Fv2%2Fproduct_cat&post=10878"},{"taxonomy":"product_tag","embeddable":true,"href":"https:\/\/twsites.com.br\/novomigcenter\/index.php?rest_route=%2Fwp%2Fv2%2Fproduct_tag&post=10878"}],"curies":[{"name":"wp","href":"https:\/\/api.w.org\/{rel}","templated":true}]}}