{"id":10880,"date":"2017-02-02T14:33:16","date_gmt":"2017-02-02T14:33:16","guid":{"rendered":"https:\/\/twsites.com.br\/novomigcenter\/?product=prateleira-gradeada-promaq"},"modified":"2017-02-02T14:33:16","modified_gmt":"2017-02-02T14:33:16","slug":"prateleira-gradeada-promaq","status":"publish","type":"product","link":"https:\/\/twsites.com.br\/novomigcenter\/?product=prateleira-gradeada-promaq","title":{"rendered":"Prateleira Gradeada &#8211; PROMAQ"},"content":{"rendered":"<p><span style=\"font-weight: bold; text-decoration: underline;\">Descri\u00e7\u00e3o do Produto<\/span><\/p>\n<p><\/p>\n<table class=\"table table-bordered\" style=\"background-color: rgb(255, 255, 255); width: 1440px;\">\n<tbody>\n<tr>\n<td><span style=\"font-weight: bold;\">Modelos Prateleiras<\/span><\/td>\n<td><span style=\"font-weight: bold;\"><br \/><\/span><\/td>\n<\/tr>\n<tr>\n<td><span style=\"font-weight: bold;\">Dimens\u00f5es em mm<\/span><\/td>\n<td><span style=\"font-weight: bold;\"><br \/><\/span><\/td>\n<\/tr>\n<tr>\n<td><span style=\"font-weight: bold;\">Externas<\/span><\/td>\n<td><span style=\"font-weight: bold;\"><br \/><\/span><\/td>\n<\/tr>\n<tr>\n<td><span style=\"font-weight: bold;\">Largura<\/span><\/td>\n<td><span style=\"font-weight: bold;\">Profundidade<\/span><\/td>\n<\/tr>\n<tr>\n<td>1200<\/td>\n<td>400<\/td>\n<\/tr>\n<tr>\n<td>1500<\/td>\n<td>400<\/td>\n<\/tr>\n<tr>\n<td>1800<\/td>\n<td>400<\/td>\n<\/tr>\n<tr>\n<td>2000<\/td>\n<td>400<\/td>\n<\/tr>\n<\/tbody>\n<\/table>\n","protected":false},"excerpt":{"rendered":"<p>Descri\u00e7\u00e3o do Produto Modelos Prateleiras Dimens\u00f5es em mm Externas Largura Profundidade 1200 400 1500 400 1800 400 2000 400<\/p>\n","protected":false},"featured_media":10879,"comment_status":"open","ping_status":"closed","template":"","meta":[],"product_brand":[],"product_cat":[356],"product_tag":[],"class_list":{"0":"post-10880","1":"product","2":"type-product","3":"status-publish","4":"has-post-thumbnail","6":"product_cat-prateleira","8":"first","9":"instock","10":"shipping-taxable","11":"purchasable","12":"product-type-simple"},"_links":{"self":[{"href":"https:\/\/twsites.com.br\/novomigcenter\/index.php?rest_route=\/wp\/v2\/product\/10880","targetHints":{"allow":["GET"]}}],"collection":[{"href":"https:\/\/twsites.com.br\/novomigcenter\/index.php?rest_route=\/wp\/v2\/product"}],"about":[{"href":"https:\/\/twsites.com.br\/novomigcenter\/index.php?rest_route=\/wp\/v2\/types\/product"}],"replies":[{"embeddable":true,"href":"https:\/\/twsites.com.br\/novomigcenter\/index.php?rest_route=%2Fwp%2Fv2%2Fcomments&post=10880"}],"wp:featuredmedia":[{"embeddable":true,"href":"https:\/\/twsites.com.br\/novomigcenter\/index.php?rest_route=\/wp\/v2\/media\/10879"}],"wp:attachment":[{"href":"https:\/\/twsites.com.br\/novomigcenter\/index.php?rest_route=%2Fwp%2Fv2%2Fmedia&parent=10880"}],"wp:term":[{"taxonomy":"product_brand","embeddable":true,"href":"https:\/\/twsites.com.br\/novomigcenter\/index.php?rest_route=%2Fwp%2Fv2%2Fproduct_brand&post=10880"},{"taxonomy":"product_cat","embeddable":true,"href":"https:\/\/twsites.com.br\/novomigcenter\/index.php?rest_route=%2Fwp%2Fv2%2Fproduct_cat&post=10880"},{"taxonomy":"product_tag","embeddable":true,"href":"https:\/\/twsites.com.br\/novomigcenter\/index.php?rest_route=%2Fwp%2Fv2%2Fproduct_tag&post=10880"}],"curies":[{"name":"wp","href":"https:\/\/api.w.org\/{rel}","templated":true}]}}