{"id":10886,"date":"2017-02-02T15:03:48","date_gmt":"2017-02-02T15:03:48","guid":{"rendered":"https:\/\/twsites.com.br\/novomigcenter\/?product=prateleira-para-pratos-fritomaq"},"modified":"2017-02-02T15:03:48","modified_gmt":"2017-02-02T15:03:48","slug":"prateleira-para-pratos-fritomaq","status":"publish","type":"product","link":"https:\/\/twsites.com.br\/novomigcenter\/?product=prateleira-para-pratos-fritomaq","title":{"rendered":"Prateleira para Prato &#8211; Fritomaq"},"content":{"rendered":"<p><span style=\"font-weight: bold; text-decoration: underline;\"><font face=\"Arial\">Descri\u00e7\u00e3o do Produto<\/font><\/span><\/p>\n<p><font face=\"Arial\">Prateleira em inox suspensa por m\u00e3o francesa.<\/font><\/p>\n<p><span style=\"font-weight: bold;\"><font face=\"Arial\">Medidas<\/font><\/span><\/p>\n<p><font face=\"Arial\">A &#8211; 100 x 40 cm<\/font><\/p>\n<p><font face=\"Arial\">B &#8211; 120 x 40 cm<\/font><\/p>\n<p><font face=\"Arial\">C &#8211; 150 x 40 cm<\/font><\/p>\n<p><font face=\"Arial\">D &#8211; 180 x 40 cm<\/font><\/p>\n<p><font face=\"Arial\">E &#8211; 200 x 40 cm<\/font><\/p>\n","protected":false},"excerpt":{"rendered":"<p>Descri\u00e7\u00e3o do Produto Prateleira em inox suspensa por m\u00e3o francesa. Medidas A &#8211; 100 x 40 cm B &#8211; 120 x 40 cm C &#8211; 150 x 40 cm D &#8211; 180 x 40 cm E &#8211; 200 x 40 cm<\/p>\n","protected":false},"featured_media":10885,"comment_status":"open","ping_status":"closed","template":"","meta":[],"product_brand":[],"product_cat":[356],"product_tag":[],"class_list":{"0":"post-10886","1":"product","2":"type-product","3":"status-publish","4":"has-post-thumbnail","6":"product_cat-prateleira","8":"first","9":"instock","10":"shipping-taxable","11":"purchasable","12":"product-type-simple"},"_links":{"self":[{"href":"https:\/\/twsites.com.br\/novomigcenter\/index.php?rest_route=\/wp\/v2\/product\/10886","targetHints":{"allow":["GET"]}}],"collection":[{"href":"https:\/\/twsites.com.br\/novomigcenter\/index.php?rest_route=\/wp\/v2\/product"}],"about":[{"href":"https:\/\/twsites.com.br\/novomigcenter\/index.php?rest_route=\/wp\/v2\/types\/product"}],"replies":[{"embeddable":true,"href":"https:\/\/twsites.com.br\/novomigcenter\/index.php?rest_route=%2Fwp%2Fv2%2Fcomments&post=10886"}],"wp:featuredmedia":[{"embeddable":true,"href":"https:\/\/twsites.com.br\/novomigcenter\/index.php?rest_route=\/wp\/v2\/media\/10885"}],"wp:attachment":[{"href":"https:\/\/twsites.com.br\/novomigcenter\/index.php?rest_route=%2Fwp%2Fv2%2Fmedia&parent=10886"}],"wp:term":[{"taxonomy":"product_brand","embeddable":true,"href":"https:\/\/twsites.com.br\/novomigcenter\/index.php?rest_route=%2Fwp%2Fv2%2Fproduct_brand&post=10886"},{"taxonomy":"product_cat","embeddable":true,"href":"https:\/\/twsites.com.br\/novomigcenter\/index.php?rest_route=%2Fwp%2Fv2%2Fproduct_cat&post=10886"},{"taxonomy":"product_tag","embeddable":true,"href":"https:\/\/twsites.com.br\/novomigcenter\/index.php?rest_route=%2Fwp%2Fv2%2Fproduct_tag&post=10886"}],"curies":[{"name":"wp","href":"https:\/\/api.w.org\/{rel}","templated":true}]}}