{"id":10890,"date":"2017-02-07T14:22:48","date_gmt":"2017-02-07T14:22:48","guid":{"rendered":"https:\/\/twsites.com.br\/novomigcenter\/?product=carrinho-de-churrasco-c-c-0-alsa"},"modified":"2017-02-07T14:22:48","modified_gmt":"2017-02-07T14:22:48","slug":"carrinho-de-churrasco-c-c-0-alsa","status":"publish","type":"product","link":"https:\/\/twsites.com.br\/novomigcenter\/?product=carrinho-de-churrasco-c-c-0-alsa","title":{"rendered":"Carrinho de churrasco &#8211; C.C.0 &#8211; Alsa"},"content":{"rendered":"<p><span style=\"font-weight: bold; font-size: 14px;\"><font face=\"Arial\"><br \/><\/font><\/span><\/p>\n<p><span style=\"font-weight: bold; font-size: 14px;\"><font face=\"Arial\">Descri\u00e7\u00f5es T\u00e9cnicas<\/font><\/span><\/p>\n<p><font face=\"Arial\"><span style=\"font-size: 14px;\"><br \/><\/span><\/font><\/p>\n<p><font face=\"Arial\"><span style=\"font-size: 14px;\">Parte Superior em A\u00e7o Inox 430 Bitola 28<\/span><\/font><\/p>\n<p><font face=\"Arial\"><span style=\"font-size: 14px;\">Coifa em A\u00e7o Galvanizada Bitola 28<\/span><\/font><\/p>\n<p><font face=\"Arial\"><span style=\"font-size: 14px;\">Parte Inferior em Chapa Branca Bitola 26<\/span><\/font><\/p>\n<p><font face=\"Arial\"><span style=\"font-size: 14px;\">Churrasqueira Remov\u00edvel com 2 grades<\/span><\/font><\/p>\n<p><font face=\"Arial\"><span style=\"font-size: 14px;\">em tela de a\u00e7o inox<\/span><\/font><\/p>\n<p><font face=\"Arial\"><span style=\"font-size: 14px;\">Funcionamento a Carv\u00e3o<\/span><\/font><\/p>\n<p><font face=\"Arial\"><span style=\"font-size: 14px;\">2 &#8211; Rodas de 9 Polegadas<\/span><\/font><\/p>\n<p><font face=\"Arial\"><span style=\"font-size: 14px;\">Com descanso na parte de tr\u00e1s<\/span><\/font><\/p>\n<p><font face=\"Arial\"><span style=\"font-size: 14px;\">Medidas: 60 x 50 x 180<\/span><\/font><\/p>\n","protected":false},"excerpt":{"rendered":"<p>Descri\u00e7\u00f5es T\u00e9cnicas Parte Superior em A\u00e7o Inox 430 Bitola 28 Coifa em A\u00e7o Galvanizada Bitola 28 Parte Inferior em Chapa Branca Bitola 26 Churrasqueira Remov\u00edvel com 2 grades em tela de a\u00e7o inox Funcionamento a Carv\u00e3o 2 &#8211; Rodas de 9 Polegadas Com descanso na parte de tr\u00e1s Medidas: 60 x 50 x 180<\/p>\n","protected":false},"featured_media":10889,"comment_status":"open","ping_status":"closed","template":"","meta":[],"product_brand":[],"product_cat":[379,439],"product_tag":[],"class_list":{"0":"post-10890","1":"product","2":"type-product","3":"status-publish","4":"has-post-thumbnail","6":"product_cat-carro-de-churrasco","7":"product_cat-festa","9":"first","10":"instock","11":"shipping-taxable","12":"purchasable","13":"product-type-simple"},"_links":{"self":[{"href":"https:\/\/twsites.com.br\/novomigcenter\/index.php?rest_route=\/wp\/v2\/product\/10890","targetHints":{"allow":["GET"]}}],"collection":[{"href":"https:\/\/twsites.com.br\/novomigcenter\/index.php?rest_route=\/wp\/v2\/product"}],"about":[{"href":"https:\/\/twsites.com.br\/novomigcenter\/index.php?rest_route=\/wp\/v2\/types\/product"}],"replies":[{"embeddable":true,"href":"https:\/\/twsites.com.br\/novomigcenter\/index.php?rest_route=%2Fwp%2Fv2%2Fcomments&post=10890"}],"wp:featuredmedia":[{"embeddable":true,"href":"https:\/\/twsites.com.br\/novomigcenter\/index.php?rest_route=\/wp\/v2\/media\/10889"}],"wp:attachment":[{"href":"https:\/\/twsites.com.br\/novomigcenter\/index.php?rest_route=%2Fwp%2Fv2%2Fmedia&parent=10890"}],"wp:term":[{"taxonomy":"product_brand","embeddable":true,"href":"https:\/\/twsites.com.br\/novomigcenter\/index.php?rest_route=%2Fwp%2Fv2%2Fproduct_brand&post=10890"},{"taxonomy":"product_cat","embeddable":true,"href":"https:\/\/twsites.com.br\/novomigcenter\/index.php?rest_route=%2Fwp%2Fv2%2Fproduct_cat&post=10890"},{"taxonomy":"product_tag","embeddable":true,"href":"https:\/\/twsites.com.br\/novomigcenter\/index.php?rest_route=%2Fwp%2Fv2%2Fproduct_tag&post=10890"}],"curies":[{"name":"wp","href":"https:\/\/api.w.org\/{rel}","templated":true}]}}