{"id":10892,"date":"2017-02-07T14:29:19","date_gmt":"2017-02-07T14:29:19","guid":{"rendered":"https:\/\/twsites.com.br\/novomigcenter\/?product=carrinho-de-churrasco-grego-ccg1-alsa"},"modified":"2017-02-07T14:29:19","modified_gmt":"2017-02-07T14:29:19","slug":"carrinho-de-churrasco-grego-ccg1-alsa","status":"publish","type":"product","link":"https:\/\/twsites.com.br\/novomigcenter\/?product=carrinho-de-churrasco-grego-ccg1-alsa","title":{"rendered":"Carrinho de churrasco Grego &#8211; CCG1 &#8211; Alsa"},"content":{"rendered":"<p><span style=\"font-weight: bold; font-size: 14px;\"><font face=\"Arial\">Descri\u00e7\u00f5es T\u00e9cnicas<\/font><\/span><\/p>\n<p><font face=\"Arial\"><span style=\"font-size: 14px;\"><br \/><\/span><\/font><\/p>\n<p><font face=\"Arial\"><span style=\"font-size: 14px;\">Parte Superior em A\u00e7o Inox 430 Bitola 28<\/span><\/font><\/p>\n<p><font face=\"Arial\"><span style=\"font-size: 14px;\">Parte Inferior em Chapa Branca Bitola 26<\/span><\/font><\/p>\n<p><font face=\"Arial\"><span style=\"font-size: 14px;\">Funcionamento a G\u00e1s com Queimadores&nbsp;<\/span><\/font><span style=\"font-size: 14px; font-family: Arial;\">Infra Vermelho<\/span><\/p>\n<p><font face=\"Arial\"><span style=\"font-size: 14px;\">Sistema de Baixa Press\u00e3o<\/span><\/font><\/p>\n<p><font face=\"Arial\"><span style=\"font-size: 14px;\">2 &#8211; Gavetas<\/span><\/font><\/p>\n<p><font face=\"Arial\"><span style=\"font-size: 14px;\">1 &#8211; Basculante para P\u00e3o<\/span><\/font><\/p>\n<p><font face=\"Arial\"><span style=\"font-size: 14px;\">1 &#8211; Dep\u00f3sito para Botij\u00e3o de G\u00e1s<\/span><\/font><\/p>\n<p><font face=\"Arial\"><span style=\"font-size: 14px;\">1 &#8211; Prateleira Laterais<\/span><\/font><\/p>\n<p><font face=\"Arial\"><span style=\"font-size: 14px;\">1 &#8211; Espeto para Carne<\/span><\/font><\/p>\n<p><font face=\"Arial\"><span style=\"font-size: 14px;\">1 &#8211; P\u00e1zinha<\/span><\/font><\/p>\n<p><font face=\"Arial\"><span style=\"font-size: 14px;\">2 &#8211; Rodas de 9 Polegadas<\/span><\/font><\/p>\n<p><font face=\"Arial\"><span style=\"font-size: 14px;\">2 &#8211; Rodas Girat\u00f3ria de 3 Polegadas<\/span><\/font><\/p>\n<p><font face=\"Arial\"><span style=\"font-size: 14px;\">Medidas: 86 x 56 x 165 CM<\/span><\/font><\/p>\n<p><font face=\"Arial\"><span style=\"font-size: 14px;\">&nbsp;<\/span><\/font><\/p>\n<p><span style=\"font-weight: bold; font-size: 14px;\"><font face=\"Arial\">Modelos<\/font><\/span><\/p>\n<p><font face=\"Arial\"><span style=\"font-size: 14px;\">C.C.G.1. &#8211; com 2 Queimadores Infra<\/span><\/font><\/p>\n<p><font face=\"Arial\"><span style=\"font-size: 14px;\">Vermelho 86 x 56 x 165 CM<\/span><\/font><\/p>\n<p><font face=\"Arial\"><span style=\"font-size: 14px;\">C.C.G.1.2. \u2013 com 3 Queimadores Infra<\/span><\/font><\/p>\n<p>Vermelho 86 x 56 x 165 CM<\/p>\n","protected":false},"excerpt":{"rendered":"<p>Descri\u00e7\u00f5es T\u00e9cnicas Parte Superior em A\u00e7o Inox 430 Bitola 28 Parte Inferior em Chapa Branca Bitola 26 Funcionamento a G\u00e1s com Queimadores&nbsp;Infra Vermelho Sistema de Baixa Press\u00e3o 2 &#8211; Gavetas 1 &#8211; Basculante para P\u00e3o 1 &#8211; Dep\u00f3sito para Botij\u00e3o de G\u00e1s 1 &#8211; Prateleira Laterais 1 &#8211; Espeto para Carne 1 &#8211; P\u00e1zinha 2 [&hellip;]<\/p>\n","protected":false},"featured_media":10891,"comment_status":"open","ping_status":"closed","template":"","meta":[],"product_brand":[],"product_cat":[379,439],"product_tag":[],"class_list":{"0":"post-10892","1":"product","2":"type-product","3":"status-publish","4":"has-post-thumbnail","6":"product_cat-carro-de-churrasco","7":"product_cat-festa","9":"first","10":"instock","11":"shipping-taxable","12":"purchasable","13":"product-type-simple"},"_links":{"self":[{"href":"https:\/\/twsites.com.br\/novomigcenter\/index.php?rest_route=\/wp\/v2\/product\/10892","targetHints":{"allow":["GET"]}}],"collection":[{"href":"https:\/\/twsites.com.br\/novomigcenter\/index.php?rest_route=\/wp\/v2\/product"}],"about":[{"href":"https:\/\/twsites.com.br\/novomigcenter\/index.php?rest_route=\/wp\/v2\/types\/product"}],"replies":[{"embeddable":true,"href":"https:\/\/twsites.com.br\/novomigcenter\/index.php?rest_route=%2Fwp%2Fv2%2Fcomments&post=10892"}],"wp:featuredmedia":[{"embeddable":true,"href":"https:\/\/twsites.com.br\/novomigcenter\/index.php?rest_route=\/wp\/v2\/media\/10891"}],"wp:attachment":[{"href":"https:\/\/twsites.com.br\/novomigcenter\/index.php?rest_route=%2Fwp%2Fv2%2Fmedia&parent=10892"}],"wp:term":[{"taxonomy":"product_brand","embeddable":true,"href":"https:\/\/twsites.com.br\/novomigcenter\/index.php?rest_route=%2Fwp%2Fv2%2Fproduct_brand&post=10892"},{"taxonomy":"product_cat","embeddable":true,"href":"https:\/\/twsites.com.br\/novomigcenter\/index.php?rest_route=%2Fwp%2Fv2%2Fproduct_cat&post=10892"},{"taxonomy":"product_tag","embeddable":true,"href":"https:\/\/twsites.com.br\/novomigcenter\/index.php?rest_route=%2Fwp%2Fv2%2Fproduct_tag&post=10892"}],"curies":[{"name":"wp","href":"https:\/\/api.w.org\/{rel}","templated":true}]}}