{"id":10896,"date":"2017-02-07T14:37:37","date_gmt":"2017-02-07T14:37:37","guid":{"rendered":"https:\/\/twsites.com.br\/novomigcenter\/?product=carrinho-de-pipoca-alto-c-p-a-alsa"},"modified":"2017-02-07T14:37:37","modified_gmt":"2017-02-07T14:37:37","slug":"carrinho-de-pipoca-alto-c-p-a-alsa","status":"publish","type":"product","link":"https:\/\/twsites.com.br\/novomigcenter\/?product=carrinho-de-pipoca-alto-c-p-a-alsa","title":{"rendered":"Carrinho de pipoca alto &#8211; C.P.A &#8211; Alsa"},"content":{"rendered":"<p><span style=\"font-weight: bold; font-size: 14px;\"><font face=\"Arial\">Descri\u00e7\u00f5es T\u00e9cnicas<\/font><\/span><\/p>\n<p><font face=\"Arial\"><span style=\"font-size: 14px;\">Parte Superior em A\u00e7o Inox 430 Bitola 28<\/span><\/font><\/p>\n<p><font face=\"Arial\"><span style=\"font-size: 14px;\">Parte Inferior em Chapa Branca Bitola 26<\/span><\/font><\/p>\n<p><font face=\"Arial\"><span style=\"font-size: 14px;\">Vidros de 4mm<\/span><\/font><\/p>\n<p><font face=\"Arial\"><span style=\"font-size: 14px;\">1 &#8211; Pipoqueira<\/span><\/font><\/p>\n<p><font face=\"Arial\"><span style=\"font-size: 14px;\">2 &#8211; Divis\u00f3rias para Pipoca com Porta em A\u00e7o na<\/span><\/font><\/p>\n<p><font face=\"Arial\"><span style=\"font-size: 14px;\">Lateral<\/span><\/font><\/p>\n<p><font face=\"Arial\"><span style=\"font-size: 14px;\">1 &#8211; Queimador de Alta Press\u00e3o com Mangueira<\/span><\/font><\/p>\n<p><font face=\"Arial\"><span style=\"font-size: 14px;\">e Registro<\/span><\/font><\/p>\n<p><font face=\"Arial\"><span style=\"font-size: 14px;\">2 &#8211; Gavetas<\/span><\/font><\/p>\n<p><font face=\"Arial\"><span style=\"font-size: 14px;\">Na Porta Inferior \u00c1rea Livre<\/span><\/font><\/p>\n<p><font face=\"Arial\"><span style=\"font-size: 14px;\">Funcionamento a G\u00e1s sendo Alta Press\u00e3o<\/span><\/font><\/p>\n<p><font face=\"Arial\"><span style=\"font-size: 14px;\">2 &#8211; Rodas de 12 Polegadas Pneum\u00e1ticas<\/span><\/font><\/p>\n<p><font face=\"Arial\"><span style=\"font-size: 14px;\">e Descanso<\/span><\/font><\/p>\n<p><font face=\"Arial\"><span style=\"font-size: 14px;\">Medidas: 100 x 50 x 180cm<\/span><\/font><\/p>\n","protected":false},"excerpt":{"rendered":"<p>Descri\u00e7\u00f5es T\u00e9cnicas Parte Superior em A\u00e7o Inox 430 Bitola 28 Parte Inferior em Chapa Branca Bitola 26 Vidros de 4mm 1 &#8211; Pipoqueira 2 &#8211; Divis\u00f3rias para Pipoca com Porta em A\u00e7o na Lateral 1 &#8211; Queimador de Alta Press\u00e3o com Mangueira e Registro 2 &#8211; Gavetas Na Porta Inferior \u00c1rea Livre Funcionamento a G\u00e1s [&hellip;]<\/p>\n","protected":false},"featured_media":10895,"comment_status":"open","ping_status":"closed","template":"","meta":[],"product_brand":[],"product_cat":[381],"product_tag":[],"class_list":{"0":"post-10896","1":"product","2":"type-product","3":"status-publish","4":"has-post-thumbnail","6":"product_cat-carro-de-pipocas","8":"first","9":"instock","10":"shipping-taxable","11":"purchasable","12":"product-type-simple"},"_links":{"self":[{"href":"https:\/\/twsites.com.br\/novomigcenter\/index.php?rest_route=\/wp\/v2\/product\/10896","targetHints":{"allow":["GET"]}}],"collection":[{"href":"https:\/\/twsites.com.br\/novomigcenter\/index.php?rest_route=\/wp\/v2\/product"}],"about":[{"href":"https:\/\/twsites.com.br\/novomigcenter\/index.php?rest_route=\/wp\/v2\/types\/product"}],"replies":[{"embeddable":true,"href":"https:\/\/twsites.com.br\/novomigcenter\/index.php?rest_route=%2Fwp%2Fv2%2Fcomments&post=10896"}],"wp:featuredmedia":[{"embeddable":true,"href":"https:\/\/twsites.com.br\/novomigcenter\/index.php?rest_route=\/wp\/v2\/media\/10895"}],"wp:attachment":[{"href":"https:\/\/twsites.com.br\/novomigcenter\/index.php?rest_route=%2Fwp%2Fv2%2Fmedia&parent=10896"}],"wp:term":[{"taxonomy":"product_brand","embeddable":true,"href":"https:\/\/twsites.com.br\/novomigcenter\/index.php?rest_route=%2Fwp%2Fv2%2Fproduct_brand&post=10896"},{"taxonomy":"product_cat","embeddable":true,"href":"https:\/\/twsites.com.br\/novomigcenter\/index.php?rest_route=%2Fwp%2Fv2%2Fproduct_cat&post=10896"},{"taxonomy":"product_tag","embeddable":true,"href":"https:\/\/twsites.com.br\/novomigcenter\/index.php?rest_route=%2Fwp%2Fv2%2Fproduct_tag&post=10896"}],"curies":[{"name":"wp","href":"https:\/\/api.w.org\/{rel}","templated":true}]}}