{"id":10898,"date":"2017-02-07T14:50:06","date_gmt":"2017-02-07T14:50:06","guid":{"rendered":"https:\/\/twsites.com.br\/novomigcenter\/?product=carro-de-sorvete-t350-volume-60-litros-thermototal"},"modified":"2017-02-07T14:50:06","modified_gmt":"2017-02-07T14:50:06","slug":"carro-de-sorvete-t350-volume-60-litros-thermototal","status":"publish","type":"product","link":"https:\/\/twsites.com.br\/novomigcenter\/?product=carro-de-sorvete-t350-volume-60-litros-thermototal","title":{"rendered":"Carro de Sorvete &#8211; T350 &#8211; Volume: 60 litros &#8211; Thermo Total"},"content":{"rendered":"<p><span style=\"font-weight: bold; text-decoration: underline; font-size: 14px;\"><font face=\"Arial\">Descri\u00e7\u00e3o do Produto<\/font><\/span><\/p>\n<p><span style=\"font-weight: bold; font-size: 14px;\"><font face=\"Arial\">CAPACIDADE DA CAIXA<\/font><\/span><\/p>\n<p><font face=\"Arial\"><span style=\"font-size: 14px;\">De 250 a 300 picol\u00e9s<\/span><\/font><\/p>\n<p><span style=\"font-weight: bold;\"><font face=\"Arial\"><br \/><\/font><\/span><\/p>\n<p><span style=\"font-weight: bold; font-size: 14px;\"><font face=\"Arial\">DIMENS\u00d5ES INTERNAS<\/font><\/span><\/p>\n<p><font face=\"Arial\"><span style=\"font-size: 14px;\">Parte Superior: 475 x 380mm<\/span><br \/><\/font><\/p>\n<p><font face=\"Arial\"><span style=\"font-size: 14px;\">Parte Inferior: 420 x 325mm<\/span><\/font><\/p>\n<p><font face=\"Arial\"><span style=\"font-size: 14px;\">Altura: 340mm<\/span><\/font><\/p>\n<p><font face=\"Arial\"><span style=\"font-size: 14px;\">Peso: 21kg<\/span><\/font><\/p>\n<p><font face=\"Arial\"><br \/><\/font><\/p>\n<p><span style=\"font-weight: bold; font-size: 14px;\"><font face=\"Arial\">CARACTER\u00cdSTICAS<\/font><\/span><\/p>\n<p><font face=\"Arial\"><span style=\"font-size: 14px;\">\u2022 Caixas (internas e externas) em poliestireno, com isolamento entre as caixas em poliuretano;<\/span><br \/><\/font><\/p>\n<p><font face=\"Arial\"><span style=\"font-size: 14px;\">\u2022 Pneus maci\u00e7os;<\/span><\/font><\/p>\n<p><font face=\"Arial\"><span style=\"font-size: 14px;\">\u2022 Rodas aro 20, com rolamentos<\/span><\/font><\/p>\n<p><font face=\"Arial\"><span style=\"font-size: 14px;\">\u2022 Arma\u00e7\u00e3o de ferro com suporte para guarda-sol;<\/span><\/font><\/p>\n<p><font face=\"Arial\"><span style=\"font-size: 14px;\">\u2022 Tampa grande de poliestireno, com borracha de veda\u00e7\u00e3o;<\/span><\/font><\/p>\n<p><font face=\"Arial\"><span style=\"font-size: 14px;\">\u2022 5 placas Eut\u00e9ticas para congelamento;<\/span><\/font><\/p>\n<p><font face=\"Arial\"><span style=\"font-size: 14px;\">\u2022 Tratamento anti ferrugem;<\/span><\/font><\/p>\n<p><font face=\"Arial\"><span style=\"font-size: 14px;\">\u2022 TAMPA PEQUENA, TAMPA GRANDE e CAIXA: Amarelo, Azul, Branco, Laranja, Verde e Vermelho;<\/span><\/font><\/p>\n<p><font face=\"Arial\"><span style=\"font-size: 14px;\">\u2022 LISTRAS\/FAIXAS: Amarelo, Azul, Branco, Preto, Vermelho e Verde<\/span><\/font><\/p>\n","protected":false},"excerpt":{"rendered":"<p>Descri\u00e7\u00e3o do Produto CAPACIDADE DA CAIXA De 250 a 300 picol\u00e9s DIMENS\u00d5ES INTERNAS Parte Superior: 475 x 380mm Parte Inferior: 420 x 325mm Altura: 340mm Peso: 21kg CARACTER\u00cdSTICAS \u2022 Caixas (internas e externas) em poliestireno, com isolamento entre as caixas em poliuretano; \u2022 Pneus maci\u00e7os; \u2022 Rodas aro 20, com rolamentos \u2022 Arma\u00e7\u00e3o de ferro [&hellip;]<\/p>\n","protected":false},"featured_media":10897,"comment_status":"open","ping_status":"closed","template":"","meta":[],"product_brand":[],"product_cat":[382],"product_tag":[],"class_list":{"0":"post-10898","1":"product","2":"type-product","3":"status-publish","4":"has-post-thumbnail","6":"product_cat-carro-de-sorvetes","8":"first","9":"instock","10":"shipping-taxable","11":"purchasable","12":"product-type-simple"},"_links":{"self":[{"href":"https:\/\/twsites.com.br\/novomigcenter\/index.php?rest_route=\/wp\/v2\/product\/10898","targetHints":{"allow":["GET"]}}],"collection":[{"href":"https:\/\/twsites.com.br\/novomigcenter\/index.php?rest_route=\/wp\/v2\/product"}],"about":[{"href":"https:\/\/twsites.com.br\/novomigcenter\/index.php?rest_route=\/wp\/v2\/types\/product"}],"replies":[{"embeddable":true,"href":"https:\/\/twsites.com.br\/novomigcenter\/index.php?rest_route=%2Fwp%2Fv2%2Fcomments&post=10898"}],"wp:featuredmedia":[{"embeddable":true,"href":"https:\/\/twsites.com.br\/novomigcenter\/index.php?rest_route=\/wp\/v2\/media\/10897"}],"wp:attachment":[{"href":"https:\/\/twsites.com.br\/novomigcenter\/index.php?rest_route=%2Fwp%2Fv2%2Fmedia&parent=10898"}],"wp:term":[{"taxonomy":"product_brand","embeddable":true,"href":"https:\/\/twsites.com.br\/novomigcenter\/index.php?rest_route=%2Fwp%2Fv2%2Fproduct_brand&post=10898"},{"taxonomy":"product_cat","embeddable":true,"href":"https:\/\/twsites.com.br\/novomigcenter\/index.php?rest_route=%2Fwp%2Fv2%2Fproduct_cat&post=10898"},{"taxonomy":"product_tag","embeddable":true,"href":"https:\/\/twsites.com.br\/novomigcenter\/index.php?rest_route=%2Fwp%2Fv2%2Fproduct_tag&post=10898"}],"curies":[{"name":"wp","href":"https:\/\/api.w.org\/{rel}","templated":true}]}}