{"id":10904,"date":"2017-02-07T15:36:38","date_gmt":"2017-02-07T15:36:38","guid":{"rendered":"https:\/\/twsites.com.br\/novomigcenter\/?product=maquina-de-algodao-doce-clean-profissional"},"modified":"2017-02-07T15:36:38","modified_gmt":"2017-02-07T15:36:38","slug":"maquina-de-algodao-doce-clean-profissional","status":"publish","type":"product","link":"https:\/\/twsites.com.br\/novomigcenter\/?product=maquina-de-algodao-doce-clean-profissional","title":{"rendered":"M\u00e1quina de Algod\u00e3o Doce &#8211; Clean Profissional"},"content":{"rendered":"<p><span style=\"font-weight: bold;\"><font face=\"Arial\"><br \/><\/font><\/span><\/p>\n<p><span style=\"font-weight: bold; font-size: 14px;\"><font face=\"Arial\">Descri\u00e7\u00e3o do Produto<\/font><\/span><\/p>\n<p><font face=\"Arial\"><b><br \/><\/b><\/font><\/p>\n<p><font face=\"Arial\"><b><span style=\"font-size: 14px;\">Design Inovador<\/span><\/b><\/font><\/p>\n<p><font face=\"Arial\"><span style=\"font-size: 14px;\">Reunindo aspectos favor\u00e1veis \u00e0 portabilidade e produtividade da m\u00e1quina, aliados \u00e0 apar\u00eancia alegre e ao mesmo tempo arrojada.<\/span><\/font><\/p>\n<p><font face=\"Arial\"><span style=\"font-size: 14px;\">Bacias pintadas com cores alegres e divertidas!<\/span><\/font><\/p>\n<p><font face=\"Arial\"><b><span style=\"font-size: 14px;\">Controle Eletr\u00f4nico de Amperagem<\/span><\/b><\/font><\/p>\n<p><font face=\"Arial\"><span style=\"font-size: 14px;\">Possibilita maior facilidade na produ\u00e7\u00e3o, assim como maior seguran\u00e7a ao operador.<\/span><\/font><\/p>\n<p><font face=\"Arial\"><b><span style=\"font-size: 14px;\">Turbina com Maior Capacidade de A\u00e7\u00facar<\/span><\/b><\/font><\/p>\n<p><font face=\"Arial\"><span style=\"font-size: 14px;\">\u00danica com maior capacidade de a\u00e7\u00facar, possibilitando maior quantidade de unidades de algod\u00e3o doce produzido a cada reabastecimento.<\/span><\/font><\/p>\n<p><font face=\"Arial\"><b><span style=\"font-size: 14px;\">Tampa da Turbina em Forma de Funil<\/span><\/b><\/font><\/p>\n<p><font face=\"Arial\"><span style=\"font-size: 14px;\">Facilita o abastecimento do a\u00e7\u00facar, eliminando desperd\u00edcio.<\/span><\/font><\/p>\n<p><font face=\"Arial\"><b><span style=\"font-size: 14px;\">Voltagem<\/span><\/b><\/font><\/p>\n<p><font face=\"Arial\"><span style=\"font-size: 14px;\">BiVolt &#8211; Autom\u00e1tica<\/span><\/font><\/p>\n<p><font face=\"Arial\"><span style=\"font-size: 14px;\">Observa\u00e7\u00e3o 1: Aplicamos nas bacias pintura em ep\u00f3xi\/poli\u00e9ster ecol\u00f3gico &#8211; isento de metais pesados conforme norma NBR NM 300-3 da ABNT<\/span><\/font><\/p>\n<p><font face=\"Arial\"><span style=\"font-size: 14px;\">Observa\u00e7\u00e3o 2: A m\u00e1quina de algod\u00e3o doce &#8220;Clean Profissional&#8221; acompanha somente uma cor de bacia por m\u00e1quina. As outras cores podem ser adquiridas separadamente.<\/span><\/font><\/p>\n<p><span style=\"font-weight: bold; font-size: 14px;\"><font face=\"Arial\">Caracter\u00edsticas T\u00e9cnicas<\/font><\/span><\/p>\n<p><font face=\"Arial\"><b><span style=\"font-size: 14px;\">&#8211; Tens\u00e3o: <\/span><\/b><span style=\"font-size: 14px;\">127 V \/ 220 V<\/span><\/font><\/p>\n<p><font face=\"Arial\"><b><span style=\"font-size: 14px;\">&#8211; Pot\u00eancia: <\/span><\/b><span style=\"font-size: 14px;\">1235 W (127 V) \/ 1201 W (220 V)<\/span><\/font><\/p>\n<p><font face=\"Arial\"><b><span style=\"font-size: 14px;\">&#8211; Frequ\u00eancia: <\/span><\/b><span style=\"font-size: 14px;\">60 Hz<\/span><\/font><\/p>\n<p><font face=\"Arial\"><b><span style=\"font-size: 14px;\">&#8211; Grau de Prote\u00e7\u00e3o:<\/span><\/b><span style=\"font-size: 14px;\"> IPX1<\/span><\/font><\/p>\n<p><font face=\"Arial\"><b><span style=\"font-size: 14px;\">&#8211; Bacia:<\/span><\/b><span style=\"font-size: 14px;\"> 46 cm<\/span><\/font><\/p>\n<p><font face=\"Arial\"><b><span style=\"font-size: 14px;\">&#8211; Altura: <\/span><\/b><span style=\"font-size: 14px;\">36,5 cm<\/span><\/font><\/p>\n<p><font face=\"Arial\"><b><span style=\"font-size: 14px;\">&#8211; Peso L\u00edquido: <\/span><\/b><span style=\"font-size: 14px;\">6 Kg.<\/span><\/font><\/p>\n<p><font face=\"Arial\"><span style=\"font-size: 14px;\">&#8211; Base em alum\u00ednio polido<\/span><\/font><\/p>\n","protected":false},"excerpt":{"rendered":"<p>Descri\u00e7\u00e3o do Produto Design Inovador Reunindo aspectos favor\u00e1veis \u00e0 portabilidade e produtividade da m\u00e1quina, aliados \u00e0 apar\u00eancia alegre e ao mesmo tempo arrojada. Bacias pintadas com cores alegres e divertidas! Controle Eletr\u00f4nico de Amperagem Possibilita maior facilidade na produ\u00e7\u00e3o, assim como maior seguran\u00e7a ao operador. Turbina com Maior Capacidade de A\u00e7\u00facar \u00danica com maior capacidade [&hellip;]<\/p>\n","protected":false},"featured_media":10903,"comment_status":"open","ping_status":"closed","template":"","meta":[],"product_brand":[],"product_cat":[386,405],"product_tag":[],"class_list":{"0":"post-10904","1":"product","2":"type-product","3":"status-publish","4":"has-post-thumbnail","6":"product_cat-maquina-de-algodao-doce","7":"product_cat-promocao","9":"first","10":"instock","11":"shipping-taxable","12":"purchasable","13":"product-type-simple"},"_links":{"self":[{"href":"https:\/\/twsites.com.br\/novomigcenter\/index.php?rest_route=\/wp\/v2\/product\/10904","targetHints":{"allow":["GET"]}}],"collection":[{"href":"https:\/\/twsites.com.br\/novomigcenter\/index.php?rest_route=\/wp\/v2\/product"}],"about":[{"href":"https:\/\/twsites.com.br\/novomigcenter\/index.php?rest_route=\/wp\/v2\/types\/product"}],"replies":[{"embeddable":true,"href":"https:\/\/twsites.com.br\/novomigcenter\/index.php?rest_route=%2Fwp%2Fv2%2Fcomments&post=10904"}],"wp:featuredmedia":[{"embeddable":true,"href":"https:\/\/twsites.com.br\/novomigcenter\/index.php?rest_route=\/wp\/v2\/media\/10903"}],"wp:attachment":[{"href":"https:\/\/twsites.com.br\/novomigcenter\/index.php?rest_route=%2Fwp%2Fv2%2Fmedia&parent=10904"}],"wp:term":[{"taxonomy":"product_brand","embeddable":true,"href":"https:\/\/twsites.com.br\/novomigcenter\/index.php?rest_route=%2Fwp%2Fv2%2Fproduct_brand&post=10904"},{"taxonomy":"product_cat","embeddable":true,"href":"https:\/\/twsites.com.br\/novomigcenter\/index.php?rest_route=%2Fwp%2Fv2%2Fproduct_cat&post=10904"},{"taxonomy":"product_tag","embeddable":true,"href":"https:\/\/twsites.com.br\/novomigcenter\/index.php?rest_route=%2Fwp%2Fv2%2Fproduct_tag&post=10904"}],"curies":[{"name":"wp","href":"https:\/\/api.w.org\/{rel}","templated":true}]}}