{"id":10906,"date":"2017-02-07T16:21:20","date_gmt":"2017-02-07T16:21:20","guid":{"rendered":"https:\/\/twsites.com.br\/novomigcenter\/?product=maquina-de-algodao-doce-algo-mais-retangular-ademaq"},"modified":"2017-02-07T16:21:20","modified_gmt":"2017-02-07T16:21:20","slug":"maquina-de-algodao-doce-algo-mais-retangular-ademaq","status":"publish","type":"product","link":"https:\/\/twsites.com.br\/novomigcenter\/?product=maquina-de-algodao-doce-algo-mais-retangular-ademaq","title":{"rendered":"M\u00e1quina de Algod\u00e3o Doce &#8211; Algo Mais Retangular &#8211; Ademaq"},"content":{"rendered":"<p><span style=\"font-weight: bold; font-size: 14px;\"><font face=\"Arial\"><br \/><\/font><\/span><\/p>\n<p><span style=\"font-weight: bold; font-size: 14px;\"><font face=\"Arial\">Descri\u00e7\u00e3o do Produto<\/font><\/span><\/p>\n<p><font face=\"Arial\"><b><span style=\"font-size: 14px;\"><br \/><\/span><\/b><\/font><\/p>\n<p><font face=\"Arial\"><b><span style=\"font-size: 14px;\">Design Inovador<\/span><\/b><\/font><\/p>\n<p><font face=\"Arial\"><span style=\"font-size: 14px;\">Reunindo aspectos favor\u00e1veis \u00e0 portabilidade e produtividade da m\u00e1quina, aliados \u00e0 apar\u00eancia elegante e ao mesmo tempo arrojada.<\/span><\/font><\/p>\n<p><font face=\"Arial\"><b><span style=\"font-size: 14px;\">Ergonomia<\/span><\/b><\/font><\/p>\n<p><font face=\"Arial\"><span style=\"font-size: 14px;\">Painel de controles com disposi\u00e7\u00e3o e visibilidade adequadas ao desempenho do operador.<\/span><\/font><\/p>\n<p><font face=\"Arial\"><b><span style=\"font-size: 14px;\">Controle Eletr\u00f4nico de Amperagem<\/span><\/b><\/font><\/p>\n<p><font face=\"Arial\"><span style=\"font-size: 14px;\">Possibilita maior facilidade e agilidade na produ\u00e7\u00e3o, assim como maior seguran\u00e7a ao operador.<\/span><\/font><\/p>\n<p><font face=\"Arial\"><b><span style=\"font-size: 14px;\">Turbina com Maior Capacidade de A\u00e7\u00facar<\/span><\/b><\/font><\/p>\n<p><font face=\"Arial\"><span style=\"font-size: 14px;\">Maior quantidade de unidades de algod\u00e3o doce produzidas a cada reabastecimento.<\/span><\/font><\/p>\n<p><font face=\"Arial\"><b><span style=\"font-size: 14px;\">Tampa da Turbina em Forma de Funil<\/span><\/b><\/font><\/p>\n<p><font face=\"Arial\"><span style=\"font-size: 14px;\">Facilita o abastecimento do a\u00e7\u00facar, eliminando desperd\u00edcio.<\/span><\/font><\/p>\n<p><font face=\"Arial\"><b><span style=\"font-size: 14px;\">Voltagem<\/span><\/b><\/font><\/p>\n<p><font face=\"Arial\"><span style=\"font-size: 14px;\">BiVolt &#8211; Autom\u00e1tica<\/span><\/font><\/p>\n<p><font face=\"Arial\"><b><span style=\"font-size: 14px;\">Tamanho<\/span><\/b><\/font><\/p>\n<p><font face=\"Arial\"><span style=\"font-size: 14px;\">&#8211; 51 cm de di\u00e2metro da bacia<\/span><\/font><\/p>\n<p><font face=\"Arial\"><span style=\"font-size: 14px;\">&#8211; 41 cm de altura<\/span><\/font><\/p>\n<p><span style=\"font-weight: bold; font-size: 14px;\"><font face=\"Arial\">Caracter\u00edsticas T\u00e9cnicas<\/font><\/span><\/p>\n<p><font face=\"Arial\"><b><span style=\"font-size: 14px;\">&#8211; Tens\u00e3o:<\/span><\/b><span style=\"font-size: 14px;\"> 127 V \/ 220 V<\/span><\/font><\/p>\n<p><font face=\"Arial\"><b><span style=\"font-size: 14px;\">&#8211; Pot\u00eancia: <\/span><\/b><span style=\"font-size: 14px;\">1235 W (127 V) \/ 1201 W (220 V)<\/span><\/font><\/p>\n<p><font face=\"Arial\"><b><span style=\"font-size: 14px;\">&#8211; Frequ\u00eancia: <\/span><\/b><span style=\"font-size: 14px;\">60 Hz<\/span><\/font><\/p>\n<p><font face=\"Arial\"><b><span style=\"font-size: 14px;\">&#8211; Grau de Prote\u00e7\u00e3o: <\/span><\/b><span style=\"font-size: 14px;\">IPX1&nbsp;<\/span><\/font><\/p>\n<p><font face=\"Arial\"><b><span style=\"font-size: 14px;\">&#8211; Peso l\u00edquido: <\/span><\/b><span style=\"font-size: 14px;\">7,5 kg<\/span><\/font><\/p>\n<p><font face=\"Arial\"><b><span style=\"font-size: 14px;\">&#8211; Base:<\/span><\/b><span style=\"font-size: 14px;\"> em a\u00e7o inox escovado<\/span><\/font><\/p>\n","protected":false},"excerpt":{"rendered":"<p>Descri\u00e7\u00e3o do Produto Design Inovador Reunindo aspectos favor\u00e1veis \u00e0 portabilidade e produtividade da m\u00e1quina, aliados \u00e0 apar\u00eancia elegante e ao mesmo tempo arrojada. Ergonomia Painel de controles com disposi\u00e7\u00e3o e visibilidade adequadas ao desempenho do operador. Controle Eletr\u00f4nico de Amperagem Possibilita maior facilidade e agilidade na produ\u00e7\u00e3o, assim como maior seguran\u00e7a ao operador. Turbina com [&hellip;]<\/p>\n","protected":false},"featured_media":10905,"comment_status":"open","ping_status":"closed","template":"","meta":[],"product_brand":[],"product_cat":[386],"product_tag":[],"class_list":{"0":"post-10906","1":"product","2":"type-product","3":"status-publish","4":"has-post-thumbnail","6":"product_cat-maquina-de-algodao-doce","8":"first","9":"instock","10":"shipping-taxable","11":"purchasable","12":"product-type-simple"},"_links":{"self":[{"href":"https:\/\/twsites.com.br\/novomigcenter\/index.php?rest_route=\/wp\/v2\/product\/10906","targetHints":{"allow":["GET"]}}],"collection":[{"href":"https:\/\/twsites.com.br\/novomigcenter\/index.php?rest_route=\/wp\/v2\/product"}],"about":[{"href":"https:\/\/twsites.com.br\/novomigcenter\/index.php?rest_route=\/wp\/v2\/types\/product"}],"replies":[{"embeddable":true,"href":"https:\/\/twsites.com.br\/novomigcenter\/index.php?rest_route=%2Fwp%2Fv2%2Fcomments&post=10906"}],"wp:featuredmedia":[{"embeddable":true,"href":"https:\/\/twsites.com.br\/novomigcenter\/index.php?rest_route=\/wp\/v2\/media\/10905"}],"wp:attachment":[{"href":"https:\/\/twsites.com.br\/novomigcenter\/index.php?rest_route=%2Fwp%2Fv2%2Fmedia&parent=10906"}],"wp:term":[{"taxonomy":"product_brand","embeddable":true,"href":"https:\/\/twsites.com.br\/novomigcenter\/index.php?rest_route=%2Fwp%2Fv2%2Fproduct_brand&post=10906"},{"taxonomy":"product_cat","embeddable":true,"href":"https:\/\/twsites.com.br\/novomigcenter\/index.php?rest_route=%2Fwp%2Fv2%2Fproduct_cat&post=10906"},{"taxonomy":"product_tag","embeddable":true,"href":"https:\/\/twsites.com.br\/novomigcenter\/index.php?rest_route=%2Fwp%2Fv2%2Fproduct_tag&post=10906"}],"curies":[{"name":"wp","href":"https:\/\/api.w.org\/{rel}","templated":true}]}}