{"id":10908,"date":"2017-02-07T16:26:29","date_gmt":"2017-02-07T16:26:29","guid":{"rendered":"https:\/\/twsites.com.br\/novomigcenter\/?product=maquina-de-crepe-no-palito-mini-crepe-12-ademaq"},"modified":"2017-02-07T16:26:29","modified_gmt":"2017-02-07T16:26:29","slug":"maquina-de-crepe-no-palito-mini-crepe-12-ademaq","status":"publish","type":"product","link":"https:\/\/twsites.com.br\/novomigcenter\/?product=maquina-de-crepe-no-palito-mini-crepe-12-ademaq","title":{"rendered":"M\u00e1quina de Crepe no Palito &#8211; Mini Crepe 12 &#8211; Ademaq"},"content":{"rendered":"<p><span style=\"font-weight: bold;\"><font face=\"Arial\"><br \/><\/font><\/span><\/p>\n<p><span style=\"font-weight: bold;\"><font face=\"Arial\">Descri\u00e7\u00e3o do Produto<\/font><\/span><\/p>\n<p><font face=\"Arial\"><b>Estrutura:<\/b><br \/><\/font><\/p>\n<p><font face=\"Arial\">A\u00e7o inox escovado &#8211; Chapa de alum\u00ednio com 12 cavidades<\/font><\/p>\n<p><b><font face=\"Arial\">Bordas de Escoamento de Massa:<\/font><\/b><\/p>\n<p><font face=\"Arial\">O excesso de massa eventualmente aplicado, escoa para a borda exclusivamente desenvolvida para este objetivo, evitando que se depositem na mesa ou balc\u00e3o utilizados.<\/font><\/p>\n<p><b><font face=\"Arial\">Tamanho:<\/font><\/b><\/p>\n<p><font face=\"Arial\">Cavidades medindo 9,0 x 5,0 cm.<\/font><\/p>\n<p><b><font face=\"Arial\">Apoio da Base:<\/font><\/b><\/p>\n<p><font face=\"Arial\">A M\u00e1quina de Crepe Mini Crepe de 12 cavidades \u00e9 apoiada em 5 pontos, proporcionando maior estabilidade e evitando que a tampa superior, quando aberta, levante a parte inferior.<\/font><\/p>\n<p><b><font face=\"Arial\">Ergonomia:<\/font><\/b><\/p>\n<p><font face=\"Arial\">Provida de puxador antit\u00e9rmico com maior \u00e1rea de apoio \u00e0 m\u00e3o do operador, eliminando poss\u00edveis contatos com a \u00e1rea aquecida da m\u00e1quina.<\/font><\/p>\n<p><b><font face=\"Arial\">Voltagem:<\/font><\/b><\/p>\n<p><font face=\"Arial\">Provida de duas resist\u00eancias tubulares em a\u00e7o inoxid\u00e1vel de alta durabilidade, fabricada nas voltagens 110 V e 220 V.<\/font><\/p>\n<p><b><font face=\"Arial\">Tamanho:<\/font><\/b><\/p>\n<p><font face=\"Arial\">&#8211; 22 cm de largura<\/font><\/p>\n<p><font face=\"Arial\">&#8211; 45 cm de comprimento<\/font><\/p>\n<p><font face=\"Arial\">&#8211; 19 cm de altura (fechada)<\/font><\/p>\n<p><font face=\"Arial\">&#8211; 52 cm de altura (aberta)<\/font><\/p>\n<p><span style=\"font-weight: bold;\"><font face=\"Arial\">Caracter\u00edsticas T\u00e9cnicas:<\/font><\/span><\/p>\n<p><font face=\"Arial\">&#8211; Peso l\u00edquido 6,3 kg.<\/font><\/p>\n<p><font face=\"Arial\">&#8211; Na voltagem em 127V = Pot\u00eancia de 1745 Watts &#8211; Frequ\u00eancia de 60Hz &#8211; Grau de Prote\u00e7\u00e3o: IPX3&nbsp;<\/font><\/p>\n<p><font face=\"Arial\">&#8211; Na voltagem em 220V = Pot\u00eancia de 1542 Watts &#8211; Frequ\u00eancia de 60Hz &#8211; Grau de Prote\u00e7\u00e3o: IPX3<\/font><\/p>\n","protected":false},"excerpt":{"rendered":"<p>Descri\u00e7\u00e3o do Produto Estrutura: A\u00e7o inox escovado &#8211; Chapa de alum\u00ednio com 12 cavidades Bordas de Escoamento de Massa: O excesso de massa eventualmente aplicado, escoa para a borda exclusivamente desenvolvida para este objetivo, evitando que se depositem na mesa ou balc\u00e3o utilizados. Tamanho: Cavidades medindo 9,0 x 5,0 cm. Apoio da Base: A M\u00e1quina [&hellip;]<\/p>\n","protected":false},"featured_media":10907,"comment_status":"open","ping_status":"closed","template":"","meta":[],"product_brand":[],"product_cat":[394],"product_tag":[],"class_list":{"0":"post-10908","1":"product","2":"type-product","3":"status-publish","4":"has-post-thumbnail","6":"product_cat-maquina-de-crepe-palito","8":"first","9":"instock","10":"shipping-taxable","11":"purchasable","12":"product-type-simple"},"_links":{"self":[{"href":"https:\/\/twsites.com.br\/novomigcenter\/index.php?rest_route=\/wp\/v2\/product\/10908","targetHints":{"allow":["GET"]}}],"collection":[{"href":"https:\/\/twsites.com.br\/novomigcenter\/index.php?rest_route=\/wp\/v2\/product"}],"about":[{"href":"https:\/\/twsites.com.br\/novomigcenter\/index.php?rest_route=\/wp\/v2\/types\/product"}],"replies":[{"embeddable":true,"href":"https:\/\/twsites.com.br\/novomigcenter\/index.php?rest_route=%2Fwp%2Fv2%2Fcomments&post=10908"}],"wp:featuredmedia":[{"embeddable":true,"href":"https:\/\/twsites.com.br\/novomigcenter\/index.php?rest_route=\/wp\/v2\/media\/10907"}],"wp:attachment":[{"href":"https:\/\/twsites.com.br\/novomigcenter\/index.php?rest_route=%2Fwp%2Fv2%2Fmedia&parent=10908"}],"wp:term":[{"taxonomy":"product_brand","embeddable":true,"href":"https:\/\/twsites.com.br\/novomigcenter\/index.php?rest_route=%2Fwp%2Fv2%2Fproduct_brand&post=10908"},{"taxonomy":"product_cat","embeddable":true,"href":"https:\/\/twsites.com.br\/novomigcenter\/index.php?rest_route=%2Fwp%2Fv2%2Fproduct_cat&post=10908"},{"taxonomy":"product_tag","embeddable":true,"href":"https:\/\/twsites.com.br\/novomigcenter\/index.php?rest_route=%2Fwp%2Fv2%2Fproduct_tag&post=10908"}],"curies":[{"name":"wp","href":"https:\/\/api.w.org\/{rel}","templated":true}]}}