{"id":10915,"date":"2017-02-07T17:05:54","date_gmt":"2017-02-07T17:05:54","guid":{"rendered":"https:\/\/twsites.com.br\/novomigcenter\/?product=maquina-de-crepe-no-palito-crepelissimo-eletrica-12-ademaq-2"},"modified":"2017-02-07T17:05:54","modified_gmt":"2017-02-07T17:05:54","slug":"maquina-de-crepe-no-palito-crepelissimo-eletrica-12-ademaq-2","status":"publish","type":"product","link":"https:\/\/twsites.com.br\/novomigcenter\/?product=maquina-de-crepe-no-palito-crepelissimo-eletrica-12-ademaq-2","title":{"rendered":"M\u00e1quina de Crepe no Palito &#8211; Crepel\u00edssimo G\u00e1s 12 &#8211; Ademaq"},"content":{"rendered":"<p><span style=\"font-weight: bold; font-size: 14px;\"><font face=\"Arial\">Descri\u00e7\u00e3o do Produto<\/font><\/span><\/p>\n<p><font face=\"Arial\"><b><span style=\"font-size: 14px;\">Estrutura:<\/span><\/b><\/font><\/p>\n<p><font face=\"Arial\"><span style=\"font-size: 14px;\">A\u00e7o inox escovado &#8211; Chapa de 12 cavidades em alum\u00ednio<\/span><\/font><\/p>\n<p><font face=\"Arial\"><b><span style=\"font-size: 14px;\">Bordas de Escoamento de Massa:<\/span><\/b><\/font><\/p>\n<p><font face=\"Arial\"><span style=\"font-size: 14px;\">O excesso de massa eventualmente aplicado, escoa para a borda exclusivamente desenvolvida para este objetivo, evitando que se depositem na mesa ou balc\u00e3o utilizados.<\/span><\/font><\/p>\n<p><font face=\"Arial\"><b><span style=\"font-size: 14px;\">Tamanho:<\/span><\/b><\/font><\/p>\n<p><font face=\"Arial\"><span style=\"font-size: 14px;\">Cavidades medindo 13,0 x 5,0 cm.<\/span><\/font><\/p>\n<p><font face=\"Arial\"><b><span style=\"font-size: 14px;\">Apoio da Base:<\/span><\/b><\/font><\/p>\n<p><font face=\"Arial\"><span style=\"font-size: 14px;\">A M\u00e1quina de Crepe 12 cavidades \u00e0 g\u00e1s \u00e9 apoiada em 5 pontos, proporcionando maior estabilidade e evitando que a tampa superior, quando aberta, levante a parte inferior.<\/span><\/font><\/p>\n<p><font face=\"Arial\"><b><span style=\"font-size: 14px;\">Ergonomia:<\/span><\/b><\/font><\/p>\n<p><font face=\"Arial\"><span style=\"font-size: 14px;\">Provida de puxador antit\u00e9rmico com maior \u00e1rea de apoio \u00e0 m\u00e3o do operador, eliminando poss\u00edveis contatos com a \u00e1rea aquecida da m\u00e1quina.<\/span><\/font><\/p>\n<p><font face=\"Arial\"><b><span style=\"font-size: 14px;\">Tamanho:<\/span><\/b><\/font><\/p>\n<p><font face=\"Arial\"><span style=\"font-size: 14px;\">&#8211; 30 cm de largura<\/span><\/font><\/p>\n<p><font face=\"Arial\"><span style=\"font-size: 14px;\">&#8211; 43 cm de comprimento<\/span><\/font><\/p>\n<p><font face=\"Arial\"><span style=\"font-size: 14px;\">&#8211; 25 cm de altura (fechada)<\/span><\/font><\/p>\n<p><font face=\"Arial\"><span style=\"font-size: 14px;\">&#8211; 67 cm de altura (aberta)<\/span><\/font><\/p>\n<p><span style=\"font-weight: bold; font-size: 14px;\"><font face=\"Arial\">Caracter\u00edsticas T\u00e9cnicas:<\/font><\/span><\/p>\n<p><font face=\"Arial\"><span style=\"font-size: 14px;\">&#8211; Peso l\u00edquido 11 kg<\/span><\/font><\/p>\n","protected":false},"excerpt":{"rendered":"<p>Descri\u00e7\u00e3o do Produto Estrutura: A\u00e7o inox escovado &#8211; Chapa de 12 cavidades em alum\u00ednio Bordas de Escoamento de Massa: O excesso de massa eventualmente aplicado, escoa para a borda exclusivamente desenvolvida para este objetivo, evitando que se depositem na mesa ou balc\u00e3o utilizados. Tamanho: Cavidades medindo 13,0 x 5,0 cm. Apoio da Base: A M\u00e1quina [&hellip;]<\/p>\n","protected":false},"featured_media":10914,"comment_status":"open","ping_status":"closed","template":"","meta":[],"product_brand":[],"product_cat":[394],"product_tag":[],"class_list":{"0":"post-10915","1":"product","2":"type-product","3":"status-publish","4":"has-post-thumbnail","6":"product_cat-maquina-de-crepe-palito","8":"first","9":"instock","10":"shipping-taxable","11":"purchasable","12":"product-type-simple"},"_links":{"self":[{"href":"https:\/\/twsites.com.br\/novomigcenter\/index.php?rest_route=\/wp\/v2\/product\/10915","targetHints":{"allow":["GET"]}}],"collection":[{"href":"https:\/\/twsites.com.br\/novomigcenter\/index.php?rest_route=\/wp\/v2\/product"}],"about":[{"href":"https:\/\/twsites.com.br\/novomigcenter\/index.php?rest_route=\/wp\/v2\/types\/product"}],"replies":[{"embeddable":true,"href":"https:\/\/twsites.com.br\/novomigcenter\/index.php?rest_route=%2Fwp%2Fv2%2Fcomments&post=10915"}],"wp:featuredmedia":[{"embeddable":true,"href":"https:\/\/twsites.com.br\/novomigcenter\/index.php?rest_route=\/wp\/v2\/media\/10914"}],"wp:attachment":[{"href":"https:\/\/twsites.com.br\/novomigcenter\/index.php?rest_route=%2Fwp%2Fv2%2Fmedia&parent=10915"}],"wp:term":[{"taxonomy":"product_brand","embeddable":true,"href":"https:\/\/twsites.com.br\/novomigcenter\/index.php?rest_route=%2Fwp%2Fv2%2Fproduct_brand&post=10915"},{"taxonomy":"product_cat","embeddable":true,"href":"https:\/\/twsites.com.br\/novomigcenter\/index.php?rest_route=%2Fwp%2Fv2%2Fproduct_cat&post=10915"},{"taxonomy":"product_tag","embeddable":true,"href":"https:\/\/twsites.com.br\/novomigcenter\/index.php?rest_route=%2Fwp%2Fv2%2Fproduct_tag&post=10915"}],"curies":[{"name":"wp","href":"https:\/\/api.w.org\/{rel}","templated":true}]}}