{"id":10917,"date":"2017-02-07T17:28:58","date_gmt":"2017-02-07T17:28:58","guid":{"rendered":"https:\/\/twsites.com.br\/novomigcenter\/?product=maquina-de-crepe-frances-panquequeira-eletrica-ademaq"},"modified":"2017-02-07T17:28:58","modified_gmt":"2017-02-07T17:28:58","slug":"maquina-de-crepe-frances-panquequeira-eletrica-ademaq","status":"publish","type":"product","link":"https:\/\/twsites.com.br\/novomigcenter\/?product=maquina-de-crepe-frances-panquequeira-eletrica-ademaq","title":{"rendered":"M\u00e1quina de Crepe Franc\u00eas &#8211; Panquequeira El\u00e9trica &#8211; Ademaq"},"content":{"rendered":"<p><span style=\"font-weight: bold; font-size: 14px;\"><font face=\"Arial\">Descri\u00e7\u00e3o do Produto<\/font><\/span><\/p>\n<p align=\"left\" style=\"color: rgb(0, 0, 0); font-size: medium;\"><font size=\"2\" face=\"Arial\"><strong><span style=\"font-size: 14px;\">Estrutura:<\/span><br \/><\/strong><span style=\"font-size: 14px;\">A\u00e7o inox escovado<\/span><\/font><\/p>\n<p align=\"left\" style=\"color: rgb(0, 0, 0); font-size: medium;\"><font size=\"2\" face=\"Arial\"><strong><span style=\"font-size: 14px;\">Disco:<\/span><\/strong><br \/><span style=\"font-size: 14px;\">A\u00e7o especial com 370mm de \u00e1rea \u00fatil<\/span><\/font><\/p>\n<p align=\"left\" style=\"color: rgb(0, 0, 0); font-size: medium;\"><font face=\"Arial\"><font size=\"2\"><\/font><font size=\"2\"><strong><span style=\"font-size: 14px;\">Ergonomia:<\/span><\/strong><br \/><span style=\"font-size: 14px;\">P\u00e9s de borracha com regulagem para um melhor nivelamento da m\u00e1quina.<\/span><\/font><\/font><\/p>\n<p align=\"left\" style=\"color: rgb(0, 0, 0); font-size: medium;\"><font size=\"2\" face=\"Arial\"><strong><span style=\"font-size: 14px;\">Voltagem:<\/span><\/strong><br \/><span style=\"font-size: 14px;\">Provida de resist\u00eancia tubular de a\u00e7o inox em 110 ou 220V e termostato com regulagem de temperatura.<\/span><\/font><\/p>\n<p align=\"left\" style=\"color: rgb(0, 0, 0); font-size: medium;\"><font size=\"2\" face=\"Arial\"><strong><span style=\"font-size: 14px;\">Tamanho:<\/span><\/strong><br \/><span style=\"font-size: 14px;\">42,5 x 44,0 x 18,0cm.<\/span><\/font><\/p>\n<p align=\"left\" style=\"color: rgb(0, 0, 0); font-size: medium;\"><font size=\"2\" style=\"\" face=\"Arial\"><strong style=\"\"><span style=\"font-size: 14px;\">Caracter\u00edsticas T\u00e9cnicas:<\/span><\/strong><br \/><span style=\"font-size: 14px;\">&#8211; Peso l\u00edquido: 11,5 kg.<\/span><br \/><span style=\"font-size: 14px;\">&#8211; Peso bruto: 13,6 kg.<\/span><br \/><span style=\"font-size: 14px;\">&#8211; Na voltagem em 127V = Pot\u00eancia de 1575 Watts &#8211; Frequ\u00eancia de 60Hz &#8211; Grau de Prote\u00e7\u00e3o: IPX3&nbsp;<\/span><br \/><span style=\"font-size: 14px;\">&#8211; Na voltagem em 220V = Pot\u00eancia de 1585 Watts &#8211; Frequ\u00eancia de 60Hz &#8211; Grau de Prote\u00e7\u00e3o: IPX3&nbsp;<\/span><br \/><span style=\"font-size: 14px;\">&#8211; Acompanha 1 rodo em polipropileno at\u00f3xico e uma esp\u00e1tula em a\u00e7o inox<\/span><\/font><\/p>\n","protected":false},"excerpt":{"rendered":"<p>Descri\u00e7\u00e3o do Produto Estrutura:A\u00e7o inox escovado Disco:A\u00e7o especial com 370mm de \u00e1rea \u00fatil Ergonomia:P\u00e9s de borracha com regulagem para um melhor nivelamento da m\u00e1quina. Voltagem:Provida de resist\u00eancia tubular de a\u00e7o inox em 110 ou 220V e termostato com regulagem de temperatura. Tamanho:42,5 x 44,0 x 18,0cm. Caracter\u00edsticas T\u00e9cnicas:&#8211; Peso l\u00edquido: 11,5 kg.&#8211; Peso bruto: 13,6 [&hellip;]<\/p>\n","protected":false},"featured_media":10916,"comment_status":"open","ping_status":"closed","template":"","meta":[],"product_brand":[],"product_cat":[388],"product_tag":[],"class_list":{"0":"post-10917","1":"product","2":"type-product","3":"status-publish","4":"has-post-thumbnail","6":"product_cat-maquina-de-crepe-frances","8":"first","9":"instock","10":"shipping-taxable","11":"purchasable","12":"product-type-simple"},"_links":{"self":[{"href":"https:\/\/twsites.com.br\/novomigcenter\/index.php?rest_route=\/wp\/v2\/product\/10917","targetHints":{"allow":["GET"]}}],"collection":[{"href":"https:\/\/twsites.com.br\/novomigcenter\/index.php?rest_route=\/wp\/v2\/product"}],"about":[{"href":"https:\/\/twsites.com.br\/novomigcenter\/index.php?rest_route=\/wp\/v2\/types\/product"}],"replies":[{"embeddable":true,"href":"https:\/\/twsites.com.br\/novomigcenter\/index.php?rest_route=%2Fwp%2Fv2%2Fcomments&post=10917"}],"wp:featuredmedia":[{"embeddable":true,"href":"https:\/\/twsites.com.br\/novomigcenter\/index.php?rest_route=\/wp\/v2\/media\/10916"}],"wp:attachment":[{"href":"https:\/\/twsites.com.br\/novomigcenter\/index.php?rest_route=%2Fwp%2Fv2%2Fmedia&parent=10917"}],"wp:term":[{"taxonomy":"product_brand","embeddable":true,"href":"https:\/\/twsites.com.br\/novomigcenter\/index.php?rest_route=%2Fwp%2Fv2%2Fproduct_brand&post=10917"},{"taxonomy":"product_cat","embeddable":true,"href":"https:\/\/twsites.com.br\/novomigcenter\/index.php?rest_route=%2Fwp%2Fv2%2Fproduct_cat&post=10917"},{"taxonomy":"product_tag","embeddable":true,"href":"https:\/\/twsites.com.br\/novomigcenter\/index.php?rest_route=%2Fwp%2Fv2%2Fproduct_tag&post=10917"}],"curies":[{"name":"wp","href":"https:\/\/api.w.org\/{rel}","templated":true}]}}