{"id":10922,"date":"2017-02-07T17:33:02","date_gmt":"2017-02-07T17:33:02","guid":{"rendered":"https:\/\/twsites.com.br\/novomigcenter\/?product=maquina-de-crepe-frances-panquequeira-eletrica-dupla-ademaq-2"},"modified":"2017-02-07T17:33:02","modified_gmt":"2017-02-07T17:33:02","slug":"maquina-de-crepe-frances-panquequeira-eletrica-dupla-ademaq-2","status":"publish","type":"product","link":"https:\/\/twsites.com.br\/novomigcenter\/?product=maquina-de-crepe-frances-panquequeira-eletrica-dupla-ademaq-2","title":{"rendered":"M\u00e1quina de Crepe Franc\u00eas &#8211; Panquequeira El\u00e9trica Dupla &#8211; Ademaq"},"content":{"rendered":"<p><font face=\"Arial\"><span style=\"font-weight: bold;\">Descri\u00e7\u00e3o do Produto<\/span><br \/><\/font><\/p>\n<p align=\"left\" style=\"color: rgb(0, 0, 0); font-size: medium;\"><font size=\"2\" face=\"Arial\"><strong>Estrutura:<br \/><\/strong>A\u00e7o inox escovado<\/font><\/p>\n<p align=\"left\" style=\"color: rgb(0, 0, 0); font-size: medium;\"><font size=\"2\" face=\"Arial\"><strong>Discos:<\/strong><br \/>Dois discos em a\u00e7o especial com 370mm de \u00e1rea \u00fatil cada.<\/font><\/p>\n<p align=\"left\" style=\"color: rgb(0, 0, 0); font-size: medium;\"><font face=\"Arial\"><font size=\"2\"><\/font><font size=\"2\"><strong>Ergonomia:<\/strong><br \/>P\u00e9s de borracha com regulagem para um melhor nivelamento da m\u00e1quina.<\/font><\/font><\/p>\n<p align=\"left\" style=\"color: rgb(0, 0, 0); font-size: medium;\"><font size=\"2\" face=\"Arial\"><strong>Voltagem:<\/strong><br \/>Provida de duas resist\u00eancias tubulares de 1600W cada em a\u00e7o inox em 127 ou 220V e dois termostatos com regulagem de temperatura.<\/font><\/p>\n<p align=\"left\" style=\"color: rgb(0, 0, 0); font-size: medium;\"><font size=\"2\" face=\"Arial\"><strong>Tamanho:<\/strong><br \/>18,0 x 80,0 x 42,5cm.<\/font><\/p>\n<p align=\"left\" style=\"color: rgb(0, 0, 0); font-size: medium;\"><font size=\"2\" style=\"\" face=\"Arial\"><strong style=\"\">Caracter\u00edsticas T\u00e9cnicas:<\/strong><br \/><b>&#8211; Peso l\u00edquido: <\/b>23,0 kg.<br \/><b>&#8211; Peso bruto: <\/b>25,0 kg.<br \/>&#8211; Na voltagem em 127V = Pot\u00eancia de 3240 Watts &#8211; Frequ\u00eancia de 60Hz &#8211; Grau de Prote\u00e7\u00e3o: IPX3&nbsp;<br \/>&#8211; Na voltagem em 220V = Pot\u00eancia de 2650 Watts &#8211; Frequ\u00eancia de 60Hz &#8211; Grau de Prote\u00e7\u00e3o: IPX3&nbsp;<br \/>&#8211; Acompanha 1 rodo em polipropileno at\u00f3xico e uma esp\u00e1tula em a\u00e7o inox<\/font><\/p>\n","protected":false},"excerpt":{"rendered":"<p>Descri\u00e7\u00e3o do Produto Estrutura:A\u00e7o inox escovado Discos:Dois discos em a\u00e7o especial com 370mm de \u00e1rea \u00fatil cada. Ergonomia:P\u00e9s de borracha com regulagem para um melhor nivelamento da m\u00e1quina. Voltagem:Provida de duas resist\u00eancias tubulares de 1600W cada em a\u00e7o inox em 127 ou 220V e dois termostatos com regulagem de temperatura. Tamanho:18,0 x 80,0 x 42,5cm. [&hellip;]<\/p>\n","protected":false},"featured_media":10920,"comment_status":"open","ping_status":"closed","template":"","meta":[],"product_brand":[],"product_cat":[388],"product_tag":[],"class_list":{"0":"post-10922","1":"product","2":"type-product","3":"status-publish","4":"has-post-thumbnail","6":"product_cat-maquina-de-crepe-frances","8":"first","9":"instock","10":"shipping-taxable","11":"purchasable","12":"product-type-simple"},"_links":{"self":[{"href":"https:\/\/twsites.com.br\/novomigcenter\/index.php?rest_route=\/wp\/v2\/product\/10922","targetHints":{"allow":["GET"]}}],"collection":[{"href":"https:\/\/twsites.com.br\/novomigcenter\/index.php?rest_route=\/wp\/v2\/product"}],"about":[{"href":"https:\/\/twsites.com.br\/novomigcenter\/index.php?rest_route=\/wp\/v2\/types\/product"}],"replies":[{"embeddable":true,"href":"https:\/\/twsites.com.br\/novomigcenter\/index.php?rest_route=%2Fwp%2Fv2%2Fcomments&post=10922"}],"wp:featuredmedia":[{"embeddable":true,"href":"https:\/\/twsites.com.br\/novomigcenter\/index.php?rest_route=\/wp\/v2\/media\/10920"}],"wp:attachment":[{"href":"https:\/\/twsites.com.br\/novomigcenter\/index.php?rest_route=%2Fwp%2Fv2%2Fmedia&parent=10922"}],"wp:term":[{"taxonomy":"product_brand","embeddable":true,"href":"https:\/\/twsites.com.br\/novomigcenter\/index.php?rest_route=%2Fwp%2Fv2%2Fproduct_brand&post=10922"},{"taxonomy":"product_cat","embeddable":true,"href":"https:\/\/twsites.com.br\/novomigcenter\/index.php?rest_route=%2Fwp%2Fv2%2Fproduct_cat&post=10922"},{"taxonomy":"product_tag","embeddable":true,"href":"https:\/\/twsites.com.br\/novomigcenter\/index.php?rest_route=%2Fwp%2Fv2%2Fproduct_tag&post=10922"}],"curies":[{"name":"wp","href":"https:\/\/api.w.org\/{rel}","templated":true}]}}