{"id":10924,"date":"2017-02-07T17:34:56","date_gmt":"2017-02-07T17:34:56","guid":{"rendered":"https:\/\/twsites.com.br\/novomigcenter\/?product=maquina-de-crepe-frances-panquequeira-a-gas-duplo-ademaq"},"modified":"2017-02-07T17:34:56","modified_gmt":"2017-02-07T17:34:56","slug":"maquina-de-crepe-frances-panquequeira-a-gas-duplo-ademaq","status":"publish","type":"product","link":"https:\/\/twsites.com.br\/novomigcenter\/?product=maquina-de-crepe-frances-panquequeira-a-gas-duplo-ademaq","title":{"rendered":"M\u00e1quina de Crepe Franc\u00eas &#8211; Panquequeira a G\u00e1s Duplo &#8211; Ademaq"},"content":{"rendered":"<p><span style=\"font-weight: bold; font-size: 14px;\"><font face=\"Arial\">Descri\u00e7\u00e3o do Produto<\/font><\/span><\/p>\n<p align=\"left\" style=\"color: rgb(0, 0, 0); font-size: medium;\"><font size=\"2\" face=\"Arial\"><strong><span style=\"font-size: 14px;\">Estrutura:<\/span><br \/><\/strong><span style=\"font-size: 14px;\">A\u00e7o inox escovado<\/span><\/font><\/p>\n<p align=\"left\" style=\"color: rgb(0, 0, 0); font-size: medium;\"><font size=\"2\" face=\"Arial\"><strong><span style=\"font-size: 14px;\">Discos:<\/span><\/strong><br \/><span style=\"font-size: 14px;\">Dois discos em a\u00e7o especial com 370mm de \u00e1rea \u00fatil cada.<\/span><\/font><\/p>\n<p align=\"left\" style=\"color: rgb(0, 0, 0); font-size: medium;\"><font face=\"Arial\"><font size=\"2\"><\/font><font size=\"2\"><strong><span style=\"font-size: 14px;\">Ergonomia:<\/span><\/strong><br \/><span style=\"font-size: 14px;\">&#8211; P\u00e9s de borracha com regulagem para um melhor nivelamento da m\u00e1quina.<\/span><\/font><\/font><\/p>\n<p align=\"left\" style=\"color: rgb(0, 0, 0); font-size: medium;\"><font size=\"2\" face=\"Arial\"><span style=\"font-size: 14px;\">&#8211; Regulador da chama com sistema de seguran\u00e7a<\/span><\/font><\/p>\n<p align=\"left\" style=\"color: rgb(0, 0, 0); font-size: medium;\"><font face=\"Arial\"><font size=\"2\"><\/font><font size=\"2\"><strong><span style=\"font-size: 14px;\">Tamanho:<\/span><\/strong><br \/><span style=\"font-size: 14px;\">19 ,5 x 80,0 x 42,5cm.<\/span><\/font><\/font><\/p>\n<p align=\"left\" style=\"color: rgb(0, 0, 0); font-size: medium;\"><font size=\"2\" style=\"\" face=\"Arial\"><strong style=\"\"><span style=\"font-size: 14px;\">Caracter\u00edsticas T\u00e9cnicas:<\/span><\/strong><br \/><b><span style=\"font-size: 14px;\">&#8211; Peso l\u00edquido:<\/span><\/b><span style=\"font-size: 14px;\"> 21,6 kg.<\/span><br \/><b><span style=\"font-size: 14px;\">&#8211; Peso bruto: <\/span><\/b><span style=\"font-size: 14px;\">23,0 kg.<\/span><br \/><span style=\"font-size: 14px;\">&#8211; Acompanha 1 rodo em polipropileno at\u00f3xico e uma esp\u00e1tula em a\u00e7o inox&nbsp;<\/span><br \/><span style=\"font-size: 14px;\">&#8211; Garantia total de 6 meses<\/span><\/font><\/p>\n","protected":false},"excerpt":{"rendered":"<p>Descri\u00e7\u00e3o do Produto Estrutura:A\u00e7o inox escovado Discos:Dois discos em a\u00e7o especial com 370mm de \u00e1rea \u00fatil cada. Ergonomia:&#8211; P\u00e9s de borracha com regulagem para um melhor nivelamento da m\u00e1quina. &#8211; Regulador da chama com sistema de seguran\u00e7a Tamanho:19 ,5 x 80,0 x 42,5cm. Caracter\u00edsticas T\u00e9cnicas:&#8211; Peso l\u00edquido: 21,6 kg.&#8211; Peso bruto: 23,0 kg.&#8211; Acompanha 1 [&hellip;]<\/p>\n","protected":false},"featured_media":10923,"comment_status":"open","ping_status":"closed","template":"","meta":[],"product_brand":[],"product_cat":[388],"product_tag":[],"class_list":{"0":"post-10924","1":"product","2":"type-product","3":"status-publish","4":"has-post-thumbnail","6":"product_cat-maquina-de-crepe-frances","8":"first","9":"instock","10":"shipping-taxable","11":"purchasable","12":"product-type-simple"},"_links":{"self":[{"href":"https:\/\/twsites.com.br\/novomigcenter\/index.php?rest_route=\/wp\/v2\/product\/10924","targetHints":{"allow":["GET"]}}],"collection":[{"href":"https:\/\/twsites.com.br\/novomigcenter\/index.php?rest_route=\/wp\/v2\/product"}],"about":[{"href":"https:\/\/twsites.com.br\/novomigcenter\/index.php?rest_route=\/wp\/v2\/types\/product"}],"replies":[{"embeddable":true,"href":"https:\/\/twsites.com.br\/novomigcenter\/index.php?rest_route=%2Fwp%2Fv2%2Fcomments&post=10924"}],"wp:featuredmedia":[{"embeddable":true,"href":"https:\/\/twsites.com.br\/novomigcenter\/index.php?rest_route=\/wp\/v2\/media\/10923"}],"wp:attachment":[{"href":"https:\/\/twsites.com.br\/novomigcenter\/index.php?rest_route=%2Fwp%2Fv2%2Fmedia&parent=10924"}],"wp:term":[{"taxonomy":"product_brand","embeddable":true,"href":"https:\/\/twsites.com.br\/novomigcenter\/index.php?rest_route=%2Fwp%2Fv2%2Fproduct_brand&post=10924"},{"taxonomy":"product_cat","embeddable":true,"href":"https:\/\/twsites.com.br\/novomigcenter\/index.php?rest_route=%2Fwp%2Fv2%2Fproduct_cat&post=10924"},{"taxonomy":"product_tag","embeddable":true,"href":"https:\/\/twsites.com.br\/novomigcenter\/index.php?rest_route=%2Fwp%2Fv2%2Fproduct_tag&post=10924"}],"curies":[{"name":"wp","href":"https:\/\/api.w.org\/{rel}","templated":true}]}}