{"id":10926,"date":"2017-02-08T11:19:48","date_gmt":"2017-02-08T11:19:48","guid":{"rendered":"https:\/\/twsites.com.br\/novomigcenter\/?product=doceira-de-churros-copo-em-inox-2ltrs-ademaq"},"modified":"2017-02-08T11:19:48","modified_gmt":"2017-02-08T11:19:48","slug":"doceira-de-churros-copo-em-inox-2ltrs-ademaq","status":"publish","type":"product","link":"https:\/\/twsites.com.br\/novomigcenter\/?product=doceira-de-churros-copo-em-inox-2ltrs-ademaq","title":{"rendered":"Doceira de Churros &#8211; Copo em Inox 2Ltrs &#8211; Ademaq"},"content":{"rendered":"<p><span style=\"font-weight: bold; font-size: 14px;\"><font face=\"Arial\">Descri\u00e7\u00e3o do Produto<\/font><\/span><\/p>\n<p><font face=\"Arial\"><br \/><\/font><\/p>\n<p><span style=\"font-size: 14px;\"><font face=\"Arial\">\u2022 Copo em inox totalmente polido<\/font><\/span><\/p>\n<p><span style=\"font-size: 14px;\"><font face=\"Arial\">\u2022 Base em liga especial de alum\u00ednio totalmente polida<\/font><\/span><\/p>\n<p><span style=\"font-size: 14px;\"><font face=\"Arial\">\u2022 V\u00e1lvula com pist\u00e3o em polipropileno<\/font><\/span><\/p>\n<p><span style=\"font-size: 14px;\"><font face=\"Arial\">\u2022 Totalmente desmont\u00e1vel<\/font><\/span><\/p>\n<p><span style=\"font-size: 14px;\"><font face=\"Arial\">\u2022 Bico em a\u00e7o inox<\/font><\/span><\/p>\n<p><span style=\"font-size: 14px;\"><font face=\"Arial\">Capacidade: 2 litros<\/font><\/span><\/p>\n<p><\/p>\n<p><span style=\"font-weight: bold; font-size: 14px;\">Caracter\u00edsticas T\u00e9cnicas:<\/span><\/p>\n<p><span style=\"font-size: 14px;\">&#8211; Peso l\u00edquido 2 kg<\/span><\/p>\n<p>&#8211; Garantia total 6 meses<\/p>\n","protected":false},"excerpt":{"rendered":"<p>Descri\u00e7\u00e3o do Produto \u2022 Copo em inox totalmente polido \u2022 Base em liga especial de alum\u00ednio totalmente polida \u2022 V\u00e1lvula com pist\u00e3o em polipropileno \u2022 Totalmente desmont\u00e1vel \u2022 Bico em a\u00e7o inox Capacidade: 2 litros Caracter\u00edsticas T\u00e9cnicas: &#8211; Peso l\u00edquido 2 kg &#8211; Garantia total 6 meses<\/p>\n","protected":false},"featured_media":10925,"comment_status":"open","ping_status":"closed","template":"","meta":[],"product_brand":[],"product_cat":[384],"product_tag":[],"class_list":{"0":"post-10926","1":"product","2":"type-product","3":"status-publish","4":"has-post-thumbnail","6":"product_cat-doceira-de-churros","8":"first","9":"instock","10":"shipping-taxable","11":"purchasable","12":"product-type-simple"},"_links":{"self":[{"href":"https:\/\/twsites.com.br\/novomigcenter\/index.php?rest_route=\/wp\/v2\/product\/10926","targetHints":{"allow":["GET"]}}],"collection":[{"href":"https:\/\/twsites.com.br\/novomigcenter\/index.php?rest_route=\/wp\/v2\/product"}],"about":[{"href":"https:\/\/twsites.com.br\/novomigcenter\/index.php?rest_route=\/wp\/v2\/types\/product"}],"replies":[{"embeddable":true,"href":"https:\/\/twsites.com.br\/novomigcenter\/index.php?rest_route=%2Fwp%2Fv2%2Fcomments&post=10926"}],"wp:featuredmedia":[{"embeddable":true,"href":"https:\/\/twsites.com.br\/novomigcenter\/index.php?rest_route=\/wp\/v2\/media\/10925"}],"wp:attachment":[{"href":"https:\/\/twsites.com.br\/novomigcenter\/index.php?rest_route=%2Fwp%2Fv2%2Fmedia&parent=10926"}],"wp:term":[{"taxonomy":"product_brand","embeddable":true,"href":"https:\/\/twsites.com.br\/novomigcenter\/index.php?rest_route=%2Fwp%2Fv2%2Fproduct_brand&post=10926"},{"taxonomy":"product_cat","embeddable":true,"href":"https:\/\/twsites.com.br\/novomigcenter\/index.php?rest_route=%2Fwp%2Fv2%2Fproduct_cat&post=10926"},{"taxonomy":"product_tag","embeddable":true,"href":"https:\/\/twsites.com.br\/novomigcenter\/index.php?rest_route=%2Fwp%2Fv2%2Fproduct_tag&post=10926"}],"curies":[{"name":"wp","href":"https:\/\/api.w.org\/{rel}","templated":true}]}}