{"id":10928,"date":"2017-02-08T16:48:11","date_gmt":"2017-02-08T16:48:11","guid":{"rendered":"https:\/\/twsites.com.br\/novomigcenter\/?product=doceira-de-churros-copo-em-inox-5ltrs-ademaq"},"modified":"2017-02-08T16:48:11","modified_gmt":"2017-02-08T16:48:11","slug":"doceira-de-churros-copo-em-inox-5ltrs-ademaq","status":"publish","type":"product","link":"https:\/\/twsites.com.br\/novomigcenter\/?product=doceira-de-churros-copo-em-inox-5ltrs-ademaq","title":{"rendered":"Doceira de Churros &#8211; Copo em Inox 5Lts &#8211; Ademaq"},"content":{"rendered":"<p><span style=\"font-weight: bold; font-size: 14px;\"><font face=\"Arial\">Descri\u00e7\u00e3o do Produto<\/font><\/span><\/p>\n<p><span style=\"font-weight: bold;\"><font face=\"Arial\"><br \/><\/font><\/span><\/p>\n<p><font face=\"Arial\"><span style=\"font-size: 14px;\">Copo em a\u00e7o inox escovado.<\/span><\/font><\/p>\n<p><font face=\"Arial\"><span style=\"font-size: 14px;\">\u2022 Base em liga especial de alum\u00ednio totalmente polida.<\/span><\/font><\/p>\n<p><font face=\"Arial\"><span style=\"font-size: 14px;\">\u2022 V\u00e1lvula com pist\u00e3o em polipropileno.<\/span><\/font><\/p>\n<p><font face=\"Arial\"><span style=\"font-size: 14px;\">\u2022 Totalmente desmont\u00e1vel.<\/span><\/font><\/p>\n<p><font face=\"Arial\"><span style=\"font-size: 14px;\">\u2022 Bico em a\u00e7o inox.<\/span><\/font><\/p>\n<p><font face=\"Arial\"><br \/><\/font><\/p>\n<p><font face=\"Arial\"><span style=\"font-size: 14px;\">Capacidade: 5 litros<\/span><\/font><\/p>\n<p><font face=\"Arial\"><br \/><\/font><\/p>\n<p><span style=\"font-weight: bold; font-size: 14px;\"><font face=\"Arial\">Caracter\u00edsticas T\u00e9cnicas:<\/font><\/span><\/p>\n<p><font face=\"Arial\"><span style=\"font-size: 14px;\">&#8211; Altura: 50 cm<\/span><\/font><\/p>\n<p><font face=\"Arial\"><span style=\"font-size: 14px;\">&#8211; Largura: 17 cm<\/span><\/font><\/p>\n<p><font face=\"Arial\"><span style=\"font-size: 14px;\">&#8211; Profundidade: 36 cm<\/span><\/font><\/p>\n<p><font face=\"Arial\"><span style=\"font-size: 14px;\">&#8211; Peso L\u00edquido: 2,6 Kg.<\/span><\/font><\/p>\n","protected":false},"excerpt":{"rendered":"<p>Descri\u00e7\u00e3o do Produto Copo em a\u00e7o inox escovado. \u2022 Base em liga especial de alum\u00ednio totalmente polida. \u2022 V\u00e1lvula com pist\u00e3o em polipropileno. \u2022 Totalmente desmont\u00e1vel. \u2022 Bico em a\u00e7o inox. Capacidade: 5 litros Caracter\u00edsticas T\u00e9cnicas: &#8211; Altura: 50 cm &#8211; Largura: 17 cm &#8211; Profundidade: 36 cm &#8211; Peso L\u00edquido: 2,6 Kg.<\/p>\n","protected":false},"featured_media":10927,"comment_status":"open","ping_status":"closed","template":"","meta":[],"product_brand":[],"product_cat":[384],"product_tag":[],"class_list":{"0":"post-10928","1":"product","2":"type-product","3":"status-publish","4":"has-post-thumbnail","6":"product_cat-doceira-de-churros","8":"first","9":"instock","10":"shipping-taxable","11":"purchasable","12":"product-type-simple"},"_links":{"self":[{"href":"https:\/\/twsites.com.br\/novomigcenter\/index.php?rest_route=\/wp\/v2\/product\/10928","targetHints":{"allow":["GET"]}}],"collection":[{"href":"https:\/\/twsites.com.br\/novomigcenter\/index.php?rest_route=\/wp\/v2\/product"}],"about":[{"href":"https:\/\/twsites.com.br\/novomigcenter\/index.php?rest_route=\/wp\/v2\/types\/product"}],"replies":[{"embeddable":true,"href":"https:\/\/twsites.com.br\/novomigcenter\/index.php?rest_route=%2Fwp%2Fv2%2Fcomments&post=10928"}],"wp:featuredmedia":[{"embeddable":true,"href":"https:\/\/twsites.com.br\/novomigcenter\/index.php?rest_route=\/wp\/v2\/media\/10927"}],"wp:attachment":[{"href":"https:\/\/twsites.com.br\/novomigcenter\/index.php?rest_route=%2Fwp%2Fv2%2Fmedia&parent=10928"}],"wp:term":[{"taxonomy":"product_brand","embeddable":true,"href":"https:\/\/twsites.com.br\/novomigcenter\/index.php?rest_route=%2Fwp%2Fv2%2Fproduct_brand&post=10928"},{"taxonomy":"product_cat","embeddable":true,"href":"https:\/\/twsites.com.br\/novomigcenter\/index.php?rest_route=%2Fwp%2Fv2%2Fproduct_cat&post=10928"},{"taxonomy":"product_tag","embeddable":true,"href":"https:\/\/twsites.com.br\/novomigcenter\/index.php?rest_route=%2Fwp%2Fv2%2Fproduct_tag&post=10928"}],"curies":[{"name":"wp","href":"https:\/\/api.w.org\/{rel}","templated":true}]}}