{"id":10931,"date":"2017-02-08T17:07:18","date_gmt":"2017-02-08T17:07:18","guid":{"rendered":"https:\/\/twsites.com.br\/novomigcenter\/?product=doceira-de-churros-copo-de-aluminio-5lts-ademaq"},"modified":"2017-02-08T17:07:18","modified_gmt":"2017-02-08T17:07:18","slug":"doceira-de-churros-copo-de-aluminio-5lts-ademaq","status":"publish","type":"product","link":"https:\/\/twsites.com.br\/novomigcenter\/?product=doceira-de-churros-copo-de-aluminio-5lts-ademaq","title":{"rendered":"Doceira de Churros &#8211; Copo de Alum\u00ednio 5Lts &#8211; Ademaq"},"content":{"rendered":"<p><span style=\"font-weight: bold; font-size: 14px;\"><font face=\"Arial\">Descri\u00e7\u00e3o do Produto<\/font><\/span><\/p>\n<p><font face=\"Arial\"><br \/><\/font><\/p>\n<p><font face=\"Arial\"><span style=\"font-size: 14px;\">\u2022 Copo refor\u00e7ado repuxado com alum\u00ednio de 1,5 mm de espessura<\/span><\/font><\/p>\n<p><font face=\"Arial\"><span style=\"font-size: 14px;\">\u2022 Bordas dobradas para refor\u00e7o do copo<\/span><\/font><\/p>\n<p><font face=\"Arial\"><span style=\"font-size: 14px;\">\u2022 Base compacta em liga especial de alum\u00ednio totalmente polida<\/span><\/font><\/p>\n<p><font face=\"Arial\"><span style=\"font-size: 14px;\">\u2022 V\u00e1lvula com pist\u00e3o em polipropileno<\/span><\/font><\/p>\n<p><font face=\"Arial\"><span style=\"font-size: 14px;\">\u2022 Bico em a\u00e7o inox<\/span><\/font><\/p>\n<p><font face=\"Arial\"><br \/><\/font><\/p>\n<p><font face=\"Arial\"><span style=\"font-size: 14px;\">Capacidade: 5 litros<\/span><\/font><\/p>\n<p><font face=\"Arial\"><br \/><\/font><\/p>\n<p><span style=\"font-weight: bold; font-size: 14px;\"><font face=\"Arial\">Caracter\u00edsticas T\u00e9cnicas:<\/font><\/span><\/p>\n<p><font face=\"Arial\"><span style=\"font-size: 14px;\">&#8211; Peso l\u00edquido 2,5 kg<\/span><\/font><\/p>\n<p><font face=\"Arial\"><span style=\"font-size: 14px;\">&#8211; Garantia total 6 meses<\/span><\/font><\/p>\n","protected":false},"excerpt":{"rendered":"<p>Descri\u00e7\u00e3o do Produto \u2022 Copo refor\u00e7ado repuxado com alum\u00ednio de 1,5 mm de espessura \u2022 Bordas dobradas para refor\u00e7o do copo \u2022 Base compacta em liga especial de alum\u00ednio totalmente polida \u2022 V\u00e1lvula com pist\u00e3o em polipropileno \u2022 Bico em a\u00e7o inox Capacidade: 5 litros Caracter\u00edsticas T\u00e9cnicas: &#8211; Peso l\u00edquido 2,5 kg &#8211; Garantia total [&hellip;]<\/p>\n","protected":false},"featured_media":10927,"comment_status":"open","ping_status":"closed","template":"","meta":[],"product_brand":[],"product_cat":[384],"product_tag":[],"class_list":{"0":"post-10931","1":"product","2":"type-product","3":"status-publish","4":"has-post-thumbnail","6":"product_cat-doceira-de-churros","8":"first","9":"instock","10":"shipping-taxable","11":"purchasable","12":"product-type-simple"},"_links":{"self":[{"href":"https:\/\/twsites.com.br\/novomigcenter\/index.php?rest_route=\/wp\/v2\/product\/10931","targetHints":{"allow":["GET"]}}],"collection":[{"href":"https:\/\/twsites.com.br\/novomigcenter\/index.php?rest_route=\/wp\/v2\/product"}],"about":[{"href":"https:\/\/twsites.com.br\/novomigcenter\/index.php?rest_route=\/wp\/v2\/types\/product"}],"replies":[{"embeddable":true,"href":"https:\/\/twsites.com.br\/novomigcenter\/index.php?rest_route=%2Fwp%2Fv2%2Fcomments&post=10931"}],"wp:featuredmedia":[{"embeddable":true,"href":"https:\/\/twsites.com.br\/novomigcenter\/index.php?rest_route=\/wp\/v2\/media\/10927"}],"wp:attachment":[{"href":"https:\/\/twsites.com.br\/novomigcenter\/index.php?rest_route=%2Fwp%2Fv2%2Fmedia&parent=10931"}],"wp:term":[{"taxonomy":"product_brand","embeddable":true,"href":"https:\/\/twsites.com.br\/novomigcenter\/index.php?rest_route=%2Fwp%2Fv2%2Fproduct_brand&post=10931"},{"taxonomy":"product_cat","embeddable":true,"href":"https:\/\/twsites.com.br\/novomigcenter\/index.php?rest_route=%2Fwp%2Fv2%2Fproduct_cat&post=10931"},{"taxonomy":"product_tag","embeddable":true,"href":"https:\/\/twsites.com.br\/novomigcenter\/index.php?rest_route=%2Fwp%2Fv2%2Fproduct_tag&post=10931"}],"curies":[{"name":"wp","href":"https:\/\/api.w.org\/{rel}","templated":true}]}}