{"id":10933,"date":"2017-02-08T17:10:48","date_gmt":"2017-02-08T17:10:48","guid":{"rendered":"https:\/\/twsites.com.br\/novomigcenter\/?product=recheador-de-pao-de-queijo-copo-em-inox-ademaq"},"modified":"2017-02-08T17:10:48","modified_gmt":"2017-02-08T17:10:48","slug":"recheador-de-pao-de-queijo-copo-em-inox-ademaq","status":"publish","type":"product","link":"https:\/\/twsites.com.br\/novomigcenter\/?product=recheador-de-pao-de-queijo-copo-em-inox-ademaq","title":{"rendered":"Recheador de P\u00e3o de Queijo &#8211; Copo em Inox &#8211; Ademaq"},"content":{"rendered":"<p><span style=\"font-weight: bold;\"><font face=\"Arial\" style=\"\">Descri\u00e7\u00e3o do Produto<\/font><\/span><\/p>\n<p><font face=\"Arial\" style=\"\">\u2022 Copo em inox 304 totalmente polido<\/font><\/p>\n<p><font face=\"Arial\" style=\"\">\u2022 Base em liga especial de alum\u00ednio totalmente polida<\/font><\/p>\n<p><font face=\"Arial\" style=\"\">\u2022 V\u00e1lvula com pist\u00e3o em polipropileno<\/font><\/p>\n<p><font face=\"Arial\" style=\"\">\u2022 Totalmente desmont\u00e1vel<\/font><\/p>\n<p><font face=\"Arial\" style=\"\">\u2022 \u00cambolo para maior fluidez de recheio<\/font><\/p>\n<p><font face=\"Arial\" style=\"\">\u2022 Bico em a\u00e7o inox<\/font><\/p>\n<p><font face=\"Arial\" style=\"\"><br \/><\/font><\/p>\n<p><font face=\"Arial\" style=\"\">Capacidade: 500 ml.<\/font><\/p>\n<p><font face=\"Arial\" style=\"\"><br \/><\/font><\/p>\n<p><span style=\"font-weight: bold;\"><font face=\"Arial\">Caracter\u00edsticas T\u00e9cnicas:<\/font><\/span><\/p>\n<p><font face=\"Arial\" style=\"\">&#8211; Peso l\u00edquido: 1,3 kg.<\/font><\/p>\n","protected":false},"excerpt":{"rendered":"<p>Descri\u00e7\u00e3o do Produto \u2022 Copo em inox 304 totalmente polido \u2022 Base em liga especial de alum\u00ednio totalmente polida \u2022 V\u00e1lvula com pist\u00e3o em polipropileno \u2022 Totalmente desmont\u00e1vel \u2022 \u00cambolo para maior fluidez de recheio \u2022 Bico em a\u00e7o inox Capacidade: 500 ml. Caracter\u00edsticas T\u00e9cnicas: &#8211; Peso l\u00edquido: 1,3 kg.<\/p>\n","protected":false},"featured_media":10932,"comment_status":"open","ping_status":"closed","template":"","meta":[],"product_brand":[],"product_cat":[395],"product_tag":[],"class_list":{"0":"post-10933","1":"product","2":"type-product","3":"status-publish","4":"has-post-thumbnail","6":"product_cat-recheador-de-pao-de-queijo","8":"first","9":"instock","10":"shipping-taxable","11":"purchasable","12":"product-type-simple"},"_links":{"self":[{"href":"https:\/\/twsites.com.br\/novomigcenter\/index.php?rest_route=\/wp\/v2\/product\/10933","targetHints":{"allow":["GET"]}}],"collection":[{"href":"https:\/\/twsites.com.br\/novomigcenter\/index.php?rest_route=\/wp\/v2\/product"}],"about":[{"href":"https:\/\/twsites.com.br\/novomigcenter\/index.php?rest_route=\/wp\/v2\/types\/product"}],"replies":[{"embeddable":true,"href":"https:\/\/twsites.com.br\/novomigcenter\/index.php?rest_route=%2Fwp%2Fv2%2Fcomments&post=10933"}],"wp:featuredmedia":[{"embeddable":true,"href":"https:\/\/twsites.com.br\/novomigcenter\/index.php?rest_route=\/wp\/v2\/media\/10932"}],"wp:attachment":[{"href":"https:\/\/twsites.com.br\/novomigcenter\/index.php?rest_route=%2Fwp%2Fv2%2Fmedia&parent=10933"}],"wp:term":[{"taxonomy":"product_brand","embeddable":true,"href":"https:\/\/twsites.com.br\/novomigcenter\/index.php?rest_route=%2Fwp%2Fv2%2Fproduct_brand&post=10933"},{"taxonomy":"product_cat","embeddable":true,"href":"https:\/\/twsites.com.br\/novomigcenter\/index.php?rest_route=%2Fwp%2Fv2%2Fproduct_cat&post=10933"},{"taxonomy":"product_tag","embeddable":true,"href":"https:\/\/twsites.com.br\/novomigcenter\/index.php?rest_route=%2Fwp%2Fv2%2Fproduct_tag&post=10933"}],"curies":[{"name":"wp","href":"https:\/\/api.w.org\/{rel}","templated":true}]}}