{"id":10937,"date":"2017-02-08T17:20:21","date_gmt":"2017-02-08T17:20:21","guid":{"rendered":"https:\/\/twsites.com.br\/novomigcenter\/?product=derretedeira-de-chocolate-25-kg-1-cuba-ademaq"},"modified":"2017-02-08T17:20:21","modified_gmt":"2017-02-08T17:20:21","slug":"derretedeira-de-chocolate-25-kg-1-cuba-ademaq","status":"publish","type":"product","link":"https:\/\/twsites.com.br\/novomigcenter\/?product=derretedeira-de-chocolate-25-kg-1-cuba-ademaq","title":{"rendered":"Derretedeira de Chocolate  2,5 kg 1 cuba &#8211; Ademaq"},"content":{"rendered":"<p><span style=\"font-weight: bold; font-size: 14px;\"><font face=\"Arial\">Descri\u00e7\u00e3o do Produto<\/font><\/span><\/p>\n<p><font face=\"Arial\"><br \/><\/font><\/p>\n<p><font face=\"Arial\"><span style=\"font-size: 14px;\"><b>Estrutura:<\/b><\/span><\/font><\/p>\n<p><font face=\"Arial\"><span style=\"font-size: 14px;\">Base em a\u00e7o inoxid\u00e1vel escovado e com visual exclusivo.<\/span><\/font><\/p>\n<p><font face=\"Arial\"><span style=\"font-size: 14px;\">Sistema de Aquecimento do Chocolate:<\/span><\/font><\/p>\n<p><font face=\"Arial\"><span style=\"font-size: 14px;\">&#8211; Provida de termostato com regulagem de temperatura que mant\u00e9m a \u00e1gua na temperatura certa.<\/span><\/font><\/p>\n<p><font face=\"Arial\"><span style=\"font-size: 14px;\">&#8211; Resist\u00eancia em a\u00e7o inoxid\u00e1vel blindada.<\/span><br \/><\/font><\/p>\n<p><font face=\"Arial\"><br \/><\/font><\/p>\n<p><font face=\"Arial\"><span style=\"font-size: 14px;\"><b>Sistema Eletr\u00f4nico:<\/b><\/span><br \/><\/font><\/p>\n<p><font face=\"Arial\"><span style=\"font-size: 14px;\">A \u00fanica bivolt autom\u00e1tica do mercado<\/span><\/font><\/p>\n<p><font face=\"Arial\"><br \/><\/font><\/p>\n<p><font face=\"Arial\"><span style=\"font-size: 14px;\"><b>Ergonomia:<\/b><\/span><\/font><\/p>\n<p><font face=\"Arial\"><span style=\"font-size: 14px;\">\u00danica do mercado a oferecer cabo al\u00e7a antit\u00e9rmico nas laterais para facilitar o manuseio e o transporte.<\/span><\/font><\/p>\n<p><font face=\"Arial\"><br \/><\/font><\/p>\n<p><span style=\"font-weight: bold; font-size: 14px;\"><font face=\"Arial\">Voltagem:<\/font><\/span><\/p>\n<p><span style=\"font-size: 14px;\"><font face=\"Arial\" style=\"\">BIVOLT AUTOM\u00c1TICA<\/font><\/span><\/p>\n<p><font face=\"Arial\"><br \/><\/font><\/p>\n<p><span style=\"font-weight: bold; font-size: 14px;\"><font face=\"Arial\">Caracter\u00edsticas T\u00e9cnicas:&nbsp;<\/font><\/span><\/p>\n<p><font face=\"Arial\"><span style=\"font-size: 14px;\">&#8211; Tens\u00e3o: 127V \/ 220V<\/span><\/font><\/p>\n<p><font face=\"Arial\"><span style=\"font-size: 14px;\">&#8211; Pot\u00eancia: 768 watts \/ 750 watts<\/span><\/font><\/p>\n<p><font face=\"Arial\"><span style=\"font-size: 14px;\">&#8211; Frequ\u00eancia: 50-60 Hz<\/span><\/font><\/p>\n<p><font face=\"Arial\"><span style=\"font-size: 14px;\">&#8211; Altura: 18 cm.<\/span><\/font><\/p>\n<p><font face=\"Arial\"><span style=\"font-size: 14px;\">&#8211; Largura: 24 cm.<\/span><\/font><\/p>\n<p><font face=\"Arial\"><span style=\"font-size: 14px;\">&#8211; Profundidade: 35 cm.<\/span><\/font><\/p>\n<p><font face=\"Arial\"><span style=\"font-size: 14px;\">&#8211; Peso l\u00edquido: 2,740 kg.<\/span><\/font><\/p>\n<p><font face=\"Arial\"><span style=\"font-size: 14px;\">&#8211; Peso bruto: 3,450 kg.<\/span><\/font><\/p>\n<p><font face=\"Arial\"><span style=\"font-size: 14px;\">&#8211; Produto 100% nacional<\/span><\/font><\/p>\n","protected":false},"excerpt":{"rendered":"<p>Descri\u00e7\u00e3o do Produto Estrutura: Base em a\u00e7o inoxid\u00e1vel escovado e com visual exclusivo. Sistema de Aquecimento do Chocolate: &#8211; Provida de termostato com regulagem de temperatura que mant\u00e9m a \u00e1gua na temperatura certa. &#8211; Resist\u00eancia em a\u00e7o inoxid\u00e1vel blindada. Sistema Eletr\u00f4nico: A \u00fanica bivolt autom\u00e1tica do mercado Ergonomia: \u00danica do mercado a oferecer cabo al\u00e7a [&hellip;]<\/p>\n","protected":false},"featured_media":10936,"comment_status":"open","ping_status":"closed","template":"","meta":[],"product_brand":[],"product_cat":[396],"product_tag":[],"class_list":{"0":"post-10937","1":"product","2":"type-product","3":"status-publish","4":"has-post-thumbnail","6":"product_cat-derretedeira-de-chocolates","8":"first","9":"instock","10":"shipping-taxable","11":"purchasable","12":"product-type-simple"},"_links":{"self":[{"href":"https:\/\/twsites.com.br\/novomigcenter\/index.php?rest_route=\/wp\/v2\/product\/10937","targetHints":{"allow":["GET"]}}],"collection":[{"href":"https:\/\/twsites.com.br\/novomigcenter\/index.php?rest_route=\/wp\/v2\/product"}],"about":[{"href":"https:\/\/twsites.com.br\/novomigcenter\/index.php?rest_route=\/wp\/v2\/types\/product"}],"replies":[{"embeddable":true,"href":"https:\/\/twsites.com.br\/novomigcenter\/index.php?rest_route=%2Fwp%2Fv2%2Fcomments&post=10937"}],"wp:featuredmedia":[{"embeddable":true,"href":"https:\/\/twsites.com.br\/novomigcenter\/index.php?rest_route=\/wp\/v2\/media\/10936"}],"wp:attachment":[{"href":"https:\/\/twsites.com.br\/novomigcenter\/index.php?rest_route=%2Fwp%2Fv2%2Fmedia&parent=10937"}],"wp:term":[{"taxonomy":"product_brand","embeddable":true,"href":"https:\/\/twsites.com.br\/novomigcenter\/index.php?rest_route=%2Fwp%2Fv2%2Fproduct_brand&post=10937"},{"taxonomy":"product_cat","embeddable":true,"href":"https:\/\/twsites.com.br\/novomigcenter\/index.php?rest_route=%2Fwp%2Fv2%2Fproduct_cat&post=10937"},{"taxonomy":"product_tag","embeddable":true,"href":"https:\/\/twsites.com.br\/novomigcenter\/index.php?rest_route=%2Fwp%2Fv2%2Fproduct_tag&post=10937"}],"curies":[{"name":"wp","href":"https:\/\/api.w.org\/{rel}","templated":true}]}}