{"id":10952,"date":"2017-02-09T14:20:59","date_gmt":"2017-02-09T14:20:59","guid":{"rendered":"https:\/\/twsites.com.br\/novomigcenter\/?product=balanca-2090-inox-toledo"},"modified":"2017-02-09T14:20:59","modified_gmt":"2017-02-09T14:20:59","slug":"balanca-2090-inox-toledo","status":"publish","type":"product","link":"https:\/\/twsites.com.br\/novomigcenter\/?product=balanca-2090-inox-toledo","title":{"rendered":"Balan\u00e7a &#8211; 2090 Inox &#8211; ToledoBrasil"},"content":{"rendered":"<p><span style=\"font-weight: bold;\">Descri\u00e7\u00e3o do Produto<\/span><\/p>\n<p><\/p>\n<p>Caracter\u00edsticas Funcionais<\/p>\n<p>Utiliza\u00e7\u00e3o de c\u00e9lula de carga insens\u00edvel a momento; elimina a necessidade de barras de flex\u00e3o, tirantes ou parachoques.<\/p>\n<p>A estrutura da balan\u00e7a foi projetada e otimizada com tecnologia computadorizada, suportando carregamentos at\u00e9 20% acima da carga m\u00e1xima da balan\u00e7a.<\/p>\n<p>Oito limitadores de sobrecarga protegem a c\u00e9lula de carga contra danos decorrentes de impactos acidentais.<\/p>\n<p>P\u00e9s regul\u00e1veis e antiderrapantes mant\u00eam a balan\u00e7a nivelada, firme e segura.<\/p>\n<p>Pode ser utilizada como pesadora, verificadora, classificadora ou contadora, oferecendo mais versatilidade de aplica\u00e7\u00e3o.<\/p>\n<p><\/p>\n<p>Vantagens<\/p>\n<p>Confiabilidade &#8211; excede os padr\u00f5es metrol\u00f3gicos em vigor.<\/p>\n<p>Pesagens e contagens r\u00e1pidas.<\/p>\n<p>F\u00e1cil leitura, sem erros de interpreta\u00e7\u00e3o. D\u00edgitos de \u00f3tima visualiza\u00e7\u00e3o.<\/p>\n<p>Maior durabilidade, sem pe\u00e7as m\u00f3veis sujeitas a desgaste.<\/p>\n<p>Manuten\u00e7\u00e3o reduzida e facilidade de transporte: a balan\u00e7a \u00e9 compacta e leve.<\/p>\n<p>Possibilidade de interliga\u00e7\u00e3o a sistemas automatizados, etiquetadores e impressores.<\/p>\n<p>Rede de assist\u00eancia t\u00e9cnica pr\u00f3pria em todo o Brasil.<\/p>\n<p><\/p>\n<p>Informa\u00e7\u00f5es t\u00e9cnicas<\/p>\n<p>Base de a\u00e7o carbono SAE-1020, ou a\u00e7o inox AISI-304.<\/p>\n<p>Plataforma de a\u00e7o carbono SAE-1020, ou a\u00e7o AISI-304.<\/p>\n<p>C\u00e9lula de carga Toledo do Brasil de a\u00e7o inoxid\u00e1vel, com grau de prote\u00e7\u00e3o. IP-68 (submers\u00e3o) e contra jatos de \u00e1gua.<\/p>\n<p>Exclusivo Sistema de Prote\u00e7\u00e3o contra Sobrecargas.<\/p>\n<p><\/p>\n<p>Opcionais<\/p>\n<p>Coluna para fixa\u00e7\u00e3o do indicador digital, com altura de 0,5 m ou 0,8 m.<\/p>\n<p>Esteira de roletes.<\/p>\n<p>grade de encosto para plataforma de 50 cm x 50 cm.<\/p>\n","protected":false},"excerpt":{"rendered":"<p>Descri\u00e7\u00e3o do Produto Caracter\u00edsticas Funcionais Utiliza\u00e7\u00e3o de c\u00e9lula de carga insens\u00edvel a momento; elimina a necessidade de barras de flex\u00e3o, tirantes ou parachoques. A estrutura da balan\u00e7a foi projetada e otimizada com tecnologia computadorizada, suportando carregamentos at\u00e9 20% acima da carga m\u00e1xima da balan\u00e7a. Oito limitadores de sobrecarga protegem a c\u00e9lula de carga contra danos [&hellip;]<\/p>\n","protected":false},"featured_media":10951,"comment_status":"open","ping_status":"closed","template":"","meta":[],"product_brand":[],"product_cat":[297],"product_tag":[],"class_list":{"0":"post-10952","1":"product","2":"type-product","3":"status-publish","4":"has-post-thumbnail","6":"product_cat-balanca","8":"first","9":"instock","10":"shipping-taxable","11":"purchasable","12":"product-type-simple"},"_links":{"self":[{"href":"https:\/\/twsites.com.br\/novomigcenter\/index.php?rest_route=\/wp\/v2\/product\/10952","targetHints":{"allow":["GET"]}}],"collection":[{"href":"https:\/\/twsites.com.br\/novomigcenter\/index.php?rest_route=\/wp\/v2\/product"}],"about":[{"href":"https:\/\/twsites.com.br\/novomigcenter\/index.php?rest_route=\/wp\/v2\/types\/product"}],"replies":[{"embeddable":true,"href":"https:\/\/twsites.com.br\/novomigcenter\/index.php?rest_route=%2Fwp%2Fv2%2Fcomments&post=10952"}],"wp:featuredmedia":[{"embeddable":true,"href":"https:\/\/twsites.com.br\/novomigcenter\/index.php?rest_route=\/wp\/v2\/media\/10951"}],"wp:attachment":[{"href":"https:\/\/twsites.com.br\/novomigcenter\/index.php?rest_route=%2Fwp%2Fv2%2Fmedia&parent=10952"}],"wp:term":[{"taxonomy":"product_brand","embeddable":true,"href":"https:\/\/twsites.com.br\/novomigcenter\/index.php?rest_route=%2Fwp%2Fv2%2Fproduct_brand&post=10952"},{"taxonomy":"product_cat","embeddable":true,"href":"https:\/\/twsites.com.br\/novomigcenter\/index.php?rest_route=%2Fwp%2Fv2%2Fproduct_cat&post=10952"},{"taxonomy":"product_tag","embeddable":true,"href":"https:\/\/twsites.com.br\/novomigcenter\/index.php?rest_route=%2Fwp%2Fv2%2Fproduct_tag&post=10952"}],"curies":[{"name":"wp","href":"https:\/\/api.w.org\/{rel}","templated":true}]}}