{"id":10954,"date":"2017-02-09T14:29:27","date_gmt":"2017-02-09T14:29:27","guid":{"rendered":"https:\/\/twsites.com.br\/novomigcenter\/?product=balanca-eletronica-de-bancada-2095-toledo-brasil"},"modified":"2017-02-09T14:29:27","modified_gmt":"2017-02-09T14:29:27","slug":"balanca-eletronica-de-bancada-2095-toledo-brasil","status":"publish","type":"product","link":"https:\/\/twsites.com.br\/novomigcenter\/?product=balanca-eletronica-de-bancada-2095-toledo-brasil","title":{"rendered":"Balan\u00e7a Eletr\u00f4nica de Bancada &#8211; 2095 &#8211; ToledoBrasil"},"content":{"rendered":"<p><span style=\"font-weight: bold;\">Descri\u00e7\u00e3o do Produto<\/span><\/p>\n<p>Simples, inovadora e flex\u00edvel, a balan\u00e7a eletr\u00f4nica de bancada 2095 \u00e9 a op\u00e7\u00e3o ideal para aplica\u00e7\u00f5es de confer\u00eancia, recebimento, expedi\u00e7\u00e3o, almoxarifado e processos produtivos em geral.<\/p>\n<p>\u00c9 um equipamento vers\u00e1til, que atende \u00e0s necessidades de pesagem do seu neg\u00f3cio, seja da ind\u00fastria ou do mercado varejista.<\/p>\n<p>Fabricada pela Toledo do Brasil, a maior empresa nacional de pesagem, a 2095 \u00e9 testada de acordo com o padr\u00e3o de qualidade ISO 9001:2008. Proporciona m\u00e1xima durabilidade nos mais exigentes ambientes de trabalho.<\/p>\n","protected":false},"excerpt":{"rendered":"<p>Descri\u00e7\u00e3o do Produto Simples, inovadora e flex\u00edvel, a balan\u00e7a eletr\u00f4nica de bancada 2095 \u00e9 a op\u00e7\u00e3o ideal para aplica\u00e7\u00f5es de confer\u00eancia, recebimento, expedi\u00e7\u00e3o, almoxarifado e processos produtivos em geral. \u00c9 um equipamento vers\u00e1til, que atende \u00e0s necessidades de pesagem do seu neg\u00f3cio, seja da ind\u00fastria ou do mercado varejista. Fabricada pela Toledo do Brasil, a [&hellip;]<\/p>\n","protected":false},"featured_media":10953,"comment_status":"open","ping_status":"closed","template":"","meta":[],"product_brand":[],"product_cat":[297],"product_tag":[],"class_list":{"0":"post-10954","1":"product","2":"type-product","3":"status-publish","4":"has-post-thumbnail","6":"product_cat-balanca","8":"first","9":"instock","10":"shipping-taxable","11":"purchasable","12":"product-type-simple"},"_links":{"self":[{"href":"https:\/\/twsites.com.br\/novomigcenter\/index.php?rest_route=\/wp\/v2\/product\/10954","targetHints":{"allow":["GET"]}}],"collection":[{"href":"https:\/\/twsites.com.br\/novomigcenter\/index.php?rest_route=\/wp\/v2\/product"}],"about":[{"href":"https:\/\/twsites.com.br\/novomigcenter\/index.php?rest_route=\/wp\/v2\/types\/product"}],"replies":[{"embeddable":true,"href":"https:\/\/twsites.com.br\/novomigcenter\/index.php?rest_route=%2Fwp%2Fv2%2Fcomments&post=10954"}],"wp:featuredmedia":[{"embeddable":true,"href":"https:\/\/twsites.com.br\/novomigcenter\/index.php?rest_route=\/wp\/v2\/media\/10953"}],"wp:attachment":[{"href":"https:\/\/twsites.com.br\/novomigcenter\/index.php?rest_route=%2Fwp%2Fv2%2Fmedia&parent=10954"}],"wp:term":[{"taxonomy":"product_brand","embeddable":true,"href":"https:\/\/twsites.com.br\/novomigcenter\/index.php?rest_route=%2Fwp%2Fv2%2Fproduct_brand&post=10954"},{"taxonomy":"product_cat","embeddable":true,"href":"https:\/\/twsites.com.br\/novomigcenter\/index.php?rest_route=%2Fwp%2Fv2%2Fproduct_cat&post=10954"},{"taxonomy":"product_tag","embeddable":true,"href":"https:\/\/twsites.com.br\/novomigcenter\/index.php?rest_route=%2Fwp%2Fv2%2Fproduct_tag&post=10954"}],"curies":[{"name":"wp","href":"https:\/\/api.w.org\/{rel}","templated":true}]}}