{"id":10956,"date":"2017-02-09T14:31:57","date_gmt":"2017-02-09T14:31:57","guid":{"rendered":"https:\/\/twsites.com.br\/novomigcenter\/?product=balanca-eletronica-para-pesar-pessoas-2096-pp-toledobrasil"},"modified":"2017-02-09T14:31:57","modified_gmt":"2017-02-09T14:31:57","slug":"balanca-eletronica-para-pesar-pessoas-2096-pp-toledobrasil","status":"publish","type":"product","link":"https:\/\/twsites.com.br\/novomigcenter\/?product=balanca-eletronica-para-pesar-pessoas-2096-pp-toledobrasil","title":{"rendered":"Balan\u00e7a Eletr\u00f4nica para Pesar Pessoas &#8211; 2096 PP &#8211; ToledoBrasil"},"content":{"rendered":"<p><span style=\"font-weight: bold;\">Descri\u00e7\u00e3o do Produto<\/span><\/p>\n<p>A Solu\u00e7\u00e3o R\u00e1pida e Vers\u00e1til<\/p>\n<p>A 2096 PP pode realizar rapidamente a pesagem de pessoas nos mais variados lugares, como por exemplo: farm\u00e1cias, academias de gin\u00e1stica, hospitais, cl\u00ednicas e consult\u00f3rios m\u00e9dicos, centros de dieta, clubes, gin\u00e1sios de esportes, escolas, hot\u00e9is, lojas de departamento, resid\u00eancias, condom\u00ednios, etc.<\/p>\n<p><span style=\"font-weight: bold;\">Acess\u00f3rios (Opcionais)<\/span><\/p>\n<p>&#8211; R\u00e9gua Antropom\u00e9trica ( de 1,05 m a 2,01 m ).<\/p>\n<p>&#8211; Sa\u00edda para Impressora Matricial de Etiquetas Toledo do Brasil.<\/p>\n<p>&#8211; Sa\u00edda para liga\u00e7\u00e3o a computadores e outros perif\u00e9ricos.<\/p>\n","protected":false},"excerpt":{"rendered":"<p>Descri\u00e7\u00e3o do Produto A Solu\u00e7\u00e3o R\u00e1pida e Vers\u00e1til A 2096 PP pode realizar rapidamente a pesagem de pessoas nos mais variados lugares, como por exemplo: farm\u00e1cias, academias de gin\u00e1stica, hospitais, cl\u00ednicas e consult\u00f3rios m\u00e9dicos, centros de dieta, clubes, gin\u00e1sios de esportes, escolas, hot\u00e9is, lojas de departamento, resid\u00eancias, condom\u00ednios, etc. Acess\u00f3rios (Opcionais) &#8211; R\u00e9gua Antropom\u00e9trica ( [&hellip;]<\/p>\n","protected":false},"featured_media":10955,"comment_status":"open","ping_status":"closed","template":"","meta":[],"product_brand":[],"product_cat":[297],"product_tag":[],"class_list":{"0":"post-10956","1":"product","2":"type-product","3":"status-publish","4":"has-post-thumbnail","6":"product_cat-balanca","8":"first","9":"instock","10":"shipping-taxable","11":"purchasable","12":"product-type-simple"},"_links":{"self":[{"href":"https:\/\/twsites.com.br\/novomigcenter\/index.php?rest_route=\/wp\/v2\/product\/10956","targetHints":{"allow":["GET"]}}],"collection":[{"href":"https:\/\/twsites.com.br\/novomigcenter\/index.php?rest_route=\/wp\/v2\/product"}],"about":[{"href":"https:\/\/twsites.com.br\/novomigcenter\/index.php?rest_route=\/wp\/v2\/types\/product"}],"replies":[{"embeddable":true,"href":"https:\/\/twsites.com.br\/novomigcenter\/index.php?rest_route=%2Fwp%2Fv2%2Fcomments&post=10956"}],"wp:featuredmedia":[{"embeddable":true,"href":"https:\/\/twsites.com.br\/novomigcenter\/index.php?rest_route=\/wp\/v2\/media\/10955"}],"wp:attachment":[{"href":"https:\/\/twsites.com.br\/novomigcenter\/index.php?rest_route=%2Fwp%2Fv2%2Fmedia&parent=10956"}],"wp:term":[{"taxonomy":"product_brand","embeddable":true,"href":"https:\/\/twsites.com.br\/novomigcenter\/index.php?rest_route=%2Fwp%2Fv2%2Fproduct_brand&post=10956"},{"taxonomy":"product_cat","embeddable":true,"href":"https:\/\/twsites.com.br\/novomigcenter\/index.php?rest_route=%2Fwp%2Fv2%2Fproduct_cat&post=10956"},{"taxonomy":"product_tag","embeddable":true,"href":"https:\/\/twsites.com.br\/novomigcenter\/index.php?rest_route=%2Fwp%2Fv2%2Fproduct_tag&post=10956"}],"curies":[{"name":"wp","href":"https:\/\/api.w.org\/{rel}","templated":true}]}}