{"id":10958,"date":"2017-02-09T14:46:02","date_gmt":"2017-02-09T14:46:02","guid":{"rendered":"https:\/\/twsites.com.br\/novomigcenter\/?product=balanca-eletronica-de-bancada-2098-e2098c-toledo-brasil"},"modified":"2017-02-09T14:46:02","modified_gmt":"2017-02-09T14:46:02","slug":"balanca-eletronica-de-bancada-2098-e2098c-toledo-brasil","status":"publish","type":"product","link":"https:\/\/twsites.com.br\/novomigcenter\/?product=balanca-eletronica-de-bancada-2098-e2098c-toledo-brasil","title":{"rendered":"Balan\u00e7a Eletr\u00f4nica de Bancada &#8211; 2098 e 2098C &#8211; ToledoBrasil"},"content":{"rendered":"<p style=\"text-align: justify; \"><span style=\"font-weight: bold;\"><font face=\"Arial\">Descri\u00e7\u00e3o do Produto<\/font><\/span><\/p>\n<p style=\"text-align: justify; \"><font face=\"Arial\">A Toledo do Brasil \u00e9 uma empresa comprometida com o sucesso dos clientes, visando sempre \u00e0 cria\u00e7\u00e3o de valor.<br \/><\/font><\/p>\n<p style=\"text-align: justify;\"><font face=\"Arial\">L\u00edder nacional da \u00e1rea de pesagem investiu no desenvolvimento de duas solu\u00e7\u00f5es inovadoras, com flexibilidade de capacidades e tamanhos de plataformas.<\/font><\/p>\n<p style=\"text-align: justify; \"><font face=\"Arial\">A vers\u00e1til linha de balan\u00e7as de bancada 2098 e 2098 C \u00e9 resultado deste esfor\u00e7o e compromisso. Os modelos e fun\u00e7\u00f5es atendem \u00e0s necessidades de pesagem e confer\u00eancia do mercado varejista aliment\u00edcio, al\u00e9m das etapas de recebimento, expedi\u00e7\u00e3o, almoxarifado e produ\u00e7\u00e3o do segmento industrial.<\/font><\/p>\n","protected":false},"excerpt":{"rendered":"<p>Descri\u00e7\u00e3o do Produto A Toledo do Brasil \u00e9 uma empresa comprometida com o sucesso dos clientes, visando sempre \u00e0 cria\u00e7\u00e3o de valor. L\u00edder nacional da \u00e1rea de pesagem investiu no desenvolvimento de duas solu\u00e7\u00f5es inovadoras, com flexibilidade de capacidades e tamanhos de plataformas. A vers\u00e1til linha de balan\u00e7as de bancada 2098 e 2098 C \u00e9 [&hellip;]<\/p>\n","protected":false},"featured_media":10957,"comment_status":"open","ping_status":"closed","template":"","meta":[],"product_brand":[],"product_cat":[297],"product_tag":[],"class_list":{"0":"post-10958","1":"product","2":"type-product","3":"status-publish","4":"has-post-thumbnail","6":"product_cat-balanca","8":"first","9":"instock","10":"shipping-taxable","11":"purchasable","12":"product-type-simple"},"_links":{"self":[{"href":"https:\/\/twsites.com.br\/novomigcenter\/index.php?rest_route=\/wp\/v2\/product\/10958","targetHints":{"allow":["GET"]}}],"collection":[{"href":"https:\/\/twsites.com.br\/novomigcenter\/index.php?rest_route=\/wp\/v2\/product"}],"about":[{"href":"https:\/\/twsites.com.br\/novomigcenter\/index.php?rest_route=\/wp\/v2\/types\/product"}],"replies":[{"embeddable":true,"href":"https:\/\/twsites.com.br\/novomigcenter\/index.php?rest_route=%2Fwp%2Fv2%2Fcomments&post=10958"}],"wp:featuredmedia":[{"embeddable":true,"href":"https:\/\/twsites.com.br\/novomigcenter\/index.php?rest_route=\/wp\/v2\/media\/10957"}],"wp:attachment":[{"href":"https:\/\/twsites.com.br\/novomigcenter\/index.php?rest_route=%2Fwp%2Fv2%2Fmedia&parent=10958"}],"wp:term":[{"taxonomy":"product_brand","embeddable":true,"href":"https:\/\/twsites.com.br\/novomigcenter\/index.php?rest_route=%2Fwp%2Fv2%2Fproduct_brand&post=10958"},{"taxonomy":"product_cat","embeddable":true,"href":"https:\/\/twsites.com.br\/novomigcenter\/index.php?rest_route=%2Fwp%2Fv2%2Fproduct_cat&post=10958"},{"taxonomy":"product_tag","embeddable":true,"href":"https:\/\/twsites.com.br\/novomigcenter\/index.php?rest_route=%2Fwp%2Fv2%2Fproduct_tag&post=10958"}],"curies":[{"name":"wp","href":"https:\/\/api.w.org\/{rel}","templated":true}]}}