{"id":10960,"date":"2017-02-09T14:52:31","date_gmt":"2017-02-09T14:52:31","guid":{"rendered":"https:\/\/twsites.com.br\/novomigcenter\/?product=balanca-para-o-varejo-prix-3-plus-toledo-brasil"},"modified":"2017-02-09T14:52:31","modified_gmt":"2017-02-09T14:52:31","slug":"balanca-para-o-varejo-prix-3-plus-toledo-brasil","status":"publish","type":"product","link":"https:\/\/twsites.com.br\/novomigcenter\/?product=balanca-para-o-varejo-prix-3-plus-toledo-brasil","title":{"rendered":"Balan\u00e7a para o Varejo &#8211; Prix 3 Plus &#8211; ToledoBrasil"},"content":{"rendered":"<p style=\"text-align: justify; \"><span style=\"font-weight: bold;\"><font face=\"Arial\">Descri\u00e7\u00e3o do Produto<\/font><\/span><\/p>\n<p style=\"text-align: justify;\"><font face=\"Arial\">Balan\u00e7a para o varejo desenvolvida especialmente para proporcionar ganho de valor \u00e0s diversas modalidades de pequeno varejo, como mercados, padarias, lojas de conveni\u00eancia, quitandas, feiras livres e estabelecimentos fast-food.<br \/><\/font><\/p>\n<p style=\"text-align: justify;\"><font face=\"Arial\">A Prix 3 Plus faz parte da mais moderna linha de balan\u00e7as computadoras da Toledo do Brasil. Re\u00fane recursos tecnol\u00f3gicos exclusivos, que garante pesagens confi\u00e1veis (com e sem energia el\u00e9trica), facilidade de opera\u00e7\u00e3o e baixa manuten\u00e7\u00e3o. Foi desenvolvida especialmente para proporcionar ganho de valor \u00e0s diversas modalidades de pequeno varejo, como mercados, padarias, lojas de conveni\u00eancia, quitandas, feiras livres e estabelecimentos fast-food. Bonita, compacta e com design moderno, se integra perfeitamente em qualquer ambiente de loja.<\/font><\/p>\n","protected":false},"excerpt":{"rendered":"<p>Descri\u00e7\u00e3o do Produto Balan\u00e7a para o varejo desenvolvida especialmente para proporcionar ganho de valor \u00e0s diversas modalidades de pequeno varejo, como mercados, padarias, lojas de conveni\u00eancia, quitandas, feiras livres e estabelecimentos fast-food. A Prix 3 Plus faz parte da mais moderna linha de balan\u00e7as computadoras da Toledo do Brasil. Re\u00fane recursos tecnol\u00f3gicos exclusivos, que garante [&hellip;]<\/p>\n","protected":false},"featured_media":10959,"comment_status":"open","ping_status":"closed","template":"","meta":[],"product_brand":[],"product_cat":[297,405],"product_tag":[],"class_list":{"0":"post-10960","1":"product","2":"type-product","3":"status-publish","4":"has-post-thumbnail","6":"product_cat-balanca","7":"product_cat-promocao","9":"first","10":"instock","11":"shipping-taxable","12":"purchasable","13":"product-type-simple"},"_links":{"self":[{"href":"https:\/\/twsites.com.br\/novomigcenter\/index.php?rest_route=\/wp\/v2\/product\/10960","targetHints":{"allow":["GET"]}}],"collection":[{"href":"https:\/\/twsites.com.br\/novomigcenter\/index.php?rest_route=\/wp\/v2\/product"}],"about":[{"href":"https:\/\/twsites.com.br\/novomigcenter\/index.php?rest_route=\/wp\/v2\/types\/product"}],"replies":[{"embeddable":true,"href":"https:\/\/twsites.com.br\/novomigcenter\/index.php?rest_route=%2Fwp%2Fv2%2Fcomments&post=10960"}],"wp:featuredmedia":[{"embeddable":true,"href":"https:\/\/twsites.com.br\/novomigcenter\/index.php?rest_route=\/wp\/v2\/media\/10959"}],"wp:attachment":[{"href":"https:\/\/twsites.com.br\/novomigcenter\/index.php?rest_route=%2Fwp%2Fv2%2Fmedia&parent=10960"}],"wp:term":[{"taxonomy":"product_brand","embeddable":true,"href":"https:\/\/twsites.com.br\/novomigcenter\/index.php?rest_route=%2Fwp%2Fv2%2Fproduct_brand&post=10960"},{"taxonomy":"product_cat","embeddable":true,"href":"https:\/\/twsites.com.br\/novomigcenter\/index.php?rest_route=%2Fwp%2Fv2%2Fproduct_cat&post=10960"},{"taxonomy":"product_tag","embeddable":true,"href":"https:\/\/twsites.com.br\/novomigcenter\/index.php?rest_route=%2Fwp%2Fv2%2Fproduct_tag&post=10960"}],"curies":[{"name":"wp","href":"https:\/\/api.w.org\/{rel}","templated":true}]}}