{"id":10962,"date":"2017-02-09T14:55:07","date_gmt":"2017-02-09T14:55:07","guid":{"rendered":"https:\/\/twsites.com.br\/novomigcenter\/?product=balanca-computadora-com-impressora-integrada-prix-4-uno"},"modified":"2017-02-09T14:55:07","modified_gmt":"2017-02-09T14:55:07","slug":"balanca-computadora-com-impressora-integrada-prix-4-uno","status":"publish","type":"product","link":"https:\/\/twsites.com.br\/novomigcenter\/?product=balanca-computadora-com-impressora-integrada-prix-4-uno","title":{"rendered":"Balan\u00e7a Computadora com Impressora Integrada &#8211; Prix 4 Uno"},"content":{"rendered":"<p><span style=\"font-weight: bold;\"><font face=\"Arial\">Descri\u00e7\u00e3o do Produto<\/font><\/span><\/p>\n<p><font face=\"Arial\">A solu\u00e7\u00e3o no tamanho certo para o seu neg\u00f3cio. Maior economia na rotulagem das vendas por peso ou quantidade.<\/font><\/p>\n<p><font face=\"Arial\">A Prix 4 Uno \u00e9 a balan\u00e7a computadora ideal para estabelecimentos comerciais de pequeno e m\u00e9dio porte, como \u00e9 o caso de a\u00e7ougues, lojas de conveni\u00eancia, padarias, restaurantes, sorveterias, mercados, entre outros. Especialmente desenvolvida para oferecer aos seus usu\u00e1rios a melhor rela\u00e7\u00e3o \u201ccusto x benef\u00edcio\u201d do mercado por reunir todos os recursos e fun\u00e7\u00f5es necess\u00e1rias para a comercializa\u00e7\u00e3o de produtos por peso ou quantidade, seja na venda direta ao p\u00fablico no balc\u00e3o ou na prepara\u00e7\u00e3o de produtos comercializados em bandejas para exposi\u00e7\u00e3o em g\u00f4ndolas. Bonita, compacta e com design moderno, se integra perfeitamente em qualquer ambiente de loja.<\/font><\/p>\n<p><font face=\"Arial\">A &nbsp;Prix 4 Uno \u00e9 resultado da constante pesquisa da nossa equipe para o aprimoramento das nossas solu\u00e7\u00f5es, visando sempre o atendimento das necessidades, a satisfa\u00e7\u00e3o e o sucesso dos nossos clientes.<\/font><\/p>\n","protected":false},"excerpt":{"rendered":"<p>Descri\u00e7\u00e3o do Produto A solu\u00e7\u00e3o no tamanho certo para o seu neg\u00f3cio. Maior economia na rotulagem das vendas por peso ou quantidade. A Prix 4 Uno \u00e9 a balan\u00e7a computadora ideal para estabelecimentos comerciais de pequeno e m\u00e9dio porte, como \u00e9 o caso de a\u00e7ougues, lojas de conveni\u00eancia, padarias, restaurantes, sorveterias, mercados, entre outros. Especialmente [&hellip;]<\/p>\n","protected":false},"featured_media":10961,"comment_status":"open","ping_status":"closed","template":"","meta":[],"product_brand":[],"product_cat":[297],"product_tag":[],"class_list":{"0":"post-10962","1":"product","2":"type-product","3":"status-publish","4":"has-post-thumbnail","6":"product_cat-balanca","8":"first","9":"instock","10":"shipping-taxable","11":"purchasable","12":"product-type-simple"},"_links":{"self":[{"href":"https:\/\/twsites.com.br\/novomigcenter\/index.php?rest_route=\/wp\/v2\/product\/10962","targetHints":{"allow":["GET"]}}],"collection":[{"href":"https:\/\/twsites.com.br\/novomigcenter\/index.php?rest_route=\/wp\/v2\/product"}],"about":[{"href":"https:\/\/twsites.com.br\/novomigcenter\/index.php?rest_route=\/wp\/v2\/types\/product"}],"replies":[{"embeddable":true,"href":"https:\/\/twsites.com.br\/novomigcenter\/index.php?rest_route=%2Fwp%2Fv2%2Fcomments&post=10962"}],"wp:featuredmedia":[{"embeddable":true,"href":"https:\/\/twsites.com.br\/novomigcenter\/index.php?rest_route=\/wp\/v2\/media\/10961"}],"wp:attachment":[{"href":"https:\/\/twsites.com.br\/novomigcenter\/index.php?rest_route=%2Fwp%2Fv2%2Fmedia&parent=10962"}],"wp:term":[{"taxonomy":"product_brand","embeddable":true,"href":"https:\/\/twsites.com.br\/novomigcenter\/index.php?rest_route=%2Fwp%2Fv2%2Fproduct_brand&post=10962"},{"taxonomy":"product_cat","embeddable":true,"href":"https:\/\/twsites.com.br\/novomigcenter\/index.php?rest_route=%2Fwp%2Fv2%2Fproduct_cat&post=10962"},{"taxonomy":"product_tag","embeddable":true,"href":"https:\/\/twsites.com.br\/novomigcenter\/index.php?rest_route=%2Fwp%2Fv2%2Fproduct_tag&post=10962"}],"curies":[{"name":"wp","href":"https:\/\/api.w.org\/{rel}","templated":true}]}}