{"id":10964,"date":"2017-02-09T14:57:29","date_gmt":"2017-02-09T14:57:29","guid":{"rendered":"https:\/\/twsites.com.br\/novomigcenter\/?product=balanca-computadora-com-impressora-integrada-prix-5-plus-toledo-brasil"},"modified":"2017-02-09T14:57:29","modified_gmt":"2017-02-09T14:57:29","slug":"balanca-computadora-com-impressora-integrada-prix-5-plus-toledo-brasil","status":"publish","type":"product","link":"https:\/\/twsites.com.br\/novomigcenter\/?product=balanca-computadora-com-impressora-integrada-prix-5-plus-toledo-brasil","title":{"rendered":"Balan\u00e7a computadora com impressora integrada &#8211; Prix 5 Plus &#8211; ToledoBrasil"},"content":{"rendered":"<p><span style=\"font-weight: bold;\">Descri\u00e7\u00e3o do Produto<\/span><\/p>\n<p>A Toledo do Brasil \u00e9 l\u00edder em solu\u00e7\u00f5es de pesagem no pa\u00eds e est\u00e1 profundamente comprometida com o sucesso do mercado varejista.<\/p>\n<p>A empresa investe sempre em pesquisa e desenvolvimento, por isso chegou a uma solu\u00e7\u00e3o inovadora em pesagem, rotulagem, automa\u00e7\u00e3o e m\u00eddia interna que atende plenamente \u00e0s reais necessidades do com\u00e9rcio. A Prix 5 Plus \u00e9 o resultado deste esfor\u00e7o e compromisso com o cliente.<\/p>\n<p>\u00c9 a balan\u00e7a computadora com impressora integrada da Toledo do Brasil, com design arrojado e inovador, cores suaves e recursos tecnol\u00f3gicos \u00fanicos no pa\u00eds.<\/p>\n","protected":false},"excerpt":{"rendered":"<p>Descri\u00e7\u00e3o do Produto A Toledo do Brasil \u00e9 l\u00edder em solu\u00e7\u00f5es de pesagem no pa\u00eds e est\u00e1 profundamente comprometida com o sucesso do mercado varejista. A empresa investe sempre em pesquisa e desenvolvimento, por isso chegou a uma solu\u00e7\u00e3o inovadora em pesagem, rotulagem, automa\u00e7\u00e3o e m\u00eddia interna que atende plenamente \u00e0s reais necessidades do com\u00e9rcio. [&hellip;]<\/p>\n","protected":false},"featured_media":10963,"comment_status":"open","ping_status":"closed","template":"","meta":[],"product_brand":[],"product_cat":[297],"product_tag":[],"class_list":{"0":"post-10964","1":"product","2":"type-product","3":"status-publish","4":"has-post-thumbnail","6":"product_cat-balanca","8":"first","9":"instock","10":"shipping-taxable","11":"purchasable","12":"product-type-simple"},"_links":{"self":[{"href":"https:\/\/twsites.com.br\/novomigcenter\/index.php?rest_route=\/wp\/v2\/product\/10964","targetHints":{"allow":["GET"]}}],"collection":[{"href":"https:\/\/twsites.com.br\/novomigcenter\/index.php?rest_route=\/wp\/v2\/product"}],"about":[{"href":"https:\/\/twsites.com.br\/novomigcenter\/index.php?rest_route=\/wp\/v2\/types\/product"}],"replies":[{"embeddable":true,"href":"https:\/\/twsites.com.br\/novomigcenter\/index.php?rest_route=%2Fwp%2Fv2%2Fcomments&post=10964"}],"wp:featuredmedia":[{"embeddable":true,"href":"https:\/\/twsites.com.br\/novomigcenter\/index.php?rest_route=\/wp\/v2\/media\/10963"}],"wp:attachment":[{"href":"https:\/\/twsites.com.br\/novomigcenter\/index.php?rest_route=%2Fwp%2Fv2%2Fmedia&parent=10964"}],"wp:term":[{"taxonomy":"product_brand","embeddable":true,"href":"https:\/\/twsites.com.br\/novomigcenter\/index.php?rest_route=%2Fwp%2Fv2%2Fproduct_brand&post=10964"},{"taxonomy":"product_cat","embeddable":true,"href":"https:\/\/twsites.com.br\/novomigcenter\/index.php?rest_route=%2Fwp%2Fv2%2Fproduct_cat&post=10964"},{"taxonomy":"product_tag","embeddable":true,"href":"https:\/\/twsites.com.br\/novomigcenter\/index.php?rest_route=%2Fwp%2Fv2%2Fproduct_tag&post=10964"}],"curies":[{"name":"wp","href":"https:\/\/api.w.org\/{rel}","templated":true}]}}