{"id":10972,"date":"2017-02-10T09:38:55","date_gmt":"2017-02-10T09:38:55","guid":{"rendered":"https:\/\/twsites.com.br\/novomigcenter\/?product=cafeteira-premium-mcl61-mcl62-consercaf"},"modified":"2017-02-10T09:38:55","modified_gmt":"2017-02-10T09:38:55","slug":"cafeteira-premium-mcl61-mcl62-consercaf","status":"publish","type":"product","link":"https:\/\/twsites.com.br\/novomigcenter\/?product=cafeteira-premium-mcl61-mcl62-consercaf","title":{"rendered":"Cafeteira Premium MCL61 \/ MCL62 &#8211; ConserCAF"},"content":{"rendered":"<p><span style=\"font-weight: bold; font-size: 14px;\"><font face=\"Arial\">Descri\u00e7\u00e3o do Produto<\/font><\/span><\/p>\n<p><span style=\"font-size: 14px;\"><font face=\"Arial\">Com seu design retangular e seu exclusivo acabamento em alto brilho, a cafeteira\/ leiteira da linha Premium Consercaf \u00e9 fabricada toda em inox 430 com reservat\u00f3rios em inox 304 e est\u00e1 simplesmente irresist\u00edvel!<\/font><\/span><\/p>\n<p><span style=\"font-size: 14px;\"><font face=\"Arial\">Projetada para atender um p\u00fablico que n\u00e3o disp\u00f5e de um amplo espa\u00e7o ou para aqueles que disp\u00f5e do espa\u00e7o, mas n\u00e3o abre m\u00e3o de requinte, eleg\u00e2ncia e notoriedade.<\/font><\/span><\/p>\n<p><span style=\"font-size: 14px;\"><font face=\"Arial\">Est\u00e1 dispon\u00edvel em tr\u00eas modelos diferentes, com capacidade de 6, 8 ou 10 litros, sendo metade para leite e metade para caf\u00e9 ou ch\u00e1.<\/font><\/span><\/p>\n<p><span style=\"font-size: 14px;\"><font face=\"Arial\">A linha Premium Consercaf traz as m\u00e1quinas de caf\u00e9 e leite que est\u00e3o conquistando aqueles que necessitam de um produto premium mas sem abrir m\u00e3o da rela\u00e7\u00e3o custo-benef\u00edcio.<\/font><\/span><\/p>\n<p><font face=\"Arial\"><br \/><\/font><\/p>\n<table class=\"table table-bordered\" style=\"background-color: rgb(255, 255, 255); width: 1440px;\">\n<tbody>\n<tr>\n<td><font face=\"Arial\"><span style=\"font-size: 14px;\">&nbsp;Constru\u00e7\u00e3o<\/span><br \/><\/font><\/td>\n<td><font face=\"Arial\"><span style=\"font-size: 14px;\">A\u00e7o inox 430 com reservat\u00f3rios em a\u00e7o inox 304<\/span><br \/><\/font><\/td>\n<\/tr>\n<tr>\n<td><font face=\"Arial\"><span style=\"font-size: 14px;\">Acabamento<\/span><br \/><\/font><\/td>\n<td><font face=\"Arial\"><span style=\"font-size: 14px;\">Alto brilho<\/span><br \/><\/font><\/td>\n<\/tr>\n<tr>\n<td><font face=\"Arial\"><span style=\"font-size: 14px;\">Indica\u00e7\u00e3o<\/span><br \/><\/font><\/td>\n<td><font face=\"Arial\"><span style=\"font-size: 14px;\">Bares, restaurantes, hot\u00e9is, pequenos com\u00e9rcios<\/span><br \/><\/font><\/td>\n<\/tr>\n<tr>\n<td><font face=\"Arial\"><span style=\"font-size: 14px;\">Reservat\u00f3rios<\/span><br \/><\/font><\/td>\n<td><font face=\"Arial\"><span style=\"font-size: 14px;\">02- dois<\/span><br \/><\/font><\/td>\n<\/tr>\n<tr>\n<td><font face=\"Arial\"><span style=\"font-size: 14px;\">Itens inclusos<\/span><br \/><\/font><\/td>\n<td><font face=\"Arial\"><span style=\"font-size: 14px;\">Cafeteira, aro, 2 coadores, certificado de garantia, manual<\/span><br \/><\/font><\/td>\n<\/tr>\n<tr>\n<td><font face=\"Arial\"><span style=\"font-size: 14px;\">Observa\u00e7\u00f5es<\/span><br \/><\/font><\/td>\n<td><font face=\"Arial\"><span style=\"font-size: 14px;\">Apenas um reservat\u00f3rio \u00e9 destinado para leite<\/span><br \/><\/font><\/td>\n<\/tr>\n<tr>\n<td><font face=\"Arial\"><span style=\"font-size: 14px;\">Largura (mm)<\/span><br \/><\/font><\/td>\n<td><font face=\"Arial\"><span style=\"font-size: 14px;\">430<\/span><br \/><\/font><\/td>\n<\/tr>\n<tr>\n<td><font face=\"Arial\"><span style=\"font-size: 14px;\">Altura (mm)<\/span><br \/><\/font><\/td>\n<td><font face=\"Arial\"><span style=\"font-size: 14px;\">455<\/span><br \/><\/font><\/td>\n<\/tr>\n<tr>\n<td><font face=\"Arial\"><span style=\"font-size: 14px;\">Profundidade (mm)<\/span><br \/><\/font><\/td>\n<td><font face=\"Arial\"><span style=\"font-size: 14px;\">260<\/span><br \/><\/font><\/td>\n<\/tr>\n<tr>\n<td><font face=\"Arial\"><span style=\"font-size: 14px;\">\u00c1gua (L)<\/span><br \/><\/font><\/td>\n<td><font face=\"Arial\"><span style=\"font-size: 14px;\">20<\/span><br \/><\/font><\/td>\n<\/tr>\n<tr>\n<td><font face=\"Arial\"><span style=\"font-size: 14px;\">Caf\u00e9 + Leite (L)<\/span><br \/><\/font><\/td>\n<td><font face=\"Arial\"><span style=\"font-size: 14px;\">3 + 3<\/span><br \/><\/font><\/td>\n<\/tr>\n<tr>\n<td><font face=\"Arial\"><span style=\"font-size: 14px;\">Potencia (W)<\/span><br \/><\/font><\/td>\n<td><font face=\"Arial\"><span style=\"font-size: 14px;\">1700w<\/span><br \/><\/font><\/td>\n<\/tr>\n<tr>\n<td><font face=\"Arial\"><span style=\"font-size: 14px;\">Consumo (kW\/h)<\/span><br \/><\/font><\/td>\n<td>1,7<\/td>\n<\/tr>\n<\/tbody>\n<\/table>\n","protected":false},"excerpt":{"rendered":"<p>Descri\u00e7\u00e3o do Produto Com seu design retangular e seu exclusivo acabamento em alto brilho, a cafeteira\/ leiteira da linha Premium Consercaf \u00e9 fabricada toda em inox 430 com reservat\u00f3rios em inox 304 e est\u00e1 simplesmente irresist\u00edvel! Projetada para atender um p\u00fablico que n\u00e3o disp\u00f5e de um amplo espa\u00e7o ou para aqueles que disp\u00f5e do espa\u00e7o, [&hellip;]<\/p>\n","protected":false},"featured_media":10971,"comment_status":"open","ping_status":"closed","template":"","meta":[],"product_brand":[],"product_cat":[299],"product_tag":[],"class_list":{"0":"post-10972","1":"product","2":"type-product","3":"status-publish","4":"has-post-thumbnail","6":"product_cat-cafeteira","8":"first","9":"instock","10":"shipping-taxable","11":"purchasable","12":"product-type-simple"},"_links":{"self":[{"href":"https:\/\/twsites.com.br\/novomigcenter\/index.php?rest_route=\/wp\/v2\/product\/10972","targetHints":{"allow":["GET"]}}],"collection":[{"href":"https:\/\/twsites.com.br\/novomigcenter\/index.php?rest_route=\/wp\/v2\/product"}],"about":[{"href":"https:\/\/twsites.com.br\/novomigcenter\/index.php?rest_route=\/wp\/v2\/types\/product"}],"replies":[{"embeddable":true,"href":"https:\/\/twsites.com.br\/novomigcenter\/index.php?rest_route=%2Fwp%2Fv2%2Fcomments&post=10972"}],"wp:featuredmedia":[{"embeddable":true,"href":"https:\/\/twsites.com.br\/novomigcenter\/index.php?rest_route=\/wp\/v2\/media\/10971"}],"wp:attachment":[{"href":"https:\/\/twsites.com.br\/novomigcenter\/index.php?rest_route=%2Fwp%2Fv2%2Fmedia&parent=10972"}],"wp:term":[{"taxonomy":"product_brand","embeddable":true,"href":"https:\/\/twsites.com.br\/novomigcenter\/index.php?rest_route=%2Fwp%2Fv2%2Fproduct_brand&post=10972"},{"taxonomy":"product_cat","embeddable":true,"href":"https:\/\/twsites.com.br\/novomigcenter\/index.php?rest_route=%2Fwp%2Fv2%2Fproduct_cat&post=10972"},{"taxonomy":"product_tag","embeddable":true,"href":"https:\/\/twsites.com.br\/novomigcenter\/index.php?rest_route=%2Fwp%2Fv2%2Fproduct_tag&post=10972"}],"curies":[{"name":"wp","href":"https:\/\/api.w.org\/{rel}","templated":true}]}}