{"id":10976,"date":"2017-02-10T12:03:38","date_gmt":"2017-02-10T12:03:38","guid":{"rendered":"https:\/\/twsites.com.br\/novomigcenter\/?product=cafeteira-linha-standart-monarcha"},"modified":"2017-02-10T12:03:38","modified_gmt":"2017-02-10T12:03:38","slug":"cafeteira-linha-standart-monarcha","status":"publish","type":"product","link":"https:\/\/twsites.com.br\/novomigcenter\/?product=cafeteira-linha-standart-monarcha","title":{"rendered":"Cafeteira LINHA STANDARD &#8211; Monarcha"},"content":{"rendered":"<p><span style=\"font-weight: bold; font-size: 14px;\"><font face=\"Arial\">Descri\u00e7\u00e3o do Produto<\/font><\/span><\/p>\n<p><span style=\"font-size: 14px;\"><font face=\"Arial\">Fabricada em A\u00c7O INOX 304. Recipiente do caf\u00e9 esmaltado, para melhor conserva\u00e7\u00e3o do sabor do caf\u00e9.<\/font><\/span><\/p>\n<p><font face=\"Arial\"><br \/><\/font><\/p>\n<table class=\"table table-bordered\" style=\"background-color: rgb(255, 255, 255); width: 1440px;\">\n<tbody>\n<tr>\n<td><span style=\"font-size: 14px;\"><font face=\"Arial\">Modelo<\/font><\/span><\/td>\n<td><span style=\"font-size: 14px;\"><font face=\"Arial\">MTS1<\/font><\/span><\/td>\n<td><span style=\"font-size: 14px;\"><font face=\"Arial\">MTS2<\/font><\/span><\/td>\n<td><span style=\"font-size: 14px;\"><font face=\"Arial\">MTS3<\/font><\/span><\/td>\n<td><span style=\"font-size: 14px;\"><font face=\"Arial\">MTS4<\/font><\/span><\/td>\n<\/tr>\n<tr>\n<td><span style=\"font-size: 14px;\"><font face=\"Arial\">Capacidade<\/font><\/span><\/td>\n<td><span style=\"font-size: 14px;\"><font face=\"Arial\">3,0L<\/font><\/span><\/td>\n<td><span style=\"font-size: 14px;\"><font face=\"Arial\">4,0L<\/font><\/span><\/td>\n<td><span style=\"font-size: 14px;\"><font face=\"Arial\">6,0L<\/font><\/span><\/td>\n<td><span style=\"font-size: 14px;\"><font face=\"Arial\">8,0L<\/font><\/span><\/td>\n<\/tr>\n<tr>\n<td><span style=\"font-size: 14px;\"><font face=\"Arial\">Pot\u00eancia<\/font><\/span><\/td>\n<td><span style=\"font-size: 14px;\"><font face=\"Arial\">900W<\/font><\/span><\/td>\n<td><span style=\"font-size: 14px;\"><font face=\"Arial\">900W<\/font><\/span><\/td>\n<td><span style=\"font-size: 14px;\"><font face=\"Arial\">1300W<\/font><\/span><\/td>\n<td><span style=\"font-size: 14px;\"><font face=\"Arial\">1500W<\/font><\/span><\/td>\n<\/tr>\n<tr>\n<td><span style=\"font-size: 14px;\"><font face=\"Arial\">Tens\u00e3o El\u00e9trica<\/font><\/span><\/td>\n<td><span style=\"font-size: 14px;\"><font face=\"Arial\">110V \/ 220V<\/font><\/span><\/td>\n<td><font face=\"Arial\"><span style=\"font-size: 14px;\">110V \/ 220V<\/span><br \/><\/font><\/td>\n<td><font face=\"Arial\"><span style=\"font-size: 14px;\">110V \/ 220V<\/span><br \/><\/font><\/td>\n<td><font face=\"Arial\"><span style=\"font-size: 14px;\">110V \/ 220V<\/span><br \/><\/font><\/td>\n<\/tr>\n<tr>\n<td><span style=\"font-size: 14px;\"><font face=\"Arial\">Di\u00e2metro<\/font><\/span><\/td>\n<td><span style=\"font-size: 14px;\"><font face=\"Arial\">300mm<\/font><\/span><\/td>\n<td><span style=\"font-size: 14px;\"><font face=\"Arial\">305mm<\/font><\/span><\/td>\n<td><span style=\"font-size: 14px;\"><font face=\"Arial\">340mm<\/font><\/span><\/td>\n<td><span style=\"font-size: 14px;\"><font face=\"Arial\">340mm<\/font><\/span><\/td>\n<\/tr>\n<tr>\n<td><span style=\"font-size: 14px;\"><font face=\"Arial\">Altura<\/font><\/span><\/td>\n<td><span style=\"font-size: 14px;\"><font face=\"Arial\">500mm<\/font><\/span><\/td>\n<td><span style=\"font-size: 14px;\"><font face=\"Arial\">570mm<\/font><\/span><\/td>\n<td><span style=\"font-size: 14px;\"><font face=\"Arial\">570mm<\/font><\/span><\/td>\n<td><span style=\"font-size: 14px;\"><font face=\"Arial\">650mm<\/font><\/span><\/td>\n<\/tr>\n<tr>\n<td><span style=\"font-size: 14px;\"><font face=\"Arial\">Peso<\/font><\/span><\/td>\n<td><span style=\"font-size: 14px;\"><font face=\"Arial\">6,2kg<\/font><\/span><\/td>\n<td><span style=\"font-size: 14px;\"><font face=\"Arial\">7,2kg<\/font><\/span><\/td>\n<td><span style=\"font-size: 14px;\"><font face=\"Arial\">7,7kg<\/font><\/span><\/td>\n<td><span style=\"font-size: 14px;\"><font face=\"Arial\">9,0kg<\/font><\/span><\/td>\n<\/tr>\n<\/tbody>\n<\/table>\n","protected":false},"excerpt":{"rendered":"<p>Descri\u00e7\u00e3o do Produto Fabricada em A\u00c7O INOX 304. Recipiente do caf\u00e9 esmaltado, para melhor conserva\u00e7\u00e3o do sabor do caf\u00e9. Modelo MTS1 MTS2 MTS3 MTS4 Capacidade 3,0L 4,0L 6,0L 8,0L Pot\u00eancia 900W 900W 1300W 1500W Tens\u00e3o El\u00e9trica 110V \/ 220V 110V \/ 220V 110V \/ 220V 110V \/ 220V Di\u00e2metro 300mm 305mm 340mm 340mm Altura 500mm [&hellip;]<\/p>\n","protected":false},"featured_media":10975,"comment_status":"open","ping_status":"closed","template":"","meta":[],"product_brand":[],"product_cat":[299],"product_tag":[],"class_list":{"0":"post-10976","1":"product","2":"type-product","3":"status-publish","4":"has-post-thumbnail","6":"product_cat-cafeteira","8":"first","9":"instock","10":"shipping-taxable","11":"purchasable","12":"product-type-simple"},"_links":{"self":[{"href":"https:\/\/twsites.com.br\/novomigcenter\/index.php?rest_route=\/wp\/v2\/product\/10976","targetHints":{"allow":["GET"]}}],"collection":[{"href":"https:\/\/twsites.com.br\/novomigcenter\/index.php?rest_route=\/wp\/v2\/product"}],"about":[{"href":"https:\/\/twsites.com.br\/novomigcenter\/index.php?rest_route=\/wp\/v2\/types\/product"}],"replies":[{"embeddable":true,"href":"https:\/\/twsites.com.br\/novomigcenter\/index.php?rest_route=%2Fwp%2Fv2%2Fcomments&post=10976"}],"wp:featuredmedia":[{"embeddable":true,"href":"https:\/\/twsites.com.br\/novomigcenter\/index.php?rest_route=\/wp\/v2\/media\/10975"}],"wp:attachment":[{"href":"https:\/\/twsites.com.br\/novomigcenter\/index.php?rest_route=%2Fwp%2Fv2%2Fmedia&parent=10976"}],"wp:term":[{"taxonomy":"product_brand","embeddable":true,"href":"https:\/\/twsites.com.br\/novomigcenter\/index.php?rest_route=%2Fwp%2Fv2%2Fproduct_brand&post=10976"},{"taxonomy":"product_cat","embeddable":true,"href":"https:\/\/twsites.com.br\/novomigcenter\/index.php?rest_route=%2Fwp%2Fv2%2Fproduct_cat&post=10976"},{"taxonomy":"product_tag","embeddable":true,"href":"https:\/\/twsites.com.br\/novomigcenter\/index.php?rest_route=%2Fwp%2Fv2%2Fproduct_tag&post=10976"}],"curies":[{"name":"wp","href":"https:\/\/api.w.org\/{rel}","templated":true}]}}