{"id":10982,"date":"2017-02-10T16:34:29","date_gmt":"2017-02-10T16:34:29","guid":{"rendered":"https:\/\/twsites.com.br\/novomigcenter\/?product=cafeteira-linha-industrial-retangular-monarcha"},"modified":"2017-02-10T16:34:29","modified_gmt":"2017-02-10T16:34:29","slug":"cafeteira-linha-industrial-retangular-monarcha","status":"publish","type":"product","link":"https:\/\/twsites.com.br\/novomigcenter\/?product=cafeteira-linha-industrial-retangular-monarcha","title":{"rendered":"Cafeteira LINHA INDUSTRIAL RETANGULAR &#8211; Monarcha"},"content":{"rendered":"<p><span style=\"font-weight: bold;\">Descri\u00e7\u00e3o do Produto<\/span><\/p>\n<p><span style=\"color: rgb(124, 104, 83); font-family: &quot;Open Sans&quot;, HelveticaNeue, &quot;Helvetica Neue&quot;, Helvetica, Arial, sans-serif;\">Fabricada em A\u00c7O INOX AISI 304. Controle termost\u00e1tico de temperatura (20\u00ba \u00e0 120\u00ba). Resist\u00eancias de imers\u00e3o em a\u00e7o inox blindada.<\/span><\/p>\n<p><\/p>\n<table class=\"table table-bordered\" style=\"background-color: rgb(255, 255, 255); width: 1440px;\">\n<tbody>\n<tr>\n<td>Modelo<\/td>\n<td>MI2<\/td>\n<td>MI3<\/td>\n<td>MI4\/2<\/td>\n<td>MI4\/3<\/td>\n<\/tr>\n<tr>\n<td>Capacidade<\/td>\n<td>20,0L (10+10)<\/td>\n<td>40,0L (20+20)<\/td>\n<td>60,0L (30 + 30)<\/td>\n<td>60,0L<\/td>\n<\/tr>\n<tr>\n<td>Pot\u00eancia<\/td>\n<td>4000W<\/td>\n<td>6500W<\/td>\n<td>6500W<\/td>\n<td>6500W<\/td>\n<\/tr>\n<tr>\n<td>Tens\u00e3o El\u00e9trica<\/td>\n<td>220V<\/td>\n<td>220V<\/td>\n<td>220V<\/td>\n<td>220V<\/td>\n<\/tr>\n<tr>\n<td>A x L x P<\/td>\n<td>700 x 500 x 300<\/td>\n<td>700 x 500 x 300<\/td>\n<td>700 x 500 x 300<\/td>\n<td>700 x 500 x 300<\/td>\n<\/tr>\n<tr><\/tr>\n<tr>\n<td>Peso<\/td>\n<td>20,0kg<\/td>\n<td>28,0kg<\/td>\n<td>23,0kg<\/td>\n<td>37,0kg<\/td>\n<\/tr>\n<\/tbody>\n<\/table>\n","protected":false},"excerpt":{"rendered":"<p>Descri\u00e7\u00e3o do Produto Fabricada em A\u00c7O INOX AISI 304. Controle termost\u00e1tico de temperatura (20\u00ba \u00e0 120\u00ba). Resist\u00eancias de imers\u00e3o em a\u00e7o inox blindada. Modelo MI2 MI3 MI4\/2 MI4\/3 Capacidade 20,0L (10+10) 40,0L (20+20) 60,0L (30 + 30) 60,0L Pot\u00eancia 4000W 6500W 6500W 6500W Tens\u00e3o El\u00e9trica 220V 220V 220V 220V A x L x P 700 [&hellip;]<\/p>\n","protected":false},"featured_media":10981,"comment_status":"open","ping_status":"closed","template":"","meta":[],"product_brand":[],"product_cat":[299],"product_tag":[],"class_list":{"0":"post-10982","1":"product","2":"type-product","3":"status-publish","4":"has-post-thumbnail","6":"product_cat-cafeteira","8":"first","9":"instock","10":"shipping-taxable","11":"purchasable","12":"product-type-simple"},"_links":{"self":[{"href":"https:\/\/twsites.com.br\/novomigcenter\/index.php?rest_route=\/wp\/v2\/product\/10982","targetHints":{"allow":["GET"]}}],"collection":[{"href":"https:\/\/twsites.com.br\/novomigcenter\/index.php?rest_route=\/wp\/v2\/product"}],"about":[{"href":"https:\/\/twsites.com.br\/novomigcenter\/index.php?rest_route=\/wp\/v2\/types\/product"}],"replies":[{"embeddable":true,"href":"https:\/\/twsites.com.br\/novomigcenter\/index.php?rest_route=%2Fwp%2Fv2%2Fcomments&post=10982"}],"wp:featuredmedia":[{"embeddable":true,"href":"https:\/\/twsites.com.br\/novomigcenter\/index.php?rest_route=\/wp\/v2\/media\/10981"}],"wp:attachment":[{"href":"https:\/\/twsites.com.br\/novomigcenter\/index.php?rest_route=%2Fwp%2Fv2%2Fmedia&parent=10982"}],"wp:term":[{"taxonomy":"product_brand","embeddable":true,"href":"https:\/\/twsites.com.br\/novomigcenter\/index.php?rest_route=%2Fwp%2Fv2%2Fproduct_brand&post=10982"},{"taxonomy":"product_cat","embeddable":true,"href":"https:\/\/twsites.com.br\/novomigcenter\/index.php?rest_route=%2Fwp%2Fv2%2Fproduct_cat&post=10982"},{"taxonomy":"product_tag","embeddable":true,"href":"https:\/\/twsites.com.br\/novomigcenter\/index.php?rest_route=%2Fwp%2Fv2%2Fproduct_tag&post=10982"}],"curies":[{"name":"wp","href":"https:\/\/api.w.org\/{rel}","templated":true}]}}