{"id":10984,"date":"2017-02-13T09:55:29","date_gmt":"2017-02-13T09:55:29","guid":{"rendered":"https:\/\/twsites.com.br\/novomigcenter\/?product=cafeteira-linha-conjugadas-monarcha"},"modified":"2017-02-13T09:55:29","modified_gmt":"2017-02-13T09:55:29","slug":"cafeteira-linha-conjugadas-monarcha","status":"publish","type":"product","link":"https:\/\/twsites.com.br\/novomigcenter\/?product=cafeteira-linha-conjugadas-monarcha","title":{"rendered":"Cafeteira LINHA CONJUGADAS Para caf\u00e9 e leite &#8211; Monarcha"},"content":{"rendered":"<p><span style=\"font-weight: bold; font-size: 14px;\"><font face=\"Arial\">Descri\u00e7\u00e3o do Produto<\/font><\/span><\/p>\n<p><font face=\"Arial\"><span style=\"color: rgb(124, 104, 83); font-size: 14px;\">Fabricada em A\u00c7O INOX AISI 304. Controle termost\u00e1tico de temperatura (20\u00ba \u00e0 120\u00ba). Resist\u00eancias de imers\u00e3o em a\u00e7o inox blindada.<\/span><br \/><\/font><\/p>\n<p><font face=\"Arial\"><br \/><\/font><\/p>\n<table class=\"table table-bordered\" style=\"background-color: rgb(255, 255, 255); width: 1440px;\">\n<tbody>\n<tr>\n<td><span style=\"font-weight: bold; font-size: 14px;\"><font face=\"Arial\">Modelo<\/font><\/span><\/td>\n<td><span style=\"font-weight: bold;\"><font face=\"Arial\"><span style=\"font-size: 14px;\">M32DC<\/span><br \/><\/font><\/span><\/td>\n<td><span style=\"font-weight: bold; font-size: 14px;\"><font face=\"Arial\">M32DCL<\/font><\/span><\/td>\n<td><span style=\"font-weight: bold; font-size: 14px;\"><font face=\"Arial\">M52DC<\/font><\/span><\/td>\n<td><span style=\"font-weight: bold; font-size: 14px;\"><font face=\"Arial\">M52DCL<\/font><\/span><\/td>\n<\/tr>\n<tr>\n<td><font face=\"Arial\"><span style=\"font-size: 14px;\">Capacidade<\/span><\/font><\/td>\n<td><font face=\"Arial\"><span style=\"font-size: 14px;\">6,0L (3+3)<\/span><\/font><\/td>\n<td><font face=\"Arial\"><span style=\"font-size: 14px;\">6,0L (3+3)<\/span><br \/><\/font><\/td>\n<td><font face=\"Arial\"><span style=\"font-size: 14px;\">10,0L (5+5)<\/span><\/font><\/td>\n<td><font face=\"Arial\"><span style=\"font-size: 14px;\">10,0L (5+5)<\/span><br \/><\/font><\/td>\n<\/tr>\n<tr>\n<td><font face=\"Arial\"><span style=\"font-size: 14px;\">Pot\u00eancia<\/span><\/font><\/td>\n<td><font face=\"Arial\"><span style=\"font-size: 14px;\">900W<\/span><\/font><\/td>\n<td><font face=\"Arial\"><span style=\"font-size: 14px;\">900W<\/span><\/font><\/td>\n<td><font face=\"Arial\"><span style=\"font-size: 14px;\">1300W<\/span><\/font><\/td>\n<td><font face=\"Arial\"><span style=\"font-size: 14px;\">1500W<\/span><\/font><\/td>\n<\/tr>\n<tr>\n<td><font face=\"Arial\"><span style=\"font-size: 14px;\">Tens\u00e3o El\u00e9trica<\/span><\/font><\/td>\n<td><font face=\"Arial\"><span style=\"font-size: 14px;\">110V \/ 220V<\/span><\/font><\/td>\n<td><font face=\"Arial\"><span style=\"font-size: 14px;\">110V \/ 220V<\/span><br \/><\/font><\/td>\n<td><font face=\"Arial\"><span style=\"font-size: 14px;\">110V \/ 220V<\/span><br \/><\/font><\/td>\n<td><font face=\"Arial\"><span style=\"font-size: 14px;\">110V \/ 220V<\/span><br \/><\/font><\/td>\n<\/tr>\n<tr>\n<td><font face=\"Arial\"><span style=\"font-size: 14px;\">A x L x P<\/span><\/font><\/td>\n<td><font face=\"Arial\"><span style=\"font-size: 14px;\">435 X 475 X 340<\/span><\/font><\/td>\n<td><font face=\"Arial\"><span style=\"font-size: 14px;\">435 X 475 X 340<\/span><br \/><\/font><\/td>\n<td><font face=\"Arial\"><span style=\"font-size: 14px;\">500 X 475 X 360<\/span><br \/><\/font><\/td>\n<td><font face=\"Arial\"><span style=\"font-size: 14px;\">500 X 475 X 360<\/span><br \/><\/font><\/td>\n<\/tr>\n<tr><\/tr>\n<tr>\n<td><font face=\"Arial\"><span style=\"font-size: 14px;\">Peso<\/span><\/font><\/td>\n<td><font face=\"Arial\"><span style=\"font-size: 14px;\">7,8kg<\/span><\/font><\/td>\n<td><font face=\"Arial\"><span style=\"font-size: 14px;\">7,8kg<\/span><\/font><\/td>\n<td><font face=\"Arial\">12,5kg<\/font><\/td>\n<td>12,5kg<\/td>\n<\/tr>\n<\/tbody>\n<\/table>\n","protected":false},"excerpt":{"rendered":"<p>Descri\u00e7\u00e3o do Produto Fabricada em A\u00c7O INOX AISI 304. Controle termost\u00e1tico de temperatura (20\u00ba \u00e0 120\u00ba). Resist\u00eancias de imers\u00e3o em a\u00e7o inox blindada. Modelo M32DC M32DCL M52DC M52DCL Capacidade 6,0L (3+3) 6,0L (3+3) 10,0L (5+5) 10,0L (5+5) Pot\u00eancia 900W 900W 1300W 1500W Tens\u00e3o El\u00e9trica 110V \/ 220V 110V \/ 220V 110V \/ 220V 110V \/ [&hellip;]<\/p>\n","protected":false},"featured_media":10983,"comment_status":"open","ping_status":"closed","template":"","meta":[],"product_brand":[],"product_cat":[299],"product_tag":[],"class_list":{"0":"post-10984","1":"product","2":"type-product","3":"status-publish","4":"has-post-thumbnail","6":"product_cat-cafeteira","8":"first","9":"instock","10":"shipping-taxable","11":"purchasable","12":"product-type-simple"},"_links":{"self":[{"href":"https:\/\/twsites.com.br\/novomigcenter\/index.php?rest_route=\/wp\/v2\/product\/10984","targetHints":{"allow":["GET"]}}],"collection":[{"href":"https:\/\/twsites.com.br\/novomigcenter\/index.php?rest_route=\/wp\/v2\/product"}],"about":[{"href":"https:\/\/twsites.com.br\/novomigcenter\/index.php?rest_route=\/wp\/v2\/types\/product"}],"replies":[{"embeddable":true,"href":"https:\/\/twsites.com.br\/novomigcenter\/index.php?rest_route=%2Fwp%2Fv2%2Fcomments&post=10984"}],"wp:featuredmedia":[{"embeddable":true,"href":"https:\/\/twsites.com.br\/novomigcenter\/index.php?rest_route=\/wp\/v2\/media\/10983"}],"wp:attachment":[{"href":"https:\/\/twsites.com.br\/novomigcenter\/index.php?rest_route=%2Fwp%2Fv2%2Fmedia&parent=10984"}],"wp:term":[{"taxonomy":"product_brand","embeddable":true,"href":"https:\/\/twsites.com.br\/novomigcenter\/index.php?rest_route=%2Fwp%2Fv2%2Fproduct_brand&post=10984"},{"taxonomy":"product_cat","embeddable":true,"href":"https:\/\/twsites.com.br\/novomigcenter\/index.php?rest_route=%2Fwp%2Fv2%2Fproduct_cat&post=10984"},{"taxonomy":"product_tag","embeddable":true,"href":"https:\/\/twsites.com.br\/novomigcenter\/index.php?rest_route=%2Fwp%2Fv2%2Fproduct_tag&post=10984"}],"curies":[{"name":"wp","href":"https:\/\/api.w.org\/{rel}","templated":true}]}}