{"id":10986,"date":"2017-02-13T10:36:45","date_gmt":"2017-02-13T10:36:45","guid":{"rendered":"https:\/\/twsites.com.br\/novomigcenter\/?product=linha-conjugadas-para-cafe-e-leite-m52b-monarcha"},"modified":"2017-02-13T10:36:45","modified_gmt":"2017-02-13T10:36:45","slug":"linha-conjugadas-para-cafe-e-leite-m52b-monarcha","status":"publish","type":"product","link":"https:\/\/twsites.com.br\/novomigcenter\/?product=linha-conjugadas-para-cafe-e-leite-m52b-monarcha","title":{"rendered":"LINHA CONJUGADAS Para caf\u00e9 e leite &#8211; M52B &#8211; Monarcha"},"content":{"rendered":"<p><span style=\"font-weight: bold; font-size: 14px;\"><font face=\"Arial\">Descri\u00e7\u00e3o do Produto<\/font><\/span><\/p>\n<p><span style=\"font-weight: bold;\"><font face=\"Arial\"><br \/><\/font><\/span><\/p>\n<table class=\"table table-bordered\" style=\"background-color: rgb(255, 255, 255); width: 1440px;\">\n<tbody>\n<tr>\n<td><span style=\"font-weight: bold; font-size: 14px;\"><font face=\"Arial\">Modelo<\/font><\/span><\/td>\n<td><span style=\"font-weight: bold;\"><font face=\"Arial\"><span style=\"font-size: 14px;\">M52B<\/span><br \/><\/font><\/span><\/td>\n<\/tr>\n<tr>\n<td><span style=\"font-size: 14px;\"><font face=\"Arial\">Capacidade<\/font><\/span><\/td>\n<td><span style=\"font-size: 14px;\"><font face=\"Arial\">5,0L (+2 bules 1,8L)<\/font><\/span><\/td>\n<\/tr>\n<tr>\n<td><span style=\"font-size: 14px;\"><font face=\"Arial\">Pot\u00eancia<\/font><\/span><\/td>\n<td><span style=\"font-size: 14px;\"><font face=\"Arial\">2150W (1500W + 650W)<\/font><\/span><\/td>\n<\/tr>\n<tr>\n<td><span style=\"font-size: 14px;\"><font face=\"Arial\">Tens\u00e3o El\u00e9trica<\/font><\/span><\/td>\n<td><span style=\"font-size: 14px;\"><font face=\"Arial\">110V \/ 220V<\/font><\/span><\/td>\n<\/tr>\n<tr>\n<td><span style=\"font-size: 14px;\"><font face=\"Arial\">A x L x P<\/font><\/span><\/td>\n<td><span style=\"font-size: 14px;\"><font face=\"Arial\">500 X 550 X 260<\/font><\/span><\/td>\n<\/tr>\n<tr><\/tr>\n<tr>\n<td><span style=\"font-size: 14px;\"><font face=\"Arial\">Peso<\/font><\/span><\/td>\n<td><span style=\"font-size: 14px;\"><font face=\"Arial\">11,0kg<\/font><\/span><\/td>\n<\/tr>\n<\/tbody>\n<\/table>\n","protected":false},"excerpt":{"rendered":"<p>Descri\u00e7\u00e3o do Produto Modelo M52B Capacidade 5,0L (+2 bules 1,8L) Pot\u00eancia 2150W (1500W + 650W) Tens\u00e3o El\u00e9trica 110V \/ 220V A x L x P 500 X 550 X 260 Peso 11,0kg<\/p>\n","protected":false},"featured_media":10985,"comment_status":"open","ping_status":"closed","template":"","meta":[],"product_brand":[],"product_cat":[299],"product_tag":[],"class_list":{"0":"post-10986","1":"product","2":"type-product","3":"status-publish","4":"has-post-thumbnail","6":"product_cat-cafeteira","8":"first","9":"instock","10":"shipping-taxable","11":"purchasable","12":"product-type-simple"},"_links":{"self":[{"href":"https:\/\/twsites.com.br\/novomigcenter\/index.php?rest_route=\/wp\/v2\/product\/10986","targetHints":{"allow":["GET"]}}],"collection":[{"href":"https:\/\/twsites.com.br\/novomigcenter\/index.php?rest_route=\/wp\/v2\/product"}],"about":[{"href":"https:\/\/twsites.com.br\/novomigcenter\/index.php?rest_route=\/wp\/v2\/types\/product"}],"replies":[{"embeddable":true,"href":"https:\/\/twsites.com.br\/novomigcenter\/index.php?rest_route=%2Fwp%2Fv2%2Fcomments&post=10986"}],"wp:featuredmedia":[{"embeddable":true,"href":"https:\/\/twsites.com.br\/novomigcenter\/index.php?rest_route=\/wp\/v2\/media\/10985"}],"wp:attachment":[{"href":"https:\/\/twsites.com.br\/novomigcenter\/index.php?rest_route=%2Fwp%2Fv2%2Fmedia&parent=10986"}],"wp:term":[{"taxonomy":"product_brand","embeddable":true,"href":"https:\/\/twsites.com.br\/novomigcenter\/index.php?rest_route=%2Fwp%2Fv2%2Fproduct_brand&post=10986"},{"taxonomy":"product_cat","embeddable":true,"href":"https:\/\/twsites.com.br\/novomigcenter\/index.php?rest_route=%2Fwp%2Fv2%2Fproduct_cat&post=10986"},{"taxonomy":"product_tag","embeddable":true,"href":"https:\/\/twsites.com.br\/novomigcenter\/index.php?rest_route=%2Fwp%2Fv2%2Fproduct_tag&post=10986"}],"curies":[{"name":"wp","href":"https:\/\/api.w.org\/{rel}","templated":true}]}}