{"id":10990,"date":"2017-02-13T11:34:19","date_gmt":"2017-02-13T11:34:19","guid":{"rendered":"https:\/\/twsites.com.br\/novomigcenter\/?product=cafeteira-linha-conjugadas-para-cafe-e-leite-m31b-monarcha-m32dcle"},"modified":"2017-02-13T11:34:19","modified_gmt":"2017-02-13T11:34:19","slug":"cafeteira-linha-conjugadas-para-cafe-e-leite-m31b-monarcha-m32dcle","status":"publish","type":"product","link":"https:\/\/twsites.com.br\/novomigcenter\/?product=cafeteira-linha-conjugadas-para-cafe-e-leite-m31b-monarcha-m32dcle","title":{"rendered":"Cafeteira LINHA CONJUGADAS Para caf\u00e9 e leite &#8211; M32DCLE-Monarcha"},"content":{"rendered":"<p><span style=\"font-weight: bold; font-size: 14px;\"><font face=\"Arial\">Descri\u00e7\u00e3o do Produto<\/font><\/span><\/p>\n<p><font face=\"Arial\"><br \/><\/font><\/p>\n<table class=\"table table-bordered\" style=\"background-color: rgb(255, 255, 255); width: 1440px;\">\n<tbody>\n<tr>\n<td><span style=\"font-weight: bold; font-size: 14px;\"><font face=\"Arial\">Modelo<\/font><\/span><\/td>\n<td><span style=\"font-weight: bold;\"><font face=\"Arial\"><span style=\"font-size: 14px;\">M32DCLE<\/span><br \/><\/font><\/span><\/td>\n<td><span style=\"font-weight: bold;\"><font face=\"Arial\"><br \/><\/font><\/span><\/td>\n<\/tr>\n<tr>\n<td><font face=\"Arial\"><span style=\"font-size: 14px;\">Capacidade<\/span><\/font><\/td>\n<td><font face=\"Arial\"><span style=\"font-size: 14px;\">6,0L (3+3)<\/span><\/font><\/td>\n<td><font face=\"Arial\"><br \/><\/font><\/td>\n<\/tr>\n<tr>\n<td><font face=\"Arial\"><span style=\"font-size: 14px;\">Pot\u00eancia<\/span><\/font><\/td>\n<td><font face=\"Arial\"><span style=\"font-size: 14px;\">2150W (1500W+650W)<\/span><\/font><\/td>\n<td><font face=\"Arial\"><br \/><\/font><\/td>\n<\/tr>\n<tr>\n<td><font face=\"Arial\"><span style=\"font-size: 14px;\">Tens\u00e3o El\u00e9trica<\/span><\/font><\/td>\n<td><font face=\"Arial\"><span style=\"font-size: 14px;\">110V \/ 220V<\/span><\/font><\/td>\n<td><font face=\"Arial\"><br \/><\/font><\/td>\n<\/tr>\n<tr>\n<td><font face=\"Arial\"><span style=\"font-size: 14px;\">A x L x P<\/span><\/font><\/td>\n<td><font face=\"Arial\"><span style=\"font-size: 14px;\">355 X 570 X 230<\/span><\/font><\/td>\n<td><font face=\"Arial\"><br \/><\/font><\/td>\n<\/tr>\n<tr><\/tr>\n<tr>\n<td><font face=\"Arial\"><span style=\"font-size: 14px;\">Peso<\/span><\/font><\/td>\n<td><font face=\"Arial\"><span style=\"font-size: 14px;\">9,4kg<\/span><\/font><\/td>\n<td><\/td>\n<\/tr>\n<\/tbody>\n<\/table>\n","protected":false},"excerpt":{"rendered":"<p>Descri\u00e7\u00e3o do Produto Modelo M32DCLE Capacidade 6,0L (3+3) Pot\u00eancia 2150W (1500W+650W) Tens\u00e3o El\u00e9trica 110V \/ 220V A x L x P 355 X 570 X 230 Peso 9,4kg<\/p>\n","protected":false},"featured_media":10989,"comment_status":"open","ping_status":"closed","template":"","meta":[],"product_brand":[],"product_cat":[299],"product_tag":[],"class_list":{"0":"post-10990","1":"product","2":"type-product","3":"status-publish","4":"has-post-thumbnail","6":"product_cat-cafeteira","8":"first","9":"instock","10":"shipping-taxable","11":"purchasable","12":"product-type-simple"},"_links":{"self":[{"href":"https:\/\/twsites.com.br\/novomigcenter\/index.php?rest_route=\/wp\/v2\/product\/10990","targetHints":{"allow":["GET"]}}],"collection":[{"href":"https:\/\/twsites.com.br\/novomigcenter\/index.php?rest_route=\/wp\/v2\/product"}],"about":[{"href":"https:\/\/twsites.com.br\/novomigcenter\/index.php?rest_route=\/wp\/v2\/types\/product"}],"replies":[{"embeddable":true,"href":"https:\/\/twsites.com.br\/novomigcenter\/index.php?rest_route=%2Fwp%2Fv2%2Fcomments&post=10990"}],"wp:featuredmedia":[{"embeddable":true,"href":"https:\/\/twsites.com.br\/novomigcenter\/index.php?rest_route=\/wp\/v2\/media\/10989"}],"wp:attachment":[{"href":"https:\/\/twsites.com.br\/novomigcenter\/index.php?rest_route=%2Fwp%2Fv2%2Fmedia&parent=10990"}],"wp:term":[{"taxonomy":"product_brand","embeddable":true,"href":"https:\/\/twsites.com.br\/novomigcenter\/index.php?rest_route=%2Fwp%2Fv2%2Fproduct_brand&post=10990"},{"taxonomy":"product_cat","embeddable":true,"href":"https:\/\/twsites.com.br\/novomigcenter\/index.php?rest_route=%2Fwp%2Fv2%2Fproduct_cat&post=10990"},{"taxonomy":"product_tag","embeddable":true,"href":"https:\/\/twsites.com.br\/novomigcenter\/index.php?rest_route=%2Fwp%2Fv2%2Fproduct_tag&post=10990"}],"curies":[{"name":"wp","href":"https:\/\/api.w.org\/{rel}","templated":true}]}}