{"id":10992,"date":"2017-02-13T12:07:27","date_gmt":"2017-02-13T12:07:27","guid":{"rendered":"https:\/\/twsites.com.br\/novomigcenter\/?product=cafeteira-premium-mcl8-mcl82-consercaf"},"modified":"2017-02-13T12:07:27","modified_gmt":"2017-02-13T12:07:27","slug":"cafeteira-premium-mcl8-mcl82-consercaf","status":"publish","type":"product","link":"https:\/\/twsites.com.br\/novomigcenter\/?product=cafeteira-premium-mcl8-mcl82-consercaf","title":{"rendered":"Cafeteira Premium MCL81 \/ MCL82"},"content":{"rendered":"<p><span style=\"font-weight: bold; font-size: 14px;\"><font face=\"Arial\">Descri\u00e7\u00e3o do Produto<\/font><\/span><\/p>\n<p><font face=\"Arial\"><span style=\"font-size: 14px;\">Com seu design retangular e seu exclusivo acabamento em alto brilho, a cafeteira\/ leiteira da linha Premium Consercaf \u00e9 fabricada toda em inox 430 com reservat\u00f3rios em inox 304 e est\u00e1 simplesmente irresist\u00edvel!<\/span><\/font><\/p>\n<p><font face=\"Arial\"><span style=\"font-size: 14px;\">Projetada para atender um p\u00fablico que n\u00e3o disp\u00f5e de um amplo espa\u00e7o ou para aqueles que disp\u00f5e do espa\u00e7o, mas n\u00e3o abre m\u00e3o de requinte, eleg\u00e2ncia e notoriedade.<\/span><\/font><\/p>\n<p><font face=\"Arial\"><span style=\"font-size: 14px;\">Est\u00e1 dispon\u00edvel em tr\u00eas modelos diferentes, com capacidade de 6, 8 ou 10 litros, sendo metadade para leite e metade para caf\u00e9 ou ch\u00e1.<\/span><\/font><\/p>\n<p><font face=\"Arial\"><span style=\"font-size: 14px;\">A linha Premium Consercaf traz as m\u00e1quinas de caf\u00e9 e leite que est\u00e3o conquistando aqueles que necessitam de um produto premium mas sem abrir m\u00e3o da rela\u00e7\u00e3o custo-benef\u00edcio.<\/span><\/font><\/p>\n<p><font face=\"Arial\"><br \/><\/font><\/p>\n<table class=\"table table-bordered\" style=\"background-color: rgb(255, 255, 255); width: 1440px;\">\n<tbody>\n<tr>\n<td><font face=\"Arial\"><span style=\"font-size: 14px;\">Constru\u00e7\u00e3o<\/span><\/font><\/td>\n<td><font face=\"Arial\"><span style=\"font-size: 14px;\">A\u00e7o inox 430 com reservat\u00f3rios em a\u00e7o inox 304<\/span><\/font><\/td>\n<\/tr>\n<tr>\n<td><font face=\"Arial\"><span style=\"font-size: 14px;\">Acabamento<\/span><\/font><\/td>\n<td><font face=\"Arial\"><span style=\"font-size: 14px;\">Alto Brilho<\/span><\/font><\/td>\n<\/tr>\n<tr>\n<td><font face=\"Arial\"><span style=\"font-size: 14px;\">Indica\u00e7\u00e3o<\/span><\/font><\/td>\n<td><font face=\"Arial\"><span style=\"font-size: 14px;\">Bares, Restaurantes, Hot\u00e9is, Pequeno Com\u00e9rcios<\/span><\/font><\/td>\n<\/tr>\n<tr>\n<td><font face=\"Arial\"><span style=\"font-size: 14px;\">Reservat\u00f3rios<\/span><\/font><\/td>\n<td><font face=\"Arial\"><span style=\"font-size: 14px;\">02 &#8211; dois<\/span><\/font><\/td>\n<\/tr>\n<tr>\n<td><font face=\"Arial\"><span style=\"font-size: 14px;\">Itens Inclusos<\/span><\/font><\/td>\n<td><font face=\"Arial\"><span style=\"font-size: 14px;\">Carteira, Aro, 2 Coadores, Certificado de Garantia, Manual<\/span><\/font><\/td>\n<\/tr>\n<tr>\n<td><font face=\"Arial\"><span style=\"font-size: 14px;\">Observa\u00e7\u00e3o<\/span><\/font><\/td>\n<td><font face=\"Arial\"><span style=\"font-size: 14px;\">Apenas um reservat\u00f3rio e destinado para leite<\/span><\/font><\/td>\n<\/tr>\n<tr>\n<td><font face=\"Arial\"><span style=\"font-size: 14px;\">Largura (mm)<\/span><\/font><\/td>\n<td><font face=\"Arial\"><span style=\"font-size: 14px;\">470<\/span><\/font><\/td>\n<\/tr>\n<tr>\n<td><font face=\"Arial\"><span style=\"font-size: 14px;\">Altura (mm)<\/span><\/font><\/td>\n<td><font face=\"Arial\"><span style=\"font-size: 14px;\">540<\/span><\/font><\/td>\n<\/tr>\n<tr>\n<td><font face=\"Arial\"><span style=\"font-size: 14px;\">Profundidade (mm)<\/span><\/font><\/td>\n<td><font face=\"Arial\"><span style=\"font-size: 14px;\">260<\/span><\/font><\/td>\n<\/tr>\n<tr>\n<td><font face=\"Arial\"><span style=\"font-size: 14px;\">\u00c1gua (L)<\/span><\/font><\/td>\n<td><font face=\"Arial\"><span style=\"font-size: 14px;\">24<\/span><\/font><\/td>\n<\/tr>\n<tr>\n<td><font face=\"Arial\"><span style=\"font-size: 14px;\">Caf\u00e9 + Leite (L)<\/span><\/font><\/td>\n<td><font face=\"Arial\"><span style=\"font-size: 14px;\">4 + 4<\/span><\/font><\/td>\n<\/tr>\n<tr>\n<td><font face=\"Arial\"><span style=\"font-size: 14px;\">Potencia (W)<\/span><\/font><\/td>\n<td><font face=\"Arial\"><span style=\"font-size: 14px;\">1700<\/span><\/font><\/td>\n<\/tr>\n<tr>\n<td><font face=\"Arial\"><span style=\"font-size: 14px;\">Consumo (kW\/h)<\/span><\/font><\/td>\n<td><font face=\"Arial\"><span style=\"font-size: 14px;\">1,7<\/span><br \/><\/font><\/td>\n<\/tr>\n<\/tbody>\n<\/table>\n","protected":false},"excerpt":{"rendered":"<p>Descri\u00e7\u00e3o do Produto Com seu design retangular e seu exclusivo acabamento em alto brilho, a cafeteira\/ leiteira da linha Premium Consercaf \u00e9 fabricada toda em inox 430 com reservat\u00f3rios em inox 304 e est\u00e1 simplesmente irresist\u00edvel! Projetada para atender um p\u00fablico que n\u00e3o disp\u00f5e de um amplo espa\u00e7o ou para aqueles que disp\u00f5e do espa\u00e7o, [&hellip;]<\/p>\n","protected":false},"featured_media":10991,"comment_status":"open","ping_status":"closed","template":"","meta":[],"product_brand":[],"product_cat":[299],"product_tag":[],"class_list":{"0":"post-10992","1":"product","2":"type-product","3":"status-publish","4":"has-post-thumbnail","6":"product_cat-cafeteira","8":"first","9":"instock","10":"shipping-taxable","11":"purchasable","12":"product-type-simple"},"_links":{"self":[{"href":"https:\/\/twsites.com.br\/novomigcenter\/index.php?rest_route=\/wp\/v2\/product\/10992","targetHints":{"allow":["GET"]}}],"collection":[{"href":"https:\/\/twsites.com.br\/novomigcenter\/index.php?rest_route=\/wp\/v2\/product"}],"about":[{"href":"https:\/\/twsites.com.br\/novomigcenter\/index.php?rest_route=\/wp\/v2\/types\/product"}],"replies":[{"embeddable":true,"href":"https:\/\/twsites.com.br\/novomigcenter\/index.php?rest_route=%2Fwp%2Fv2%2Fcomments&post=10992"}],"wp:featuredmedia":[{"embeddable":true,"href":"https:\/\/twsites.com.br\/novomigcenter\/index.php?rest_route=\/wp\/v2\/media\/10991"}],"wp:attachment":[{"href":"https:\/\/twsites.com.br\/novomigcenter\/index.php?rest_route=%2Fwp%2Fv2%2Fmedia&parent=10992"}],"wp:term":[{"taxonomy":"product_brand","embeddable":true,"href":"https:\/\/twsites.com.br\/novomigcenter\/index.php?rest_route=%2Fwp%2Fv2%2Fproduct_brand&post=10992"},{"taxonomy":"product_cat","embeddable":true,"href":"https:\/\/twsites.com.br\/novomigcenter\/index.php?rest_route=%2Fwp%2Fv2%2Fproduct_cat&post=10992"},{"taxonomy":"product_tag","embeddable":true,"href":"https:\/\/twsites.com.br\/novomigcenter\/index.php?rest_route=%2Fwp%2Fv2%2Fproduct_tag&post=10992"}],"curies":[{"name":"wp","href":"https:\/\/api.w.org\/{rel}","templated":true}]}}