{"id":10996,"date":"2017-02-13T14:20:13","date_gmt":"2017-02-13T14:20:13","guid":{"rendered":"https:\/\/twsites.com.br\/novomigcenter\/?product=cafeteira-pro-cic20-consercaf"},"modified":"2017-02-13T14:20:13","modified_gmt":"2017-02-13T14:20:13","slug":"cafeteira-pro-cic20-consercaf","status":"publish","type":"product","link":"https:\/\/twsites.com.br\/novomigcenter\/?product=cafeteira-pro-cic20-consercaf","title":{"rendered":"Cafeteira Pro CIC20 &#8211; ConserCaf"},"content":{"rendered":"<p><span style=\"font-weight: bold; font-size: 14px;\"><font face=\"Arial\">Descri\u00e7\u00e3o do Produto<\/font><\/span><\/p>\n<p><font face=\"Arial\"><span style=\"font-size: 14px;\">As cafeteiras da linha PRO Consercaf s\u00e3o destinadas para uso industrial, sendo muito requisitadas para montagem das maiores cozinhas industriais nos mais variados setores, como grandes f\u00e1bricas, grandes torrefa\u00e7\u00f5es de caf\u00e9 e at\u00e9 mesmo grandes redes da hotelaria.<\/span><\/font><\/p>\n<p><font face=\"Arial\"><span style=\"font-size: 14px;\">O melhor custo-benef\u00edcio, desempenho superior e qualidade incompar\u00e1vel fazem da linha PRO Consercaf a escolha ideal para cozinhas industriais.<\/span><\/font><\/p>\n<p><span style=\"font-weight: bold; font-size: 14px;\"><font face=\"Arial\">Linha PRO&nbsp;Cil\u00edndrica<\/font><\/span><\/p>\n<p><font face=\"Arial\"><span style=\"font-size: 14px;\">A linha PRO Cil\u00edndrica Consercaf \u00e9 constitu\u00edda por cafeteiras Industriais de formato cil\u00edndrico, com um reservat\u00f3rio para caf\u00e9 ou ch\u00e1.<\/span><\/font><\/p>\n<p><font face=\"Arial\"><span style=\"font-size: 14px;\">\u00c9 toda fabricada em a\u00e7o inox 430 com reservat\u00f3rio em a\u00e7o inox 304 e acabamento em alto brilho.<\/span><\/font><\/p>\n<p><font face=\"Arial\"><span style=\"font-size: 14px;\">Est\u00e1 dispon\u00edvel em dois modelos, 15 e 20 litros de caf\u00e9 ou ch\u00e1.<\/span><\/font><\/p>\n<p><font face=\"Arial\"><span style=\"font-size: 14px;\">Toda linha PRO Cil\u00edndrica \u00e9 certificada pelo INMETRO.<\/span><\/font><\/p>\n<p><font face=\"Arial\"><br \/><\/font><\/p>\n<table class=\"table table-bordered\" style=\"background-color: rgb(255, 255, 255); width: 1440px;\">\n<tbody>\n<tr>\n<td><font face=\"Arial\"><span style=\"font-size: 14px;\">Constru\u00e7\u00e3o<\/span><\/font><\/td>\n<td><font face=\"Arial\"><span style=\"font-size: 14px;\">A\u00e7o Inox 430 com reservat\u00f3rios em a\u00e7o inox 304<\/span><\/font><\/td>\n<\/tr>\n<tr>\n<td><font face=\"Arial\"><span style=\"font-size: 14px;\">Acabamento<\/span><\/font><\/td>\n<td><font face=\"Arial\"><span style=\"font-size: 14px;\">Alto Brilho<\/span><\/font><\/td>\n<\/tr>\n<tr>\n<td><font face=\"Arial\"><span style=\"font-size: 14px;\">Indica\u00e7\u00e3o<\/span><\/font><\/td>\n<td><font face=\"Arial\"><span style=\"font-size: 14px;\">Cozinhas Industriais<\/span><\/font><\/td>\n<\/tr>\n<tr>\n<td><font face=\"Arial\"><span style=\"font-size: 14px;\">Reservat\u00f3rios<\/span><\/font><\/td>\n<td><font face=\"Arial\"><span style=\"font-size: 14px;\">01 &#8211; um<\/span><\/font><\/td>\n<\/tr>\n<tr>\n<td><font face=\"Arial\"><span style=\"font-size: 14px;\">Itens Inclusos<\/span><\/font><\/td>\n<td><font face=\"Arial\"><span style=\"font-size: 14px;\">Cafeteira, aro, 2 coadores, certificado de garantia, manual<\/span><\/font><\/td>\n<\/tr>\n<tr>\n<td><font face=\"Arial\"><span style=\"font-size: 14px;\">Observa\u00e7\u00f5es<\/span><\/font><\/td>\n<td><font face=\"Arial\"><span style=\"font-size: 14px;\">Este produto n\u00e3o \u00e9 destinado paras uso com leite.<\/span><\/font><\/td>\n<\/tr>\n<tr>\n<td><font face=\"Arial\"><span style=\"font-size: 14px;\">Di\u00e2metro (mm)<\/span><\/font><\/td>\n<td><font face=\"Arial\"><span style=\"font-size: 14px;\">390<\/span><\/font><\/td>\n<\/tr>\n<tr>\n<td><font face=\"Arial\"><span style=\"font-size: 14px;\">Altura (mm)<\/span><\/font><\/td>\n<td><font face=\"Arial\"><span style=\"font-size: 14px;\">780<\/span><\/font><\/td>\n<\/tr>\n<tr>\n<td><font face=\"Arial\"><span style=\"font-size: 14px;\">\u00c1gua (L)<\/span><\/font><\/td>\n<td><font face=\"Arial\"><span style=\"font-size: 14px;\">40<\/span><\/font><\/td>\n<\/tr>\n<tr>\n<td><font face=\"Arial\"><span style=\"font-size: 14px;\">Caf\u00e9 (L)<\/span><\/font><\/td>\n<td><font face=\"Arial\"><span style=\"font-size: 14px;\">20<\/span><\/font><\/td>\n<\/tr>\n<tr>\n<td><font face=\"Arial\"><span style=\"font-size: 14px;\">Potencia (W)<\/span><\/font><\/td>\n<td><font face=\"Arial\"><span style=\"font-size: 14px;\">3000<\/span><\/font><\/td>\n<\/tr>\n<tr>\n<td><font face=\"Arial\"><span style=\"font-size: 14px;\">Consumo (kW\/h)<\/span><\/font><\/td>\n<td><font face=\"Arial\"><span style=\"font-size: 14px;\">3,0<\/span><\/font><\/td>\n<\/tr>\n<\/tbody>\n<\/table>\n","protected":false},"excerpt":{"rendered":"<p>Descri\u00e7\u00e3o do Produto As cafeteiras da linha PRO Consercaf s\u00e3o destinadas para uso industrial, sendo muito requisitadas para montagem das maiores cozinhas industriais nos mais variados setores, como grandes f\u00e1bricas, grandes torrefa\u00e7\u00f5es de caf\u00e9 e at\u00e9 mesmo grandes redes da hotelaria. O melhor custo-benef\u00edcio, desempenho superior e qualidade incompar\u00e1vel fazem da linha PRO Consercaf a [&hellip;]<\/p>\n","protected":false},"featured_media":10995,"comment_status":"open","ping_status":"closed","template":"","meta":[],"product_brand":[],"product_cat":[299],"product_tag":[],"class_list":{"0":"post-10996","1":"product","2":"type-product","3":"status-publish","4":"has-post-thumbnail","6":"product_cat-cafeteira","8":"first","9":"instock","10":"shipping-taxable","11":"purchasable","12":"product-type-simple"},"_links":{"self":[{"href":"https:\/\/twsites.com.br\/novomigcenter\/index.php?rest_route=\/wp\/v2\/product\/10996","targetHints":{"allow":["GET"]}}],"collection":[{"href":"https:\/\/twsites.com.br\/novomigcenter\/index.php?rest_route=\/wp\/v2\/product"}],"about":[{"href":"https:\/\/twsites.com.br\/novomigcenter\/index.php?rest_route=\/wp\/v2\/types\/product"}],"replies":[{"embeddable":true,"href":"https:\/\/twsites.com.br\/novomigcenter\/index.php?rest_route=%2Fwp%2Fv2%2Fcomments&post=10996"}],"wp:featuredmedia":[{"embeddable":true,"href":"https:\/\/twsites.com.br\/novomigcenter\/index.php?rest_route=\/wp\/v2\/media\/10995"}],"wp:attachment":[{"href":"https:\/\/twsites.com.br\/novomigcenter\/index.php?rest_route=%2Fwp%2Fv2%2Fmedia&parent=10996"}],"wp:term":[{"taxonomy":"product_brand","embeddable":true,"href":"https:\/\/twsites.com.br\/novomigcenter\/index.php?rest_route=%2Fwp%2Fv2%2Fproduct_brand&post=10996"},{"taxonomy":"product_cat","embeddable":true,"href":"https:\/\/twsites.com.br\/novomigcenter\/index.php?rest_route=%2Fwp%2Fv2%2Fproduct_cat&post=10996"},{"taxonomy":"product_tag","embeddable":true,"href":"https:\/\/twsites.com.br\/novomigcenter\/index.php?rest_route=%2Fwp%2Fv2%2Fproduct_tag&post=10996"}],"curies":[{"name":"wp","href":"https:\/\/api.w.org\/{rel}","templated":true}]}}