{"id":10998,"date":"2017-02-13T14:40:04","date_gmt":"2017-02-13T14:40:04","guid":{"rendered":"https:\/\/twsites.com.br\/novomigcenter\/?product=cafeteira-pro-cip20-consercaf"},"modified":"2017-02-13T14:40:04","modified_gmt":"2017-02-13T14:40:04","slug":"cafeteira-pro-cip20-consercaf","status":"publish","type":"product","link":"https:\/\/twsites.com.br\/novomigcenter\/?product=cafeteira-pro-cip20-consercaf","title":{"rendered":"Cafeteira Pro CIP20 &#8211; ConserCaf"},"content":{"rendered":"<p><span style=\"font-weight: bold; font-size: 14px;\"><font face=\"Arial\">Descri\u00e7\u00e3o do Produto<\/font><\/span><\/p>\n<p><span style=\"font-size: 14px;\"><font face=\"Arial\">As cafeteiras da linha PRO Consercaf s\u00e3o destinadas para uso industrial, sendo muito requisitadas para montagem das maiores cozinhas industriais nos mais variados setores, como grandes f\u00e1bricas, grandes torrefa\u00e7\u00f5es de caf\u00e9 e at\u00e9 mesmo grandes redes da hotelaria.<\/font><\/span><\/p>\n<p><span style=\"font-size: 14px;\"><font face=\"Arial\">O melhor custo-benef\u00edcio, desempenho superior e qualidade incompar\u00e1vel fazem da linha PRO Consercaf a escolha ideal para cozinhas industriais.<\/font><\/span><\/p>\n<p><span style=\"font-weight: bold; font-size: 14px;\"><font face=\"Arial\">Linha PRO Retangular<\/font><\/span><\/p>\n<p><span style=\"font-size: 14px;\"><font face=\"Arial\">A linha PRO Retangular Consercaf \u00e9 constitu\u00edda por cafeteiras industriais de formato retangular, com dois reservat\u00f3rios para caf\u00e9 ou ch\u00e1.<\/font><\/span><\/p>\n<p><span style=\"font-size: 14px;\"><font face=\"Arial\">\u00c9 e toda fabricada em a\u00e7o inox 430 com reservat\u00f3rios em a\u00e7o inox 304 e acabamento escovado.<\/font><\/span><\/p>\n<p><span style=\"font-size: 14px;\"><font face=\"Arial\">Est\u00e1 dispon\u00edvel em 4 modelos, 20, 30, 40 e 50 litros de caf\u00e9 ou ch\u00e1<\/font><\/span><\/p>\n<p><font face=\"Arial\"><br \/><\/font><\/p>\n<table class=\"table table-bordered\" style=\"background-color: rgb(255, 255, 255); width: 1440px;\">\n<tbody>\n<tr>\n<td><span style=\"font-size: 14px;\"><font face=\"Arial\">Constru\u00e7\u00e3o<\/font><\/span><\/td>\n<td><span style=\"font-size: 14px;\"><font face=\"Arial\">A\u00e7o Inox 430 com reservat\u00f3rios em a\u00e7o inox 304<\/font><\/span><\/td>\n<\/tr>\n<tr>\n<td><span style=\"font-size: 14px;\"><font face=\"Arial\">Acabamento<\/font><\/span><\/td>\n<td><span style=\"font-size: 14px;\"><font face=\"Arial\">Escovado<\/font><\/span><\/td>\n<\/tr>\n<tr>\n<td><span style=\"font-size: 14px;\"><font face=\"Arial\">Indica\u00e7\u00e3o<\/font><\/span><\/td>\n<td><span style=\"font-size: 14px;\"><font face=\"Arial\">Cozinhas Industriais<\/font><\/span><\/td>\n<\/tr>\n<tr>\n<td><span style=\"font-size: 14px;\"><font face=\"Arial\">Reservat\u00f3rios<\/font><\/span><\/td>\n<td><span style=\"font-size: 14px;\"><font face=\"Arial\">02 &#8211; dois<\/font><\/span><\/td>\n<\/tr>\n<tr>\n<td><span style=\"font-size: 14px;\"><font face=\"Arial\">Itens Inclusos<\/font><\/span><\/td>\n<td><span style=\"font-size: 14px;\"><font face=\"Arial\">Cafeteira, aros, 4 coadores, certificado de garantia, manual<\/font><\/span><\/td>\n<\/tr>\n<tr>\n<td><span style=\"font-size: 14px;\"><font face=\"Arial\">Observa\u00e7\u00f5es<\/font><\/span><\/td>\n<td><span style=\"font-size: 14px;\"><font face=\"Arial\">Este produto n\u00e3o \u00e9 destinado paras uso com leite.<\/font><\/span><\/td>\n<\/tr>\n<tr>\n<td><span style=\"font-size: 14px;\"><font face=\"Arial\">Largura (mm)<\/font><\/span><\/td>\n<td><span style=\"font-size: 14px;\"><font face=\"Arial\">520<\/font><\/span><\/td>\n<\/tr>\n<tr>\n<td><span style=\"font-size: 14px;\"><font face=\"Arial\">Altura (mm)<\/font><\/span><\/td>\n<td><span style=\"font-size: 14px;\"><font face=\"Arial\">710<\/font><\/span><\/td>\n<\/tr>\n<tr>\n<td><span style=\"font-size: 14px;\"><font face=\"Arial\">Profundidade (mm)<\/font><\/span><\/td>\n<td><span style=\"font-size: 14px;\"><font face=\"Arial\">280<\/font><\/span><\/td>\n<\/tr>\n<tr>\n<td><span style=\"font-size: 14px;\"><font face=\"Arial\">\u00c1gua (L)<\/font><\/span><\/td>\n<td>\n<p><span style=\"font-size: 14px;\"><font face=\"Arial\">45<\/font><\/span><\/p>\n<\/td>\n<\/tr>\n<tr>\n<td><span style=\"font-size: 14px;\"><font face=\"Arial\">Caf\u00e9 (L)<\/font><\/span><\/td>\n<td>\n<p><span style=\"font-size: 14px;\"><font face=\"Arial\">20<\/font><\/span><\/p>\n<\/td>\n<\/tr>\n<tr>\n<td><span style=\"font-size: 14px;\"><font face=\"Arial\">Pot\u00eancia (W)<\/font><\/span><\/td>\n<td>\n<p><span style=\"font-size: 14px;\"><font face=\"Arial\">4000<\/font><\/span><\/p>\n<\/td>\n<\/tr>\n<tr>\n<td><span style=\"font-size: 14px;\"><font face=\"Arial\">Consumo (kW\/h)<\/font><\/span><\/td>\n<td>\n<p><span style=\"font-size: 14px;\"><font face=\"Arial\">4,0<\/font><\/span><\/p>\n<\/td>\n<\/tr>\n<\/tbody>\n<\/table>\n","protected":false},"excerpt":{"rendered":"<p>Descri\u00e7\u00e3o do Produto As cafeteiras da linha PRO Consercaf s\u00e3o destinadas para uso industrial, sendo muito requisitadas para montagem das maiores cozinhas industriais nos mais variados setores, como grandes f\u00e1bricas, grandes torrefa\u00e7\u00f5es de caf\u00e9 e at\u00e9 mesmo grandes redes da hotelaria. O melhor custo-benef\u00edcio, desempenho superior e qualidade incompar\u00e1vel fazem da linha PRO Consercaf a [&hellip;]<\/p>\n","protected":false},"featured_media":10997,"comment_status":"open","ping_status":"closed","template":"","meta":[],"product_brand":[],"product_cat":[299],"product_tag":[],"class_list":{"0":"post-10998","1":"product","2":"type-product","3":"status-publish","4":"has-post-thumbnail","6":"product_cat-cafeteira","8":"first","9":"instock","10":"shipping-taxable","11":"purchasable","12":"product-type-simple"},"_links":{"self":[{"href":"https:\/\/twsites.com.br\/novomigcenter\/index.php?rest_route=\/wp\/v2\/product\/10998","targetHints":{"allow":["GET"]}}],"collection":[{"href":"https:\/\/twsites.com.br\/novomigcenter\/index.php?rest_route=\/wp\/v2\/product"}],"about":[{"href":"https:\/\/twsites.com.br\/novomigcenter\/index.php?rest_route=\/wp\/v2\/types\/product"}],"replies":[{"embeddable":true,"href":"https:\/\/twsites.com.br\/novomigcenter\/index.php?rest_route=%2Fwp%2Fv2%2Fcomments&post=10998"}],"wp:featuredmedia":[{"embeddable":true,"href":"https:\/\/twsites.com.br\/novomigcenter\/index.php?rest_route=\/wp\/v2\/media\/10997"}],"wp:attachment":[{"href":"https:\/\/twsites.com.br\/novomigcenter\/index.php?rest_route=%2Fwp%2Fv2%2Fmedia&parent=10998"}],"wp:term":[{"taxonomy":"product_brand","embeddable":true,"href":"https:\/\/twsites.com.br\/novomigcenter\/index.php?rest_route=%2Fwp%2Fv2%2Fproduct_brand&post=10998"},{"taxonomy":"product_cat","embeddable":true,"href":"https:\/\/twsites.com.br\/novomigcenter\/index.php?rest_route=%2Fwp%2Fv2%2Fproduct_cat&post=10998"},{"taxonomy":"product_tag","embeddable":true,"href":"https:\/\/twsites.com.br\/novomigcenter\/index.php?rest_route=%2Fwp%2Fv2%2Fproduct_tag&post=10998"}],"curies":[{"name":"wp","href":"https:\/\/api.w.org\/{rel}","templated":true}]}}