{"id":11002,"date":"2017-02-13T15:36:50","date_gmt":"2017-02-13T15:36:50","guid":{"rendered":"https:\/\/twsites.com.br\/novomigcenter\/?product=cafeteira-pro-cip40-consercaf"},"modified":"2017-02-13T15:36:50","modified_gmt":"2017-02-13T15:36:50","slug":"cafeteira-pro-cip40-consercaf","status":"publish","type":"product","link":"https:\/\/twsites.com.br\/novomigcenter\/?product=cafeteira-pro-cip40-consercaf","title":{"rendered":"Cafeteira Pro CIP40 &#8211; ConserCaf"},"content":{"rendered":"<p><span style=\"font-weight: bold; font-size: 14px;\"><font face=\"Arial\">Descri\u00e7\u00e3o do Produto<\/font><\/span><\/p>\n<p><font face=\"Arial\"><span style=\"font-size: 14px;\">As cafeteiras da linha PRO Consercaf s\u00e3o destinadas para uso industrial, sendo muito requisitadas para montagem das maiores cozinhas industriais nos mais variados setores, como grandes f\u00e1bricas, grandes torrefa\u00e7\u00f5es de caf\u00e9 e at\u00e9 mesmo grandes redes da hotelaria.<\/span><\/font><\/p>\n<p><font face=\"Arial\"><span style=\"font-size: 14px;\">O melhor custo-benef\u00edcio, desempenho superior e qualidade incompar\u00e1vel fazem da linha PRO Consercaf a escolha ideal para cozinhas industriais.<\/span><\/font><\/p>\n<p><span style=\"font-weight: bold; font-size: 14px;\"><font face=\"Arial\">Linha PRO Retangular<\/font><\/span><\/p>\n<p><font face=\"Arial\"><span style=\"font-size: 14px;\">A linha PRO Retangular Consercaf \u00e9 constitu\u00edda por cafeteiras industriais de formato retangular, com dois reservat\u00f3rios para caf\u00e9 ou ch\u00e1.<\/span><\/font><\/p>\n<p><font face=\"Arial\"><span style=\"font-size: 14px;\">\u00c9 e toda fabricada em a\u00e7o inox 430 com reservat\u00f3rios em a\u00e7o inox 304 e acabamento escovado.<\/span><\/font><\/p>\n<p><font face=\"Arial\"><span style=\"font-size: 14px;\">Est\u00e1 dispon\u00edvel em 4 modelos, 20, 30, 40 e 50 litros de caf\u00e9 ou ch\u00e1.<\/span><\/font><\/p>\n<p><font face=\"Arial\"><br \/><\/font><\/p>\n<table class=\"table table-bordered\" style=\"background-color: rgb(255, 255, 255); width: 1440px;\">\n<tbody>\n<tr>\n<td><font face=\"Arial\"><span style=\"font-size: 14px;\">Constru\u00e7\u00e3o<\/span><\/font><\/td>\n<td><font face=\"Arial\"><span style=\"font-size: 14px;\">A\u00e7o Inox 430 com reservat\u00f3rios em a\u00e7o inox 304<\/span><\/font><\/td>\n<\/tr>\n<tr>\n<td><font face=\"Arial\"><span style=\"font-size: 14px;\">Acabamento<\/span><\/font><\/td>\n<td><font face=\"Arial\"><span style=\"font-size: 14px;\">Escovado<\/span><\/font><\/td>\n<\/tr>\n<tr>\n<td><font face=\"Arial\"><span style=\"font-size: 14px;\">Indica\u00e7\u00e3o<\/span><\/font><\/td>\n<td><font face=\"Arial\"><span style=\"font-size: 14px;\">Cozinhas Industriais<\/span><\/font><\/td>\n<\/tr>\n<tr>\n<td><font face=\"Arial\"><span style=\"font-size: 14px;\">Reservat\u00f3rios<\/span><\/font><\/td>\n<td><font face=\"Arial\"><span style=\"font-size: 14px;\">02 &#8211; dois<\/span><\/font><\/td>\n<\/tr>\n<tr>\n<td><font face=\"Arial\"><span style=\"font-size: 14px;\">Itens Inclusos<\/span><\/font><\/td>\n<td><font face=\"Arial\"><span style=\"font-size: 14px;\">Cafeteira, aros, 4 coadores, certificado de garantia, manual<\/span><\/font><\/td>\n<\/tr>\n<tr>\n<td><font face=\"Arial\"><span style=\"font-size: 14px;\">Observa\u00e7\u00f5es<\/span><\/font><\/td>\n<td><font face=\"Arial\"><span style=\"font-size: 14px;\">Este produto n\u00e3o \u00e9 destinado paras uso com leite.<\/span><\/font><\/td>\n<\/tr>\n<tr>\n<td><font face=\"Arial\"><span style=\"font-size: 14px;\">Largura (mm)<\/span><\/font><\/td>\n<td><font face=\"Arial\"><span style=\"font-size: 14px;\">760<\/span><\/font><\/td>\n<\/tr>\n<tr>\n<td><font face=\"Arial\"><span style=\"font-size: 14px;\">Altura (mm)<\/span><\/font><\/td>\n<td><font face=\"Arial\"><span style=\"font-size: 14px;\">710<\/span><\/font><\/td>\n<\/tr>\n<tr>\n<td><font face=\"Arial\"><span style=\"font-size: 14px;\">Profundidade (mm)<\/span><\/font><\/td>\n<td><font face=\"Arial\"><span style=\"font-size: 14px;\">355<\/span><\/font><\/td>\n<\/tr>\n<tr>\n<td><font face=\"Arial\"><span style=\"font-size: 14px;\">\u00c1gua (L)<\/span><\/font><\/td>\n<td>\n<p><font face=\"Arial\"><span style=\"font-size: 14px;\">90<\/span><\/font><\/p>\n<\/td>\n<\/tr>\n<tr>\n<td><font face=\"Arial\"><span style=\"font-size: 14px;\">Caf\u00e9 (L)<\/span><\/font><\/td>\n<td>\n<p><font face=\"Arial\"><span style=\"font-size: 14px;\">40<\/span><\/font><\/p>\n<\/td>\n<\/tr>\n<tr>\n<td><font face=\"Arial\"><span style=\"font-size: 14px;\">Pot\u00eancia (W)<\/span><\/font><\/td>\n<td>\n<p><font face=\"Arial\"><span style=\"font-size: 14px;\">6000<\/span><\/font><\/p>\n<\/td>\n<\/tr>\n<tr>\n<td><font face=\"Arial\"><span style=\"font-size: 14px;\">Consumo (kW\/h)<\/span><\/font><\/td>\n<td>\n<p><font face=\"Arial\"><span style=\"font-size: 14px;\">6,0<\/span><\/font><\/p>\n<\/td>\n<\/tr>\n<\/tbody>\n<\/table>\n","protected":false},"excerpt":{"rendered":"<p>Descri\u00e7\u00e3o do Produto As cafeteiras da linha PRO Consercaf s\u00e3o destinadas para uso industrial, sendo muito requisitadas para montagem das maiores cozinhas industriais nos mais variados setores, como grandes f\u00e1bricas, grandes torrefa\u00e7\u00f5es de caf\u00e9 e at\u00e9 mesmo grandes redes da hotelaria. O melhor custo-benef\u00edcio, desempenho superior e qualidade incompar\u00e1vel fazem da linha PRO Consercaf a [&hellip;]<\/p>\n","protected":false},"featured_media":11001,"comment_status":"open","ping_status":"closed","template":"","meta":[],"product_brand":[],"product_cat":[299],"product_tag":[],"class_list":{"0":"post-11002","1":"product","2":"type-product","3":"status-publish","4":"has-post-thumbnail","6":"product_cat-cafeteira","8":"first","9":"instock","10":"shipping-taxable","11":"purchasable","12":"product-type-simple"},"_links":{"self":[{"href":"https:\/\/twsites.com.br\/novomigcenter\/index.php?rest_route=\/wp\/v2\/product\/11002","targetHints":{"allow":["GET"]}}],"collection":[{"href":"https:\/\/twsites.com.br\/novomigcenter\/index.php?rest_route=\/wp\/v2\/product"}],"about":[{"href":"https:\/\/twsites.com.br\/novomigcenter\/index.php?rest_route=\/wp\/v2\/types\/product"}],"replies":[{"embeddable":true,"href":"https:\/\/twsites.com.br\/novomigcenter\/index.php?rest_route=%2Fwp%2Fv2%2Fcomments&post=11002"}],"wp:featuredmedia":[{"embeddable":true,"href":"https:\/\/twsites.com.br\/novomigcenter\/index.php?rest_route=\/wp\/v2\/media\/11001"}],"wp:attachment":[{"href":"https:\/\/twsites.com.br\/novomigcenter\/index.php?rest_route=%2Fwp%2Fv2%2Fmedia&parent=11002"}],"wp:term":[{"taxonomy":"product_brand","embeddable":true,"href":"https:\/\/twsites.com.br\/novomigcenter\/index.php?rest_route=%2Fwp%2Fv2%2Fproduct_brand&post=11002"},{"taxonomy":"product_cat","embeddable":true,"href":"https:\/\/twsites.com.br\/novomigcenter\/index.php?rest_route=%2Fwp%2Fv2%2Fproduct_cat&post=11002"},{"taxonomy":"product_tag","embeddable":true,"href":"https:\/\/twsites.com.br\/novomigcenter\/index.php?rest_route=%2Fwp%2Fv2%2Fproduct_tag&post=11002"}],"curies":[{"name":"wp","href":"https:\/\/api.w.org\/{rel}","templated":true}]}}